{"id":709405,"date":"2025-08-27T16:24:35","date_gmt":"2025-08-27T13:24:35","guid":{"rendered":"https:\/\/roveyayinevi.com.tr\/index.php\/urun\/satranc-11\/"},"modified":"2026-04-16T02:18:04","modified_gmt":"2026-04-15T23:18:04","slug":"satranc-11","status":"publish","type":"product","link":"https:\/\/roveyayinevi.com.tr\/index.php\/urun\/satranc-11\/","title":{"rendered":"Satran\u00e7"},"content":{"rendered":"<p>New York\u2019tan Buenos Aires\u2019e giden bir yolcu gemisinde ba\u015flar Satran\u00e7. Yolcular aras\u0131nda bulunan bir milyoner, d\u00fcnya satran\u00e7 \u015fampiyonu Mirko Czentovic\u2019e, para kar\u015f\u0131l\u0131\u011f\u0131nda satran\u00e7 oynamay\u0131 \u00f6nerir. \u0130kisinin oyununu izleyen Avusturyal\u0131 Dr. B., oyun s\u0131ras\u0131nda kendine h\u00e2kim olamay\u0131p oyuna dahil olunca, Mirko Czentovic\u2019le kar\u015f\u0131la\u015fmas\u0131 \u00f6nerilir kendisine. Gestapo taraf\u0131ndan bir otel odas\u0131nda tecrit edilen, yaln\u0131zca sorgulama i\u00e7in buradan \u00e7\u0131kar\u0131lan Dr. B., bir g\u00fcn rastlant\u0131 sonucu gizlice eline ge\u00e7irdi\u011fi bir kitaptan bu oyunun b\u00fct\u00fcn inceliklerini \u00f6\u011frenmi\u015ftir. B\u00fct\u00fcn oyunlar\u0131 ezberlemi\u015f, kafas\u0131nda yepyeni oyunlar kurmu\u015f, hayat\u0131n\u0131 satran\u00e7la doldurmu\u015ftur. Tecritte ak\u0131l sa\u011fl\u0131\u011f\u0131n\u0131 korumay\u0131 ancak b\u00f6yle ba\u015farm\u0131\u015fsa da bu u\u011fra\u015f\u0131 sinir krizi ge\u00e7irmesini engelleyemez: Mirko Czentovic\u2019le kar\u015f\u0131la\u015fmalar\u0131yla bu gerilimli \u00f6yk\u00fc doruk noktas\u0131na ula\u015f\u0131r.Stefan Zweig, Satran\u00e7\u2019\u0131 Brezilya\u2019da s\u00fcrg\u00fcndeyken kaleme alm\u0131\u015f ve \u015eubat 1942\u2019deki intihar\u0131ndan birka\u00e7 ay \u00f6nce tamamlam\u0131\u015ft\u0131r. \u0130nsan ruhunun karanl\u0131k labirentlerinde dola\u015fan bu uzun \u00f6yk\u00fc, girift karakterleri ve psikolojik analizleriyle nasyonal sosyalizme ve fa\u015fizme y\u00f6neltilmi\u015f g\u00fc\u00e7l\u00fc bir ele\u015ftiridir. <\/p>\n","protected":false},"excerpt":{"rendered":"<p>New York\u2019tan Buenos Aires\u2019e giden bir yolcu gemisinde ba\u015flar Satran\u00e7. Yolcular aras\u0131nda bulunan bir milyoner, d\u00fcnya satran\u00e7 \u015fampiyonu Mirko Czentovic\u2019e, para kar\u015f\u0131l\u0131\u011f\u0131nda satran\u00e7 oynamay\u0131 \u00f6nerir. \u0130kisinin<span class=\"excerpt-hellip\"> [\u2026]<\/span><\/p>\n","protected":false},"featured_media":0,"template":"","meta":{"_monsterinsights_skip_tracking":false,"_monsterinsights_sitenote_active":false,"_monsterinsights_sitenote_note":"","_monsterinsights_sitenote_category":0},"product_brand":[],"product_cat":[12782,12291],"product_tag":[],"class_list":{"0":"post-709405","1":"product","2":"type-product","3":"status-publish","5":"product_cat-alman-edebiyati","6":"product_cat-edebiyat","7":"pa_cilt-ciltsiz","8":"pa_tur-kitap","9":"pa_yayinevi-timas-yayinlari","10":"pa_yazar-stefan-zweig","12":"first","13":"instock","14":"sale","15":"shipping-taxable","16":"purchasable","17":"product-type-simple"},"_links":{"self":[{"href":"https:\/\/roveyayinevi.com.tr\/index.php\/wp-json\/wp\/v2\/product\/709405","targetHints":{"allow":["GET"]}}],"collection":[{"href":"https:\/\/roveyayinevi.com.tr\/index.php\/wp-json\/wp\/v2\/product"}],"about":[{"href":"https:\/\/roveyayinevi.com.tr\/index.php\/wp-json\/wp\/v2\/types\/product"}],"wp:attachment":[{"href":"https:\/\/roveyayinevi.com.tr\/index.php\/wp-json\/wp\/v2\/media?parent=709405"}],"wp:term":[{"taxonomy":"product_brand","embeddable":true,"href":"https:\/\/roveyayinevi.com.tr\/index.php\/wp-json\/wp\/v2\/product_brand?post=709405"},{"taxonomy":"product_cat","embeddable":true,"href":"https:\/\/roveyayinevi.com.tr\/index.php\/wp-json\/wp\/v2\/product_cat?post=709405"},{"taxonomy":"product_tag","embeddable":true,"href":"https:\/\/roveyayinevi.com.tr\/index.php\/wp-json\/wp\/v2\/product_tag?post=709405"}],"curies":[{"name":"wp","href":"https:\/\/api.w.org\/{rel}","templated":true}]}}