{"id":709404,"date":"2025-08-27T16:24:35","date_gmt":"2025-08-27T13:24:35","guid":{"rendered":"https:\/\/roveyayinevi.com.tr\/index.php\/urun\/kokler-ve-kanatlar\/"},"modified":"2026-04-16T02:18:04","modified_gmt":"2026-04-15T23:18:04","slug":"kokler-ve-kanatlar","status":"publish","type":"product","link":"https:\/\/roveyayinevi.com.tr\/index.php\/urun\/kokler-ve-kanatlar\/","title":{"rendered":"K\u00f6kler ve Kanatlar"},"content":{"rendered":"<p>\u00c7ocu\u011funuza sa\u011flam bir ki\u015filik kazand\u0131racak K\u00d6KLER, onlar\u0131 ya\u015famda y\u00fckseklere u\u00e7uracak KANATLAR! Sevgi, bir \u00e7ocu\u011fun yeti\u015fmesi i\u00e7in en verimli toprakt\u0131r. G\u00fcven, anneyle ba\u011flanman\u0131n en temel \u015fart\u0131d\u0131r. \u0130li\u015fki, \u00e7ocu\u011fun ruhunu var eden en \u00f6nemli ihtiyac\u0131d\u0131r. Birlikte kaliteli zaman ge\u00e7irmek ili\u015fkinin \u00f6n \u015fart\u0131d\u0131r. Sab\u0131r, g\u00fcvenle geli\u015febilmesi i\u00e7in olmazsa olmazd\u0131r. A\u00e7\u0131kl\u0131k, onun d\u00fcr\u00fcst bir insan olmas\u0131n\u0131 sa\u011flar. Nezaket, her t\u00fcrl\u00fc ili\u015fkisini yoluna koyar. Sorumluluk, onu ayakta tutar. D\u00fczen, hayat\u0131n\u0131 kolayla\u015ft\u0131r\u0131r. Ba\u015far\u0131, ona verilenlerin anlaml\u0131 bir sonucudur. Her birini nas\u0131l hayata ge\u00e7ireceksiniz? Hangi engellerle kar\u015f\u0131la\u015fabilir, bu engelleri nas\u0131l yenebilirsiniz? \u00c7ocu\u011funuzu nas\u0131l daha iyi anlayabilirsiniz? \u00c7ocu\u011funuzla ili\u015fkinizi onun geli\u015fmesi i\u00e7in en iyi \u015fekilde nas\u0131l y\u00f6netebilirsiniz? \u0130\u015fte g\u00fc\u00e7l\u00fc ve \u00f6zg\u00fcvenli bir evlat yeti\u015ftirmek i\u00e7in uygulamaya ve sorun \u00e7\u00f6zmeye y\u00f6nelik 10 temel anahtar! <\/p>\n","protected":false},"excerpt":{"rendered":"<p>\u00c7ocu\u011funuza sa\u011flam bir ki\u015filik kazand\u0131racak K\u00d6KLER, onlar\u0131 ya\u015famda y\u00fckseklere u\u00e7uracak KANATLAR! Sevgi, bir \u00e7ocu\u011fun yeti\u015fmesi i\u00e7in en verimli toprakt\u0131r. G\u00fcven, anneyle ba\u011flanman\u0131n en temel \u015fart\u0131d\u0131r. \u0130li\u015fki,<span class=\"excerpt-hellip\"> [\u2026]<\/span><\/p>\n","protected":false},"featured_media":0,"template":"","meta":{"_monsterinsights_skip_tracking":false,"_monsterinsights_sitenote_active":false,"_monsterinsights_sitenote_note":"","_monsterinsights_sitenote_category":0},"product_brand":[],"product_cat":[12679,12357],"product_tag":[],"class_list":{"0":"post-709404","1":"product","2":"type-product","3":"status-publish","5":"product_cat-cocuk-psikolojisi","6":"product_cat-psikoloji","7":"pa_cilt-ciltsiz","8":"pa_tur-kitap","9":"pa_yayinevi-hayykitap","10":"pa_yazar-kudret-eren-yavuz","12":"first","13":"instock","14":"sale","15":"shipping-taxable","16":"purchasable","17":"product-type-simple"},"_links":{"self":[{"href":"https:\/\/roveyayinevi.com.tr\/index.php\/wp-json\/wp\/v2\/product\/709404","targetHints":{"allow":["GET"]}}],"collection":[{"href":"https:\/\/roveyayinevi.com.tr\/index.php\/wp-json\/wp\/v2\/product"}],"about":[{"href":"https:\/\/roveyayinevi.com.tr\/index.php\/wp-json\/wp\/v2\/types\/product"}],"wp:attachment":[{"href":"https:\/\/roveyayinevi.com.tr\/index.php\/wp-json\/wp\/v2\/media?parent=709404"}],"wp:term":[{"taxonomy":"product_brand","embeddable":true,"href":"https:\/\/roveyayinevi.com.tr\/index.php\/wp-json\/wp\/v2\/product_brand?post=709404"},{"taxonomy":"product_cat","embeddable":true,"href":"https:\/\/roveyayinevi.com.tr\/index.php\/wp-json\/wp\/v2\/product_cat?post=709404"},{"taxonomy":"product_tag","embeddable":true,"href":"https:\/\/roveyayinevi.com.tr\/index.php\/wp-json\/wp\/v2\/product_tag?post=709404"}],"curies":[{"name":"wp","href":"https:\/\/api.w.org\/{rel}","templated":true}]}}