{"id":709403,"date":"2025-08-27T16:24:34","date_gmt":"2025-08-27T13:24:34","guid":{"rendered":"https:\/\/roveyayinevi.com.tr\/index.php\/urun\/buzul-cagi\/"},"modified":"2026-04-12T02:21:20","modified_gmt":"2026-04-11T23:21:20","slug":"buzul-cagi","status":"publish","type":"product","link":"https:\/\/roveyayinevi.com.tr\/index.php\/urun\/buzul-cagi\/","title":{"rendered":"Buzul \u00c7a\u011f\u0131"},"content":{"rendered":"<p>Bilgin Adal\u0131\u2019n\u0131n kaleminden, uygarl\u0131k yolculu\u011funda yeni bir macera!Ailelerini ellerinden alan ve ya\u015fad\u0131klar\u0131 co\u011frafyay\u0131 tan\u0131nmaz hale getiren b\u00fcy\u00fck \u00e7\u0131\u011f\u0131n ard\u0131ndan yapayaln\u0131z kalan iki cesur karde\u015fin hik\u00e2yesidir bu&#8230; So\u011fuk ve zorlu k\u0131\u015f\u0131, anne babalar\u0131ndan \u00f6\u011frendikleri hayati bilgilerle sa\u011f salim ge\u00e7iren Orka ve \u015ein\u2019in tek amac\u0131, \u201cg\u00fcne\u015fin do\u011fdu\u011fu yerle batt\u0131\u011f\u0131 yer aras\u0131ndaki\u201d daha s\u0131cak topraklara ve orada ya\u015fayan di\u011fer insanlara ula\u015fmakt\u0131r. Onlar\u0131 \u201cB\u00fcy\u00fck Tuzlu Suyu\u201dyla da tan\u0131\u015ft\u0131racak olan bu uzun ve maceral\u0131 yolculuk, yeni a\u015fklar\u0131n, yeni bir klan\u0131n ve uygarl\u0131k merdivenindeki yeni bir basama\u011f\u0131n m\u00fcjdecisidir. <\/p>\n","protected":false},"excerpt":{"rendered":"<p>Bilgin Adal\u0131\u2019n\u0131n kaleminden, uygarl\u0131k yolculu\u011funda yeni bir macera!Ailelerini ellerinden alan ve ya\u015fad\u0131klar\u0131 co\u011frafyay\u0131 tan\u0131nmaz hale getiren b\u00fcy\u00fck \u00e7\u0131\u011f\u0131n ard\u0131ndan yapayaln\u0131z kalan iki cesur karde\u015fin hik\u00e2yesidir bu&#8230;<span class=\"excerpt-hellip\"> [\u2026]<\/span><\/p>\n","protected":false},"featured_media":0,"template":"","meta":{"_monsterinsights_skip_tracking":false,"_monsterinsights_sitenote_active":false,"_monsterinsights_sitenote_note":"","_monsterinsights_sitenote_category":0},"product_brand":[],"product_cat":[12274,12284],"product_tag":[],"class_list":{"0":"post-709403","1":"product","2":"type-product","3":"status-publish","5":"product_cat-cocuk-ve-genclik-kitaplari","6":"product_cat-hikayeler","7":"pa_cilt-ciltsiz","8":"pa_tur-kitap","9":"pa_yayinevi-yapi-kredi-yayinlari","10":"pa_yazar-bilgin-adali","12":"first","13":"instock","14":"sale","15":"shipping-taxable","16":"purchasable","17":"product-type-simple"},"_links":{"self":[{"href":"https:\/\/roveyayinevi.com.tr\/index.php\/wp-json\/wp\/v2\/product\/709403","targetHints":{"allow":["GET"]}}],"collection":[{"href":"https:\/\/roveyayinevi.com.tr\/index.php\/wp-json\/wp\/v2\/product"}],"about":[{"href":"https:\/\/roveyayinevi.com.tr\/index.php\/wp-json\/wp\/v2\/types\/product"}],"wp:attachment":[{"href":"https:\/\/roveyayinevi.com.tr\/index.php\/wp-json\/wp\/v2\/media?parent=709403"}],"wp:term":[{"taxonomy":"product_brand","embeddable":true,"href":"https:\/\/roveyayinevi.com.tr\/index.php\/wp-json\/wp\/v2\/product_brand?post=709403"},{"taxonomy":"product_cat","embeddable":true,"href":"https:\/\/roveyayinevi.com.tr\/index.php\/wp-json\/wp\/v2\/product_cat?post=709403"},{"taxonomy":"product_tag","embeddable":true,"href":"https:\/\/roveyayinevi.com.tr\/index.php\/wp-json\/wp\/v2\/product_tag?post=709403"}],"curies":[{"name":"wp","href":"https:\/\/api.w.org\/{rel}","templated":true}]}}