{"id":709402,"date":"2025-08-27T16:24:34","date_gmt":"2025-08-27T13:24:34","guid":{"rendered":"https:\/\/roveyayinevi.com.tr\/index.php\/urun\/tetikciyi-beklerken\/"},"modified":"2025-10-23T04:16:54","modified_gmt":"2025-10-23T01:16:54","slug":"tetikciyi-beklerken","status":"publish","type":"product","link":"https:\/\/roveyayinevi.com.tr\/index.php\/urun\/tetikciyi-beklerken\/","title":{"rendered":"Tetik\u00e7iyi Beklerken"},"content":{"rendered":"<p>Bu derleme \u015eavkar Alt\u0131nel\u2019in y\u0131llar i\u00e7inde \u00e7e\u015fitli yay\u0131n organlar\u0131nda yay\u0131mlan\u0131p kitapla\u015fmadan kalm\u0131\u015f yaz\u0131lar\u0131ndan bir b\u00f6l\u00fcm\u00fcn\u00fc bir araya getiriyor. Okumakta ne buldu\u011fumuzdan Mississippi\u2019nin Amerikan k\u00fclt\u00fcr\u00fcndeki yerine, \u0130stanbul\u2019u anlatan yabanc\u0131 yazarlardan \u00f6lmeye haz\u0131rlanan \u00f6r\u00fcmceklere, Philip Larkin\u2019in son g\u00fcnlerinden Herg\u00e9\u2019nin Tenten Tibet\u2019te ile ula\u015ft\u0131\u011f\u0131 doru\u011fa uzanan b\u00fcy\u00fcleyici yolculukta, Alt\u0131nel\u2019in hayata ve edebiyata bak\u0131\u015f\u0131 her zamankinden duru ve net bir \u015fekilde sergileniyor. <\/p>\n","protected":false},"excerpt":{"rendered":"<p>Bu derleme \u015eavkar Alt\u0131nel\u2019in y\u0131llar i\u00e7inde \u00e7e\u015fitli yay\u0131n organlar\u0131nda yay\u0131mlan\u0131p kitapla\u015fmadan kalm\u0131\u015f yaz\u0131lar\u0131ndan bir b\u00f6l\u00fcm\u00fcn\u00fc bir araya getiriyor. Okumakta ne buldu\u011fumuzdan Mississippi\u2019nin Amerikan k\u00fclt\u00fcr\u00fcndeki yerine, \u0130stanbul\u2019u<span class=\"excerpt-hellip\"> [\u2026]<\/span><\/p>\n","protected":false},"featured_media":0,"template":"","meta":{"_monsterinsights_skip_tracking":false,"_monsterinsights_sitenote_active":false,"_monsterinsights_sitenote_note":"","_monsterinsights_sitenote_category":0},"product_brand":[],"product_cat":[12777,12291],"product_tag":[],"class_list":{"0":"post-709402","1":"product","2":"type-product","3":"status-publish","5":"product_cat-deneme","6":"product_cat-edebiyat","7":"pa_cilt-ciltsiz","8":"pa_tur-kitap","9":"pa_yayinevi-yapi-kredi-yayinlari","10":"pa_yazar-savkar-altinel","12":"first","13":"instock","14":"sale","15":"shipping-taxable","16":"purchasable","17":"product-type-simple"},"_links":{"self":[{"href":"https:\/\/roveyayinevi.com.tr\/index.php\/wp-json\/wp\/v2\/product\/709402","targetHints":{"allow":["GET"]}}],"collection":[{"href":"https:\/\/roveyayinevi.com.tr\/index.php\/wp-json\/wp\/v2\/product"}],"about":[{"href":"https:\/\/roveyayinevi.com.tr\/index.php\/wp-json\/wp\/v2\/types\/product"}],"wp:attachment":[{"href":"https:\/\/roveyayinevi.com.tr\/index.php\/wp-json\/wp\/v2\/media?parent=709402"}],"wp:term":[{"taxonomy":"product_brand","embeddable":true,"href":"https:\/\/roveyayinevi.com.tr\/index.php\/wp-json\/wp\/v2\/product_brand?post=709402"},{"taxonomy":"product_cat","embeddable":true,"href":"https:\/\/roveyayinevi.com.tr\/index.php\/wp-json\/wp\/v2\/product_cat?post=709402"},{"taxonomy":"product_tag","embeddable":true,"href":"https:\/\/roveyayinevi.com.tr\/index.php\/wp-json\/wp\/v2\/product_tag?post=709402"}],"curies":[{"name":"wp","href":"https:\/\/api.w.org\/{rel}","templated":true}]}}