{"id":709401,"date":"2025-08-27T16:24:33","date_gmt":"2025-08-27T13:24:33","guid":{"rendered":"https:\/\/roveyayinevi.com.tr\/index.php\/urun\/dusuncelerin-aynasi\/"},"modified":"2025-11-22T04:12:10","modified_gmt":"2025-11-22T01:12:10","slug":"dusuncelerin-aynasi","status":"publish","type":"product","link":"https:\/\/roveyayinevi.com.tr\/index.php\/urun\/dusuncelerin-aynasi\/","title":{"rendered":"D\u00fc\u015f\u00fcncelerin Aynas\u0131"},"content":{"rendered":"<p>\u00c7a\u011fda\u015f Avrupa yaz\u0131n\u0131n\u0131 sadece romanlar\u0131yla de\u011fil d\u00fcz yaz\u0131lar\u0131yla da cendereye alan Michel Tournier\u2019den (1924-2016) ufuk a\u00e7\u0131c\u0131 bir deneme: D\u00fc\u015f\u00fcncelerin Aynas\u0131. \u2018\u2018Tuz\u2019\u2019un olgunluk simgesi bilgeli\u011finden \u2018\u2018\u015feker\u2019\u2019in \u00e7ocuksu yananlam\u0131na, \u2018\u2018banyo\u2019\u2019nun yatay konumundan \u2018\u2018du\u015f\u2019\u2019un dikey konumuna, \u2018\u2018hayvan\u2019\u2019\u0131n devingenli\u011fin\u00acden \u2018\u2018bitki\u2019\u2019nin dura\u011fanl\u0131\u011f\u0131na, \u2018\u2018demiryolu\u2019\u2019nun d\u00fczen\u00aclili\u011finden \u2018\u2018karayolu\u2019\u2019nun esnekli\u011fine var\u0131ncaya dek, al\u0131nt\u0131larla zenginle\u015ftirilmi\u015f 116 anahtar-kavram. Bu ikili y\u00f6ntem ola\u011fan\u00fcst\u00fc verimli oldu, t\u00fcm kitab\u0131n ondan \u00e7\u0131kt\u0131\u011f\u0131 s\u00f6ylenebilir. Hani bir kavram tek ba\u015f\u0131na d\u00fc\u015f\u00fcnceye delemedi\u011fi kaygan bir y\u00fczey sunuyormu\u015f\u00e7as\u0131na. Buna kar\u015f\u0131l\u0131k, kavram kar\u015f\u0131t\u0131yla birlikte ele al\u0131nd\u0131\u011f\u0131nda, patl\u0131yor ya da saydamla\u015f\u0131yor, i\u00e7 yap\u0131s\u0131n\u0131 g\u00f6steriyor. K\u00fclt\u00fcr y\u0131k\u0131c\u0131 g\u00fcc\u00fcn\u00fc ancak uygarl\u0131\u011f\u0131n kar\u015f\u0131s\u0131nda a\u00e7\u0131\u011fa vuruyor. Bo\u011fan\u0131n boynu at\u0131n sa\u011fr\u0131s\u0131n\u0131 g\u00f6zler \u00f6n\u00fcne seriyor. Ka\u015f\u0131k ana\u00e7 tatl\u0131l\u0131\u011f\u0131n\u0131 \u00e7atal sayesinde ortaya koyuyor. Ay bize ne oldu\u011funu g\u00fcne\u015fin aln\u0131nda s\u00f6yl\u00fcyor&#8230; <\/p>\n","protected":false},"excerpt":{"rendered":"<p>\u00c7a\u011fda\u015f Avrupa yaz\u0131n\u0131n\u0131 sadece romanlar\u0131yla de\u011fil d\u00fcz yaz\u0131lar\u0131yla da cendereye alan Michel Tournier\u2019den (1924-2016) ufuk a\u00e7\u0131c\u0131 bir deneme: D\u00fc\u015f\u00fcncelerin Aynas\u0131. \u2018\u2018Tuz\u2019\u2019un olgunluk simgesi bilgeli\u011finden \u2018\u2018\u015feker\u2019\u2019in \u00e7ocuksu<span class=\"excerpt-hellip\"> [\u2026]<\/span><\/p>\n","protected":false},"featured_media":0,"template":"","meta":{"_monsterinsights_skip_tracking":false,"_monsterinsights_sitenote_active":false,"_monsterinsights_sitenote_note":"","_monsterinsights_sitenote_category":0},"product_brand":[],"product_cat":[12777,12291],"product_tag":[],"class_list":{"0":"post-709401","1":"product","2":"type-product","3":"status-publish","5":"product_cat-deneme","6":"product_cat-edebiyat","7":"pa_cilt-ciltsiz","8":"pa_tur-kitap","9":"pa_yayinevi-yapi-kredi-yayinlari","10":"pa_yazar-michel-tournier","12":"first","13":"instock","14":"sale","15":"shipping-taxable","16":"purchasable","17":"product-type-simple"},"_links":{"self":[{"href":"https:\/\/roveyayinevi.com.tr\/index.php\/wp-json\/wp\/v2\/product\/709401","targetHints":{"allow":["GET"]}}],"collection":[{"href":"https:\/\/roveyayinevi.com.tr\/index.php\/wp-json\/wp\/v2\/product"}],"about":[{"href":"https:\/\/roveyayinevi.com.tr\/index.php\/wp-json\/wp\/v2\/types\/product"}],"wp:attachment":[{"href":"https:\/\/roveyayinevi.com.tr\/index.php\/wp-json\/wp\/v2\/media?parent=709401"}],"wp:term":[{"taxonomy":"product_brand","embeddable":true,"href":"https:\/\/roveyayinevi.com.tr\/index.php\/wp-json\/wp\/v2\/product_brand?post=709401"},{"taxonomy":"product_cat","embeddable":true,"href":"https:\/\/roveyayinevi.com.tr\/index.php\/wp-json\/wp\/v2\/product_cat?post=709401"},{"taxonomy":"product_tag","embeddable":true,"href":"https:\/\/roveyayinevi.com.tr\/index.php\/wp-json\/wp\/v2\/product_tag?post=709401"}],"curies":[{"name":"wp","href":"https:\/\/api.w.org\/{rel}","templated":true}]}}