{"id":709398,"date":"2025-08-27T16:24:32","date_gmt":"2025-08-27T13:24:32","guid":{"rendered":"https:\/\/roveyayinevi.com.tr\/index.php\/urun\/soluk-mavi-nokta\/"},"modified":"2026-04-16T02:18:04","modified_gmt":"2026-04-15T23:18:04","slug":"soluk-mavi-nokta","status":"publish","type":"product","link":"https:\/\/roveyayinevi.com.tr\/index.php\/urun\/soluk-mavi-nokta\/","title":{"rendered":"Soluk Mavi Nokta"},"content":{"rendered":"<p>Carl Sagan, keskin bak\u0131\u015f\u0131n\u0131 Evren\u2019in muhte\u015fem gizemine atm\u0131\u015f ve dahas\u0131 bunu d\u00fcnya genelinde milyonlarca okurun rahatl\u0131kla anlayaca\u011f\u0131 bir a\u00e7\u0131kl\u0131kla dile getirmi\u015fti.  Soluk Mavi Nokta i\u015fte bu ta\u00e7lanm\u0131\u015f \u00e7al\u0131\u015fman\u0131n ad\u0131d\u0131r. \u0130nsan \u0131rk\u0131 nihayet radikal anlamda yeni bir s\u0131n\u0131r b\u00f6lgesine, yani uzay\u0131n s\u0131n\u0131r\u0131na gelip dayand\u0131\u011f\u0131nda, gelecek ku\u015faklar \u00e7a\u011f\u0131m\u0131za ge\u00e7ip gitmi\u015f bir zaman olarak bakacaklard\u0131r. Soluk Mavi Nokta\u2019da Carl Sagan, kozmostaki bu muhte\u015fem yeni tarihimizin izini s\u00fcr\u00fcyor ve g\u00fcne\u015f sistemimizden \u00e7\u0131k\u0131p galaksilerin \u00f6tesindeki mesafelere yol al\u0131rken, bize daha \u00f6nce bir karalt\u0131 gibi g\u00f6r\u00fcnen bu yeni gelece\u011fi anlat\u0131yor. Carl Sagan ba\u015fka d\u00fcnyalar\u0131n ke\u015ffinin ve bu d\u00fcnyalara olas\u0131 yerle\u015fimlerin ne bir fantezi ne de bir l\u00fcks olmad\u0131\u011f\u0131 konusunda \u0131srarc\u0131: elbette insan \u0131rk\u0131n\u0131n hayatta kalmas\u0131 i\u00e7in gerekli olan ko\u015fullar\u0131n da fark\u0131nda olarak s\u00fcrd\u00fcr\u00fclen bir \u0131srar bu&#8230; \u201cM\u00fcthi\u015f ilham verici.\u201d (People) \u201c\u00c7ok g\u00fczel ve dokunakl\u0131&#8230; Duygu ve zekayla desteklenmi\u015f jargonsuz bir dil&#8230; Sagan\u2019\u0131n iyimser hayali&#8230; her b\u00f6l\u00fcmde par\u0131ld\u0131yor.\u201d (Time)   \u201cGiderek geni\u015fleyen uzay yolculu\u011funa ve ke\u015ffine somut ve \u015fiirsel bir bak\u0131\u015f&#8230; Tipik Sagan tarz\u0131yla, savundu\u011fu \u015feyleri muhte\u015fem ve g\u00fczel k\u0131l\u0131yor.\u201d (The San Diego Union-Tribune) \u201cB\u00fcy\u00fcleyici&#8230; [Sagan] evrenin m\u00fcthi\u015f zenginli\u011fine ger\u00e7ekten iman etmi\u015f biriydi, ve her birimizi birer havari haline getirecek.\u201d (Entertainment Weekly) \u201cG\u00fcncel mucizelerle gelecekteki b\u00fcy\u00fck meseleler aras\u0131nda \u00e7ok hararetli bir ba\u011flant\u0131 kuruyor&#8230; Anla\u015f\u0131lmas\u0131 zor do\u011fan\u0131n a\u00e7\u0131kl\u0131\u011fa kavu\u015fturulmas\u0131 ve bilimsel ara\u015ft\u0131rman\u0131n b\u00fcy\u00fcleyicili\u011fi konusunda bundan \u00fcst\u00fcn kitap yok g\u00fcn\u00fcm\u00fczde.\u201d (Scientific American) \u201c[Soluk Mavi Nokta\u2019da,] Galileo, Einstein gibilerin s\u00f6ylev verdi\u011fi bir salon havas\u0131 var.\u201d (Air &amp; Space) \u201cTutkulu, belagatli&#8230; [Sagan] d\u00fc\u015f g\u00fcc\u00fcm\u00fcz\u00fc ate\u015fliyor ve bilimi m\u00fcthi\u015f bir drama d\u00f6n\u00fc\u015ft\u00fcr\u00fcyor.\u201d (Booklist) \u201cBelagatli, co\u015fkulu&#8230; T\u00fcr\u00fcm\u00fcz\u00fcn bu u\u00e7suz bucaks\u0131z aleme a\u00e7\u0131lma cesaretini g\u00f6stermesi ve bir uzay uygarl\u0131\u011f\u0131 kurmas\u0131 gerekti\u011fi yolunda \u00e7ok inand\u0131r\u0131c\u0131 bir tez olu\u015fturuyor.\u201d (Kirkus Reviews) <\/p>\n","protected":false},"excerpt":{"rendered":"<p>Carl Sagan, keskin bak\u0131\u015f\u0131n\u0131 Evren\u2019in muhte\u015fem gizemine atm\u0131\u015f ve dahas\u0131 bunu d\u00fcnya genelinde milyonlarca okurun rahatl\u0131kla anlayaca\u011f\u0131 bir a\u00e7\u0131kl\u0131kla dile getirmi\u015fti. Soluk Mavi Nokta i\u015fte bu<span class=\"excerpt-hellip\"> [\u2026]<\/span><\/p>\n","protected":false},"featured_media":0,"template":"","meta":{"_monsterinsights_skip_tracking":false,"_monsterinsights_sitenote_active":false,"_monsterinsights_sitenote_note":"","_monsterinsights_sitenote_category":0},"product_brand":[],"product_cat":[43754,13005],"product_tag":[],"class_list":{"0":"post-709398","1":"product","2":"type-product","3":"status-publish","5":"product_cat-astronomi","6":"product_cat-bilim-muhendislik","7":"pa_cilt-ciltsiz","8":"pa_tur-kitap","9":"pa_yayinevi-ayrinti-yayinlari","10":"pa_yazar-carl-sagan","12":"first","13":"instock","14":"sale","15":"shipping-taxable","16":"purchasable","17":"product-type-simple"},"_links":{"self":[{"href":"https:\/\/roveyayinevi.com.tr\/index.php\/wp-json\/wp\/v2\/product\/709398","targetHints":{"allow":["GET"]}}],"collection":[{"href":"https:\/\/roveyayinevi.com.tr\/index.php\/wp-json\/wp\/v2\/product"}],"about":[{"href":"https:\/\/roveyayinevi.com.tr\/index.php\/wp-json\/wp\/v2\/types\/product"}],"wp:attachment":[{"href":"https:\/\/roveyayinevi.com.tr\/index.php\/wp-json\/wp\/v2\/media?parent=709398"}],"wp:term":[{"taxonomy":"product_brand","embeddable":true,"href":"https:\/\/roveyayinevi.com.tr\/index.php\/wp-json\/wp\/v2\/product_brand?post=709398"},{"taxonomy":"product_cat","embeddable":true,"href":"https:\/\/roveyayinevi.com.tr\/index.php\/wp-json\/wp\/v2\/product_cat?post=709398"},{"taxonomy":"product_tag","embeddable":true,"href":"https:\/\/roveyayinevi.com.tr\/index.php\/wp-json\/wp\/v2\/product_tag?post=709398"}],"curies":[{"name":"wp","href":"https:\/\/api.w.org\/{rel}","templated":true}]}}