{"id":709397,"date":"2025-08-27T16:24:31","date_gmt":"2025-08-27T13:24:31","guid":{"rendered":"https:\/\/roveyayinevi.com.tr\/index.php\/urun\/elya-seytani\/"},"modified":"2026-04-16T02:18:04","modified_gmt":"2026-04-15T23:18:04","slug":"elya-seytani","status":"publish","type":"product","link":"https:\/\/roveyayinevi.com.tr\/index.php\/urun\/elya-seytani\/","title":{"rendered":"Elya \u015eeytan\u0131"},"content":{"rendered":"<p>Ben Asi\u2026 Kent Soylu lakapl\u0131 Ulu Musa\u2019n\u0131n torunuyum. Edremit\u2019te evrime ve medeniyete kafa tutmu\u015f, Orta \u00c7a\u011f\u2019dan kalma fikirlerin h\u00fck\u00fcm s\u00fcrd\u00fc\u011f\u00fc bir ailenin ferdiyim. Diktat\u00f6r dedem, eksik zek\u00e2l\u0131 kuzenim, egomanyak yengem, yerine g\u00f6re Alzheimer hastas\u0131 veya seksi Madonna\u2019ya d\u00f6n\u00fc\u015febilme kabiliyetine sahip babaannemle beyaz kona\u011f\u0131m\u0131zda, sefil bir ya\u015fam s\u00fcr\u00fcyoruz. Eczac\u0131 k\u0131z\u0131l\u0131mla, az\u0131l\u0131 bir Esra Erol hayran\u0131 annesini de unutmamak laz\u0131m. Yoksa g\u00f6n\u00fcl koyarlar bana\u2026Bu birbirinden de\u011fi\u015fik aile efrad\u0131yla ge\u00e7irdi\u011fim her g\u00fcn, belgesel konusu mahiyetinde. G\u00fczide memleketimin t\u00fcm co\u011frafi b\u00f6lgelerine yetecek ve artacak kadar ar\u0131zal\u0131 insan tan\u0131yorken, mevcut galerime \u00e7ekicilikte s\u0131n\u0131r tan\u0131mayan, yak\u0131\u015f\u0131kl\u0131 bir doktorun eklenmesiyle \u015fimdi durumlar daha da komplike\u2026 <\/p>\n","protected":false},"excerpt":{"rendered":"<p>Ben Asi\u2026 Kent Soylu lakapl\u0131 Ulu Musa\u2019n\u0131n torunuyum. Edremit\u2019te evrime ve medeniyete kafa tutmu\u015f, Orta \u00c7a\u011f\u2019dan kalma fikirlerin h\u00fck\u00fcm s\u00fcrd\u00fc\u011f\u00fc bir ailenin ferdiyim. Diktat\u00f6r dedem, eksik<span class=\"excerpt-hellip\"> [\u2026]<\/span><\/p>\n","protected":false},"featured_media":0,"template":"","meta":{"_monsterinsights_skip_tracking":false,"_monsterinsights_sitenote_active":false,"_monsterinsights_sitenote_note":"","_monsterinsights_sitenote_category":0},"product_brand":[],"product_cat":[12291,12711],"product_tag":[],"class_list":{"0":"post-709397","1":"product","2":"type-product","3":"status-publish","5":"product_cat-edebiyat","6":"product_cat-roman-oyku","7":"pa_cilt-ciltsiz","8":"pa_tur-kitap","9":"pa_yayinevi-ephesus-yayinlari","10":"pa_yazar-hasibe","12":"first","13":"instock","14":"sale","15":"shipping-taxable","16":"purchasable","17":"product-type-simple"},"_links":{"self":[{"href":"https:\/\/roveyayinevi.com.tr\/index.php\/wp-json\/wp\/v2\/product\/709397","targetHints":{"allow":["GET"]}}],"collection":[{"href":"https:\/\/roveyayinevi.com.tr\/index.php\/wp-json\/wp\/v2\/product"}],"about":[{"href":"https:\/\/roveyayinevi.com.tr\/index.php\/wp-json\/wp\/v2\/types\/product"}],"wp:attachment":[{"href":"https:\/\/roveyayinevi.com.tr\/index.php\/wp-json\/wp\/v2\/media?parent=709397"}],"wp:term":[{"taxonomy":"product_brand","embeddable":true,"href":"https:\/\/roveyayinevi.com.tr\/index.php\/wp-json\/wp\/v2\/product_brand?post=709397"},{"taxonomy":"product_cat","embeddable":true,"href":"https:\/\/roveyayinevi.com.tr\/index.php\/wp-json\/wp\/v2\/product_cat?post=709397"},{"taxonomy":"product_tag","embeddable":true,"href":"https:\/\/roveyayinevi.com.tr\/index.php\/wp-json\/wp\/v2\/product_tag?post=709397"}],"curies":[{"name":"wp","href":"https:\/\/api.w.org\/{rel}","templated":true}]}}