{"id":709396,"date":"2025-08-27T16:24:31","date_gmt":"2025-08-27T13:24:31","guid":{"rendered":"https:\/\/roveyayinevi.com.tr\/index.php\/urun\/gorunmez-adam\/"},"modified":"2026-04-16T02:18:04","modified_gmt":"2026-04-15T23:18:04","slug":"gorunmez-adam","status":"publish","type":"product","link":"https:\/\/roveyayinevi.com.tr\/index.php\/urun\/gorunmez-adam\/","title":{"rendered":"G\u00f6r\u00fcnmez Adam"},"content":{"rendered":"<p>So\u011fuk bir k\u0131\u015f g\u00fcn\u00fc, elinde k\u00fc\u00e7\u00fck bir valizle Iping anc\u0131K\u00f6y\u00fc\u2019ne gelen yab y\u00fcz\u00fcn\u00fc ve t\u00fcm v\u00fccudunu saran beyaz sarg\u0131lar\u0131, b\u00fcy\u00fck mavi g\u00f6zl\u00fckleri, f\u00f6tr \u015fapkas\u0131 ve uzun paltosuyla garip bir g\u00f6r\u00fcn\u00fc\u015fe sahiptir. Iping sakinleri, en az g\u00f6r\u00fcn\u00fc\u015f\u00fc kadar garip davran\u0131\u015flar\u0131 da olan yabanc\u0131n\u0131n bir \u015feyler gizledi\u011fini fark edince, ona sorular sormaya ba\u015flarlar. \u015e\u00fcphe ve merak\u0131n i\u00e7 i\u00e7e ge\u00e7ti\u011fi bu sorular, g\u00fcc\u00fcn s\u0131rlar\u0131yla ilgili \u00e7etin bir maceraya davet eder onlar\u0131:G\u00f6r\u00fcnmez biriydim ve g\u00f6r\u00fcnmezli\u011fin bana verdi\u011fi ola\u011fan\u00fcst\u00fc avantajlar\u0131 daha yeni yeni fark etmeye ba\u015fl\u0131yordum. \u015eimdiden kafam\u0131n i\u00e7i art\u0131k \u00f6zg\u00fcrce yapabilece\u011fim t\u00fcm o \u00e7\u0131lg\u0131nca ve m\u00fcthi\u015f \u015feylerin planlar\u0131yla doluydu.H. G. Wells 1897 y\u0131l\u0131nda yazd\u0131\u011f\u0131 bu bilim kurgu roman\u0131nda, g\u00f6r\u00fcnmezli\u011fin s\u0131rr\u0131n\u0131 bulan Dr. Griffin\u2019in ke\u015ffinin nas\u0131l kontrolden \u00e7\u0131kt\u0131\u011f\u0131n\u0131 anlat\u0131rken, toplumun kendinden olmayanlara kar\u015f\u0131 g\u00f6sterdi\u011fi sald\u0131rgan tutumlara da sars\u0131c\u0131 ele\u015ftirilerde bulunuyor. G\u00f6r\u00fcnmez Adam, toplumun d\u0131\u015flad\u0131\u011f\u0131 ve toplumu d\u0131\u015flayan marjinal bir adam\u0131n \u00f6yk\u00fcs\u00fcd\u00fcr; Wells bize, pek \u00e7ok kitab\u0131nda oldu\u011fu gibi, yine \u015funu soruyor: \u201cBa\u015f\u0131n\u0131za b\u00f6yle bir \u015fey gelseydi peki siz ne yapard\u0131n\u0131z?\u201d <\/p>\n","protected":false},"excerpt":{"rendered":"<p>So\u011fuk bir k\u0131\u015f g\u00fcn\u00fc, elinde k\u00fc\u00e7\u00fck bir valizle Iping anc\u0131K\u00f6y\u00fc\u2019ne gelen yab y\u00fcz\u00fcn\u00fc ve t\u00fcm v\u00fccudunu saran beyaz sarg\u0131lar\u0131, b\u00fcy\u00fck mavi g\u00f6zl\u00fckleri, f\u00f6tr \u015fapkas\u0131 ve uzun<span class=\"excerpt-hellip\"> [\u2026]<\/span><\/p>\n","protected":false},"featured_media":0,"template":"","meta":{"_monsterinsights_skip_tracking":false,"_monsterinsights_sitenote_active":false,"_monsterinsights_sitenote_note":"","_monsterinsights_sitenote_category":0},"product_brand":[],"product_cat":[12291,12711],"product_tag":[],"class_list":{"0":"post-709396","1":"product","2":"type-product","3":"status-publish","5":"product_cat-edebiyat","6":"product_cat-roman-oyku","7":"pa_cilt-ciltsiz","8":"pa_tur-kitap","9":"pa_yayinevi-ayrinti-yayinlari","10":"pa_yazar-ayse-belma-dehni","12":"first","13":"instock","14":"sale","15":"shipping-taxable","16":"purchasable","17":"product-type-simple"},"_links":{"self":[{"href":"https:\/\/roveyayinevi.com.tr\/index.php\/wp-json\/wp\/v2\/product\/709396","targetHints":{"allow":["GET"]}}],"collection":[{"href":"https:\/\/roveyayinevi.com.tr\/index.php\/wp-json\/wp\/v2\/product"}],"about":[{"href":"https:\/\/roveyayinevi.com.tr\/index.php\/wp-json\/wp\/v2\/types\/product"}],"wp:attachment":[{"href":"https:\/\/roveyayinevi.com.tr\/index.php\/wp-json\/wp\/v2\/media?parent=709396"}],"wp:term":[{"taxonomy":"product_brand","embeddable":true,"href":"https:\/\/roveyayinevi.com.tr\/index.php\/wp-json\/wp\/v2\/product_brand?post=709396"},{"taxonomy":"product_cat","embeddable":true,"href":"https:\/\/roveyayinevi.com.tr\/index.php\/wp-json\/wp\/v2\/product_cat?post=709396"},{"taxonomy":"product_tag","embeddable":true,"href":"https:\/\/roveyayinevi.com.tr\/index.php\/wp-json\/wp\/v2\/product_tag?post=709396"}],"curies":[{"name":"wp","href":"https:\/\/api.w.org\/{rel}","templated":true}]}}