{"id":709395,"date":"2025-08-27T16:24:30","date_gmt":"2025-08-27T13:24:30","guid":{"rendered":"https:\/\/roveyayinevi.com.tr\/index.php\/urun\/mumi-babanin-anilari\/"},"modified":"2026-04-16T02:18:04","modified_gmt":"2026-04-15T23:18:04","slug":"mumi-babanin-anilari","status":"publish","type":"product","link":"https:\/\/roveyayinevi.com.tr\/index.php\/urun\/mumi-babanin-anilari\/","title":{"rendered":"Mumi Baba&#8217;n\u0131n An\u0131lar\u0131"},"content":{"rendered":"<p>Mumi Vadisi\u2019nin en geni\u015f ailesi olan Mumi ailesi, bu kitapta ge\u00e7mi\u015fe d\u00f6n\u00fcyor ve an\u0131larla haf\u0131zas\u0131n\u0131 tazeliyor. Mumi Baba\u2019n\u0131n y\u0131llard\u0131r \u00fczerinde \u00e7al\u0131\u015ft\u0131\u011f\u0131 an\u0131lar\u0131 sonunda bitmi\u015ftir. Herkes merakla onun maceralar\u0131n\u0131 dinler. Mumi Baba da an\u0131lar\u0131n\u0131 evdekilere okuduk\u00e7a heyecanlan\u0131yor, ya\u015fad\u0131klar\u0131n\u0131 sanki bir bir tekrar ya\u015f\u0131yor. K\u00fc\u00e7\u00fck ya\u015fta Kimsesiz \u00c7ocuklar Yurdu\u2019ndan ka\u00e7mas\u0131, ilk arkada\u015f\u0131n\u0131 edinmesi ve art\u0131k hayat\u0131n\u0131 bir ser\u00fcvenci olarak devam ettirmeye karar vererek maceradan maceraya s\u00fcr\u00fcklenmesi tan\u0131d\u0131k geldi size, de\u011fil mi? Evet, Mumi evinde ya\u015fayan herkes maceraya g\u00f6z\u00fc kapal\u0131 at\u0131lmay\u0131 seviyor. Mumi Baba, an\u0131 kalemini hokkan\u0131n i\u00e7ine koydu, kalk\u0131p pencereye gitti. Mumi Vadisi sessizdi. Yaln\u0131zca bah\u00e7ede hafif bir kuzey r\u00fczg\u00e2r\u0131 f\u0131s\u0131ld\u0131yor, Mumi\u015f\u2019in ip merdiveni duvara \u00e7arp\u0131p duruyordu. \u201c\u015eimdi de ka\u00e7abilirim\u201d diye d\u00fc\u015f\u00fcnd\u00fc baba. \u201cBunun i\u00e7in fazla ya\u015fl\u0131 de\u011filim!\u201d Kendi kendine g\u00fcld\u00fc. Bir baca\u011f\u0131n\u0131 pencereden d\u0131\u015far\u0131 sark\u0131tt\u0131, ip merdiveni kendisine do\u011fru \u00e7ekti. \u201cMerhaba baba\u201d dedi yandaki pencereden Mumi\u015f. \u201cNe yap\u0131yorsun?\u201d \u201cJimnastik yap\u0131yorum\u201d dedi baba. \u201c\u00c7ok faydal\u0131! Bir basamak a\u015fa\u011f\u0131, iki basamak yukar\u0131, bir a\u015fa\u011f\u0131, iki yukar\u0131! Kas yapar!\u201d \ufffcTan\u0131t\u0131m Metni<\/p>\n","protected":false},"excerpt":{"rendered":"<p>Mumi Vadisi\u2019nin en geni\u015f ailesi olan Mumi ailesi, bu kitapta ge\u00e7mi\u015fe d\u00f6n\u00fcyor ve an\u0131larla haf\u0131zas\u0131n\u0131 tazeliyor. Mumi Baba\u2019n\u0131n y\u0131llard\u0131r \u00fczerinde \u00e7al\u0131\u015ft\u0131\u011f\u0131 an\u0131lar\u0131 sonunda bitmi\u015ftir. Herkes merakla<span class=\"excerpt-hellip\"> [\u2026]<\/span><\/p>\n","protected":false},"featured_media":0,"template":"","meta":{"_monsterinsights_skip_tracking":false,"_monsterinsights_sitenote_active":false,"_monsterinsights_sitenote_note":"","_monsterinsights_sitenote_category":0},"product_brand":[],"product_cat":[12275,12274],"product_tag":[],"class_list":{"0":"post-709395","1":"product","2":"type-product","3":"status-publish","5":"product_cat-6-12-yas-kitaplari","6":"product_cat-cocuk-ve-genclik-kitaplari","7":"pa_cilt-ciltsiz","8":"pa_tur-kitap","9":"pa_yayinevi-dinozor-cocuk","10":"pa_yazar-tove-jansson","12":"first","13":"instock","14":"sale","15":"shipping-taxable","16":"purchasable","17":"product-type-simple"},"_links":{"self":[{"href":"https:\/\/roveyayinevi.com.tr\/index.php\/wp-json\/wp\/v2\/product\/709395","targetHints":{"allow":["GET"]}}],"collection":[{"href":"https:\/\/roveyayinevi.com.tr\/index.php\/wp-json\/wp\/v2\/product"}],"about":[{"href":"https:\/\/roveyayinevi.com.tr\/index.php\/wp-json\/wp\/v2\/types\/product"}],"wp:attachment":[{"href":"https:\/\/roveyayinevi.com.tr\/index.php\/wp-json\/wp\/v2\/media?parent=709395"}],"wp:term":[{"taxonomy":"product_brand","embeddable":true,"href":"https:\/\/roveyayinevi.com.tr\/index.php\/wp-json\/wp\/v2\/product_brand?post=709395"},{"taxonomy":"product_cat","embeddable":true,"href":"https:\/\/roveyayinevi.com.tr\/index.php\/wp-json\/wp\/v2\/product_cat?post=709395"},{"taxonomy":"product_tag","embeddable":true,"href":"https:\/\/roveyayinevi.com.tr\/index.php\/wp-json\/wp\/v2\/product_tag?post=709395"}],"curies":[{"name":"wp","href":"https:\/\/api.w.org\/{rel}","templated":true}]}}