{"id":709393,"date":"2025-08-27T16:24:29","date_gmt":"2025-08-27T13:24:29","guid":{"rendered":"https:\/\/roveyayinevi.com.tr\/index.php\/urun\/akis-mutluluk-bilimi\/"},"modified":"2026-04-16T02:18:04","modified_gmt":"2026-04-15T23:18:04","slug":"akis-mutluluk-bilimi","status":"publish","type":"product","link":"https:\/\/roveyayinevi.com.tr\/index.php\/urun\/akis-mutluluk-bilimi\/","title":{"rendered":"Ak\u0131\u015f: Mutluluk Bilimi"},"content":{"rendered":"<p>\u00c7a\u011f\u0131m\u0131zda ya\u015fayan ortalama bir insan\u0131n sahip oldu\u011fu l\u00fcks ve konfora  y\u00fcz y\u0131l \u00f6ncesinin kral ve krali\u00e7eleri bile sahip de\u011fildi. Ancak t\u00fcm bu konfor art\u0131\u015f\u0131na ve reel milli gelirlerin birka\u00e7 kat\u0131na \u00e7\u0131kmas\u0131na ra\u011fmen mutluluk oranlar\u0131 de\u011fi\u015fmiyor.  Say\u0131s\u0131z bilimsel ara\u015ft\u0131rma paran\u0131n, daha l\u00fcks ve daha konforlu bir hayat\u0131n mutluluk getirmedi\u011fini net bir \u015fekilde ortaya koymu\u015f durumda. O zaman insan\u0131 ger\u00e7ekten mutlu eden nedir? Ya\u015fam kalitemizi ve hayattan ald\u0131\u011f\u0131m\u0131z tad\u0131 art\u0131racak bir y\u00f6ntem var m\u0131?  D\u00fcnyaca \u00fcnl\u00fc Ak\u0131\u015f teorisi, insan\u0131n ger\u00e7ekte nas\u0131l mutlu olaca\u011f\u0131n\u0131 a\u00e7\u0131k bir bi\u00e7imde ortaya koyuyor. Mutluluk kontrols\u00fczce bir haz aray\u0131\u015f\u0131ndan de\u011fil, bilin\u00e7li bir adanm\u0131\u015fl\u0131ktan ge\u00e7iyor. Di\u011fer bir deyi\u015fle; Ak\u0131\u015f deneyiminden. Ak\u0131\u015f deneyiminin ne oldu\u011funu a\u00e7\u0131klayan ve bu deneyimi nas\u0131l ya\u015fayabilece\u011fimizi say\u0131s\u0131z \u00f6rnekle bize sunan bu kitap, Ak\u0131\u015f teorisinin sahibi Prof. Dr. Mihaly Csikszentmihalyi&#8217;nin mutlulu\u011fu ara\u015ft\u0131rmaya adanm\u0131\u015f 25 y\u0131ll\u0131k \u00e7al\u0131\u015fmas\u0131n\u0131n bir sonucudur. AKI\u015e: Mutluluk Bilimi kitab\u0131, akademik d\u00fcnyayla birlikte ya\u015fam\u0131na de\u011fer katmak, hayat\u0131 daha derinden ke\u015ffetmek ve \u00f6z fark\u0131ndal\u0131\u011f\u0131n\u0131 art\u0131rmak isteyen herkes i\u00e7indir. Mutlulu\u011fun ger\u00e7ekten de bir s\u0131rr\u0131 var.<\/p>\n","protected":false},"excerpt":{"rendered":"<p>\u00c7a\u011f\u0131m\u0131zda ya\u015fayan ortalama bir insan\u0131n sahip oldu\u011fu l\u00fcks ve konfora y\u00fcz y\u0131l \u00f6ncesinin kral ve krali\u00e7eleri bile sahip de\u011fildi. Ancak t\u00fcm bu konfor art\u0131\u015f\u0131na ve reel<span class=\"excerpt-hellip\"> [\u2026]<\/span><\/p>\n","protected":false},"featured_media":0,"template":"","meta":{"_monsterinsights_skip_tracking":false,"_monsterinsights_sitenote_active":false,"_monsterinsights_sitenote_note":"","_monsterinsights_sitenote_category":0},"product_brand":[],"product_cat":[12358,12357],"product_tag":[],"class_list":{"0":"post-709393","1":"product","2":"type-product","3":"status-publish","5":"product_cat-genel-psikoloji","6":"product_cat-psikoloji","7":"pa_cilt-ciltsiz","8":"pa_tur-kitap","9":"pa_yayinevi-buzdagi-yayinlari","10":"pa_yazar-prof-dr-mihaly-csikszentmihalyi","12":"first","13":"instock","14":"sale","15":"shipping-taxable","16":"purchasable","17":"product-type-simple"},"_links":{"self":[{"href":"https:\/\/roveyayinevi.com.tr\/index.php\/wp-json\/wp\/v2\/product\/709393","targetHints":{"allow":["GET"]}}],"collection":[{"href":"https:\/\/roveyayinevi.com.tr\/index.php\/wp-json\/wp\/v2\/product"}],"about":[{"href":"https:\/\/roveyayinevi.com.tr\/index.php\/wp-json\/wp\/v2\/types\/product"}],"wp:attachment":[{"href":"https:\/\/roveyayinevi.com.tr\/index.php\/wp-json\/wp\/v2\/media?parent=709393"}],"wp:term":[{"taxonomy":"product_brand","embeddable":true,"href":"https:\/\/roveyayinevi.com.tr\/index.php\/wp-json\/wp\/v2\/product_brand?post=709393"},{"taxonomy":"product_cat","embeddable":true,"href":"https:\/\/roveyayinevi.com.tr\/index.php\/wp-json\/wp\/v2\/product_cat?post=709393"},{"taxonomy":"product_tag","embeddable":true,"href":"https:\/\/roveyayinevi.com.tr\/index.php\/wp-json\/wp\/v2\/product_tag?post=709393"}],"curies":[{"name":"wp","href":"https:\/\/api.w.org\/{rel}","templated":true}]}}