{"id":709392,"date":"2025-08-27T16:24:29","date_gmt":"2025-08-27T13:24:29","guid":{"rendered":"https:\/\/roveyayinevi.com.tr\/index.php\/urun\/one-punch-man-cilt-10\/"},"modified":"2026-04-16T02:18:04","modified_gmt":"2026-04-15T23:18:04","slug":"one-punch-man-cilt-10","status":"publish","type":"product","link":"https:\/\/roveyayinevi.com.tr\/index.php\/urun\/one-punch-man-cilt-10\/","title":{"rendered":"One Punch Man &#8211; Cilt 10"},"content":{"rendered":"<p>\u0130nsan canavar Garou\u2019nun \u201ckahraman av\u0131\u201d \u015fiddetini art\u0131rarak devam ediyor. Ortal\u0131kta tam bir panik havas\u0131 var ve i\u015f d\u00fcnyas\u0131 da bu durumdan \u00e7ok k\u00f6t\u00fc etkilenmi\u015f durumda. Bu arada Saitama da d\u00f6v\u00fc\u015f sanatlar\u0131yla ilgilenmeye ba\u015flad\u0131 ve bir m\u00fcsabakaya giriyor. Di\u011fer taraftan, Kahramanlar Birli\u011fi y\u00f6netim kurulu \u00fcyelerinden biri ve o\u011flunu koruma verilen S s\u0131n\u0131f\u0131 kahraman Metal Sopa\u2019n\u0131n ba\u015f\u0131 fena halde dertte olabilir\u2026 <\/p>\n","protected":false},"excerpt":{"rendered":"<p>\u0130nsan canavar Garou\u2019nun \u201ckahraman av\u0131\u201d \u015fiddetini art\u0131rarak devam ediyor. Ortal\u0131kta tam bir panik havas\u0131 var ve i\u015f d\u00fcnyas\u0131 da bu durumdan \u00e7ok k\u00f6t\u00fc etkilenmi\u015f durumda. Bu<span class=\"excerpt-hellip\"> [\u2026]<\/span><\/p>\n","protected":false},"featured_media":0,"template":"","meta":{"_monsterinsights_skip_tracking":false,"_monsterinsights_sitenote_active":false,"_monsterinsights_sitenote_note":"","_monsterinsights_sitenote_category":0},"product_brand":[],"product_cat":[12689,12274],"product_tag":[],"class_list":{"0":"post-709392","1":"product","2":"type-product","3":"status-publish","5":"product_cat-cizgi-roman-cocuk-ve-genclik-kitaplari","6":"product_cat-cocuk-ve-genclik-kitaplari","7":"pa_cilt-ciltsiz","8":"pa_tur-kitap","9":"pa_yayinevi-akil-celen-kitaplar","10":"pa_yazar-yusuke-murata","12":"first","13":"instock","14":"sale","15":"shipping-taxable","16":"purchasable","17":"product-type-simple"},"_links":{"self":[{"href":"https:\/\/roveyayinevi.com.tr\/index.php\/wp-json\/wp\/v2\/product\/709392","targetHints":{"allow":["GET"]}}],"collection":[{"href":"https:\/\/roveyayinevi.com.tr\/index.php\/wp-json\/wp\/v2\/product"}],"about":[{"href":"https:\/\/roveyayinevi.com.tr\/index.php\/wp-json\/wp\/v2\/types\/product"}],"wp:attachment":[{"href":"https:\/\/roveyayinevi.com.tr\/index.php\/wp-json\/wp\/v2\/media?parent=709392"}],"wp:term":[{"taxonomy":"product_brand","embeddable":true,"href":"https:\/\/roveyayinevi.com.tr\/index.php\/wp-json\/wp\/v2\/product_brand?post=709392"},{"taxonomy":"product_cat","embeddable":true,"href":"https:\/\/roveyayinevi.com.tr\/index.php\/wp-json\/wp\/v2\/product_cat?post=709392"},{"taxonomy":"product_tag","embeddable":true,"href":"https:\/\/roveyayinevi.com.tr\/index.php\/wp-json\/wp\/v2\/product_tag?post=709392"}],"curies":[{"name":"wp","href":"https:\/\/api.w.org\/{rel}","templated":true}]}}