{"id":709388,"date":"2025-08-27T16:24:27","date_gmt":"2025-08-27T13:24:27","guid":{"rendered":"https:\/\/roveyayinevi.com.tr\/index.php\/urun\/laikligi-yeniden-dusunmek\/"},"modified":"2026-04-16T02:18:04","modified_gmt":"2026-04-15T23:18:04","slug":"laikligi-yeniden-dusunmek","status":"publish","type":"product","link":"https:\/\/roveyayinevi.com.tr\/index.php\/urun\/laikligi-yeniden-dusunmek\/","title":{"rendered":"Laikli\u011fi Yeniden D\u00fc\u015f\u00fcnmek"},"content":{"rendered":"<p>D\u00fcnyada ve \u00fclkemizde dinin toplumsal g\u00f6r\u00fcn\u00fcm\u00fc artt\u0131k\u00e7a, laiklik de gittik\u00e7e daha fazla tart\u0131\u015fma konusu h\u00e2line geliyor. Kamusal alanda din\u00ee referanslar\u0131n yo\u011funla\u015ft\u0131\u011f\u0131 g\u00fcn\u00fcm\u00fcz d\u00fcnyas\u0131nda, laikli\u011fin t\u00fcrleri ve alg\u0131lanma bi\u00e7imleri de her y\u00f6n\u00fcyle masaya yat\u0131r\u0131l\u0131r durumda bulunmaktad\u0131r. Sek\u00fcler-laik, sek\u00fclerle\u015fmelaikle\u015fme ve sek\u00fclerizm-laisizm z\u0131tl\u0131klar\u0131n\u0131 da i\u00e7erecek bir bi\u00e7imde meselenin hem olgusal hem de ilkesel boyutunu g\u00f6z \u00f6n\u00fcnde bulundurarak din\u00ee olana ve din\u00ee olan\u0131n etki alan\u0131na ili\u015fkin y\u00fcr\u00fct\u00fclen tart\u0131\u015fmalar, dinsiyaset ili\u015fkisinin de\u011ferlendirilece\u011fi \u00e7er\u00e7eveye katk\u0131 sunmaktad\u0131r. Y\u00f6netim mekanizmalar\u0131n\u0131n bir ilkesi olarak laikli\u011fi din\u00ee olan\u0131n ve sek\u00fcler olan\u0131n s\u0131n\u0131rlar\u0131 uyar\u0131nca, di\u011fer taraftan ise din\u00ee olan\u0131 ve sek\u00fcler olan\u0131 laiklik ilkesi uyar\u0131nca de\u011ferlendirmek, ancak kapsaml\u0131 bir \u00e7er\u00e7eve d\u00e2hilinde ger\u00e7ekle\u015ftirilebilecek bir i\u015f olarak kar\u015f\u0131m\u0131za \u00e7\u0131kmaktad\u0131r. Dinin toplum i\u00e7erisindeki yerinin ve siyaset ile olan ili\u015fkisinin d\u00fcnyan\u0131n her yerinde farkl\u0131 tezah\u00fcrleri ve tarihsel ser\u00fcveni oldu\u011fundan dolay\u0131, laikli\u011fi yeniden d\u00fc\u015f\u00fcnmek, kar\u015f\u0131la\u015ft\u0131rmal\u0131 bir bak\u0131\u015f a\u00e7\u0131s\u0131n\u0131 da gerektirmektedir. \u0130\u015fte elinizdeki kitap, laikli\u011fin pek \u00e7ok boyutuna dair g\u00fcncel tart\u0131\u015fmalar ve teorik zemin i\u00e7in kuramsal ara\u00e7lar sa\u011flamaktad\u0131r. Laiklik bi\u00e7imlerinden, yurtta\u015fl\u0131k ve kamusal alan tart\u0131\u015fmalar\u0131na; demokrasi ve laiklik ili\u015fkisinden k\u00fcresel sek\u00fcler siyasete; din\u00ee hay\u0131rseverlikten dinsel fundamentalizme; ifade \u00f6zg\u00fcrl\u00fc\u011f\u00fcnden d\u00fcnyan\u0131n farkl\u0131 b\u00f6lgelerindeki laiklik deneyimlerine pek \u00e7ok temel konu bu kitapta ele al\u0131n\u0131yor. <\/p>\n","protected":false},"excerpt":{"rendered":"<p>D\u00fcnyada ve \u00fclkemizde dinin toplumsal g\u00f6r\u00fcn\u00fcm\u00fc artt\u0131k\u00e7a, laiklik de gittik\u00e7e daha fazla tart\u0131\u015fma konusu h\u00e2line geliyor. Kamusal alanda din\u00ee referanslar\u0131n yo\u011funla\u015ft\u0131\u011f\u0131 g\u00fcn\u00fcm\u00fcz d\u00fcnyas\u0131nda, laikli\u011fin t\u00fcrleri ve<span class=\"excerpt-hellip\"> [\u2026]<\/span><\/p>\n","protected":false},"featured_media":0,"template":"","meta":{"_monsterinsights_skip_tracking":false,"_monsterinsights_sitenote_active":false,"_monsterinsights_sitenote_note":"","_monsterinsights_sitenote_category":0},"product_brand":[],"product_cat":[13590,12337],"product_tag":[],"class_list":{"0":"post-709388","1":"product","2":"type-product","3":"status-publish","5":"product_cat-arastirma-inceleme-politika-siyaset","6":"product_cat-politika-siyaset","7":"pa_cilt-ciltsiz","8":"pa_tur-kitap","9":"pa_yayinevi-nika-yayinevi","10":"pa_yazar-jonathan-van-antwerpen-mark-juergensmeyer","12":"first","13":"instock","14":"sale","15":"shipping-taxable","16":"purchasable","17":"product-type-simple"},"_links":{"self":[{"href":"https:\/\/roveyayinevi.com.tr\/index.php\/wp-json\/wp\/v2\/product\/709388","targetHints":{"allow":["GET"]}}],"collection":[{"href":"https:\/\/roveyayinevi.com.tr\/index.php\/wp-json\/wp\/v2\/product"}],"about":[{"href":"https:\/\/roveyayinevi.com.tr\/index.php\/wp-json\/wp\/v2\/types\/product"}],"wp:attachment":[{"href":"https:\/\/roveyayinevi.com.tr\/index.php\/wp-json\/wp\/v2\/media?parent=709388"}],"wp:term":[{"taxonomy":"product_brand","embeddable":true,"href":"https:\/\/roveyayinevi.com.tr\/index.php\/wp-json\/wp\/v2\/product_brand?post=709388"},{"taxonomy":"product_cat","embeddable":true,"href":"https:\/\/roveyayinevi.com.tr\/index.php\/wp-json\/wp\/v2\/product_cat?post=709388"},{"taxonomy":"product_tag","embeddable":true,"href":"https:\/\/roveyayinevi.com.tr\/index.php\/wp-json\/wp\/v2\/product_tag?post=709388"}],"curies":[{"name":"wp","href":"https:\/\/api.w.org\/{rel}","templated":true}]}}