{"id":709387,"date":"2025-08-27T16:24:26","date_gmt":"2025-08-27T13:24:26","guid":{"rendered":"https:\/\/roveyayinevi.com.tr\/index.php\/urun\/anatomi-cizim-dersleri\/"},"modified":"2026-04-16T02:18:04","modified_gmt":"2026-04-15T23:18:04","slug":"anatomi-cizim-dersleri","status":"publish","type":"product","link":"https:\/\/roveyayinevi.com.tr\/index.php\/urun\/anatomi-cizim-dersleri\/","title":{"rendered":"Anatomi \u00c7izim Dersleri"},"content":{"rendered":"<p>Anatomi bilgisi y\u00fczy\u0131llard\u0131r sanat\u00e7\u0131lar\u0131n e\u011fitiminde \u00f6nemli bir rol oynuyor. Michelangelo, Leonardo da Vinci ve Raffaello gibi usta sanat\u00e7\u0131lar da anatomi \u00e7al\u0131\u015ft\u0131lar. \u00c7\u00fcnk\u00fc bu bilgi, sanat\u00e7\u0131n\u0131n sanatsal vizyonunu g\u00fc\u00e7lendirip bi\u00e7im duygusunu geli\u015ftirmenin yan\u0131 s\u0131ra g\u00f6zlem yetene\u011fini de peki\u015ftirir. <\/p>\n","protected":false},"excerpt":{"rendered":"<p>Anatomi bilgisi y\u00fczy\u0131llard\u0131r sanat\u00e7\u0131lar\u0131n e\u011fitiminde \u00f6nemli bir rol oynuyor. Michelangelo, Leonardo da Vinci ve Raffaello gibi usta sanat\u00e7\u0131lar da anatomi \u00e7al\u0131\u015ft\u0131lar. \u00c7\u00fcnk\u00fc bu bilgi, sanat\u00e7\u0131n\u0131n sanatsal<span class=\"excerpt-hellip\"> [\u2026]<\/span><\/p>\n","protected":false},"featured_media":0,"template":"","meta":{"_monsterinsights_skip_tracking":false,"_monsterinsights_sitenote_active":false,"_monsterinsights_sitenote_note":"","_monsterinsights_sitenote_category":0},"product_brand":[],"product_cat":[15733,12408],"product_tag":[],"class_list":{"0":"post-709387","1":"product","2":"type-product","3":"status-publish","5":"product_cat-resim","6":"product_cat-sanat","7":"pa_cilt-ciltsiz","8":"pa_tur-kitap","9":"pa_yayinevi-hep-kitap","10":"pa_yazar-andras-szunyoghy","11":"pa_yazar-gyorgy-feher","13":"first","14":"instock","15":"sale","16":"shipping-taxable","17":"purchasable","18":"product-type-simple"},"_links":{"self":[{"href":"https:\/\/roveyayinevi.com.tr\/index.php\/wp-json\/wp\/v2\/product\/709387","targetHints":{"allow":["GET"]}}],"collection":[{"href":"https:\/\/roveyayinevi.com.tr\/index.php\/wp-json\/wp\/v2\/product"}],"about":[{"href":"https:\/\/roveyayinevi.com.tr\/index.php\/wp-json\/wp\/v2\/types\/product"}],"wp:attachment":[{"href":"https:\/\/roveyayinevi.com.tr\/index.php\/wp-json\/wp\/v2\/media?parent=709387"}],"wp:term":[{"taxonomy":"product_brand","embeddable":true,"href":"https:\/\/roveyayinevi.com.tr\/index.php\/wp-json\/wp\/v2\/product_brand?post=709387"},{"taxonomy":"product_cat","embeddable":true,"href":"https:\/\/roveyayinevi.com.tr\/index.php\/wp-json\/wp\/v2\/product_cat?post=709387"},{"taxonomy":"product_tag","embeddable":true,"href":"https:\/\/roveyayinevi.com.tr\/index.php\/wp-json\/wp\/v2\/product_tag?post=709387"}],"curies":[{"name":"wp","href":"https:\/\/api.w.org\/{rel}","templated":true}]}}