{"id":709382,"date":"2025-08-27T16:24:24","date_gmt":"2025-08-27T13:24:24","guid":{"rendered":"https:\/\/roveyayinevi.com.tr\/index.php\/urun\/siirler-tiyatro-oyunlari-denemeler\/"},"modified":"2026-04-16T02:18:04","modified_gmt":"2026-04-15T23:18:04","slug":"siirler-tiyatro-oyunlari-denemeler","status":"publish","type":"product","link":"https:\/\/roveyayinevi.com.tr\/index.php\/urun\/siirler-tiyatro-oyunlari-denemeler\/","title":{"rendered":"\u015eiirler \/ Tiyatro Oyunlar\u0131 Denemeler"},"content":{"rendered":"<p>Alt\u0131n \u00e7a\u011f\u0131n\u0131 ya\u015fayan Victoria d\u00f6nemi \u0130ngilteresi\u2019nin ikiy\u00fczl\u00fc ahl\u00e2k anlay\u0131\u015f\u0131 ile g\u00f6steri\u015fli ve sahte tav\u0131rl\u0131 burjuva ya\u015fant\u0131s\u0131na y\u00f6neltti\u011fi ele\u015ftirilerle Oscar Wilde, \u00e7ok iyi bildi\u011fi \u0130ngiliz kibar s\u0131n\u0131f\u0131n\u0131n, \u00f6zellikle evlilik ya\u015fam\u0131ndan kesitler sunar tiyatro oyunlar\u0131nda. Lady Windermere\u2019in Yelpazesi bunlardan biridir. Yaln\u0131zca \u0130ngiltere ile s\u0131n\u0131rl\u0131 de\u011fildir onun ironik zek\u00e2s\u0131 ve \u00e7ok y\u00f6nl\u00fc entelekt\u00fcel ilgilerinin mek\u00e2n\u0131. Bir Floransa Trajedisi ile R\u00f6nesans \u0130talyas\u0131\u2019n\u0131n Avrupa ya\u015fam\u0131n\u0131 derinden etkileyecek t\u00fcccar-burjuva d\u00fcnyas\u0131n\u0131 merkeze al\u0131r. Wilde\u2019\u0131n ilk oyunu olan Vera veya Nihilistler\u2019de sahne Rusya\u2019d\u0131r; oyunda nihilist-cumhuriyet\u00e7ilerin \u00c7ar\u2019a kar\u015f\u0131 verdi\u011fi m\u00fccadele ele al\u0131n\u0131r. Salom\u00e9 ise belki de yazar\u0131n en \u00e7ok sahnelenmi\u015f oyunudur. Konusu \u0130ncil\u2019de ge\u00e7en hik\u00e2yede, hemen herkesin \u00e2\u015f\u0131k oldu\u011fu, ba\u015ftan \u00e7\u0131kar\u0131c\u0131 g\u00fczelli\u011fiyle Salom\u00e9\u2019nin tutkusu anlat\u0131l\u0131r. Belki bu tutku, herkesin be\u011fendi\u011fi bir kad\u0131n\u0131n kalbinin meyletti\u011fi bir ki\u015fi taraf\u0131ndan reddedilmektir. Ama o ki\u015fi, s\u0131radan birisi de\u011fil, d\u00fcnya ile ilgisini \u00e7oktan kesmi\u015f Yahya Peygamber\u2019dir. Son olarak Wilde\u2019\u0131n sahnelenmek i\u00e7in de\u011fil, Burmal\u0131 bir arkada\u015f\u0131na arma\u011fan olarak yazm\u0131\u015f oldu\u011fu maskeli bir piyese, pandomim \u015feklindeki bir oyuna yer verilmi\u015ftir: Kral A\u015fk\u0131na. Giri\u015fte Oscar Wilde\u2019\u0131n \u015fiirlerinden \u00f6rnekler sunulmaktad\u0131r. Ba\u015fta Reading Zindan\u0131 Balad\u0131 olmak \u00fczere bu \u015fiirler renkli, g\u00f6steri\u015fli ama bir o kadar da trajik bir ya\u015fam\u0131n verimleridir. Son b\u00f6l\u00fcmde ise yazar\u0131n Denemeler\u2019i yer almaktad\u0131r. <\/p>\n","protected":false},"excerpt":{"rendered":"<p>Alt\u0131n \u00e7a\u011f\u0131n\u0131 ya\u015fayan Victoria d\u00f6nemi \u0130ngilteresi\u2019nin ikiy\u00fczl\u00fc ahl\u00e2k anlay\u0131\u015f\u0131 ile g\u00f6steri\u015fli ve sahte tav\u0131rl\u0131 burjuva ya\u015fant\u0131s\u0131na y\u00f6neltti\u011fi ele\u015ftirilerle Oscar Wilde, \u00e7ok iyi bildi\u011fi \u0130ngiliz kibar s\u0131n\u0131f\u0131n\u0131n,<span class=\"excerpt-hellip\"> [\u2026]<\/span><\/p>\n","protected":false},"featured_media":0,"template":"","meta":{"_monsterinsights_skip_tracking":false,"_monsterinsights_sitenote_active":false,"_monsterinsights_sitenote_note":"","_monsterinsights_sitenote_category":0},"product_brand":[],"product_cat":[12777,12291],"product_tag":[],"class_list":{"0":"post-709382","1":"product","2":"type-product","3":"status-publish","5":"product_cat-deneme","6":"product_cat-edebiyat","7":"pa_cilt-ciltsiz","8":"pa_tur-kitap","9":"pa_yayinevi-dogu-bati-yayinlari","10":"pa_yazar-oscar-wilde","12":"first","13":"instock","14":"sale","15":"shipping-taxable","16":"purchasable","17":"product-type-simple"},"_links":{"self":[{"href":"https:\/\/roveyayinevi.com.tr\/index.php\/wp-json\/wp\/v2\/product\/709382","targetHints":{"allow":["GET"]}}],"collection":[{"href":"https:\/\/roveyayinevi.com.tr\/index.php\/wp-json\/wp\/v2\/product"}],"about":[{"href":"https:\/\/roveyayinevi.com.tr\/index.php\/wp-json\/wp\/v2\/types\/product"}],"wp:attachment":[{"href":"https:\/\/roveyayinevi.com.tr\/index.php\/wp-json\/wp\/v2\/media?parent=709382"}],"wp:term":[{"taxonomy":"product_brand","embeddable":true,"href":"https:\/\/roveyayinevi.com.tr\/index.php\/wp-json\/wp\/v2\/product_brand?post=709382"},{"taxonomy":"product_cat","embeddable":true,"href":"https:\/\/roveyayinevi.com.tr\/index.php\/wp-json\/wp\/v2\/product_cat?post=709382"},{"taxonomy":"product_tag","embeddable":true,"href":"https:\/\/roveyayinevi.com.tr\/index.php\/wp-json\/wp\/v2\/product_tag?post=709382"}],"curies":[{"name":"wp","href":"https:\/\/api.w.org\/{rel}","templated":true}]}}