{"id":709381,"date":"2025-08-27T16:24:23","date_gmt":"2025-08-27T13:24:23","guid":{"rendered":"https:\/\/roveyayinevi.com.tr\/index.php\/urun\/yuzyillarin-gercegi-ve-mirasi-iv-cilt\/"},"modified":"2026-04-16T02:18:04","modified_gmt":"2026-04-15T23:18:04","slug":"yuzyillarin-gercegi-ve-mirasi-iv-cilt","status":"publish","type":"product","link":"https:\/\/roveyayinevi.com.tr\/index.php\/urun\/yuzyillarin-gercegi-ve-mirasi-iv-cilt\/","title":{"rendered":"Y\u00fczy\u0131llar\u0131n Ger\u00e7e\u011fi ve Miras\u0131 IV. Cilt"},"content":{"rendered":"<p>Ayd\u0131nlanma Y\u00fczy\u0131l\u0131: 18. y\u00fczy\u0131l deyince akla gelen bu; \u201cAyd\u0131nlanma\u201d deyince de, ba\u015fta bilimin ve akl\u0131n egemenli\u011fi geliyor. Ne var ki 18. y\u00fczy\u0131l bu nitelikleriyle Avrupal\u0131d\u0131r.Ger\u00e7ekten de Avrupa\u2019da bilimsel geli\u015fme bu y\u00fczy\u0131lda pek b\u00fcy\u00fck boyutlar kazan\u0131r; sanayi devrimi u\u00e7 verir ve modern teknik \u00e7a\u011f ba\u015flar. D\u00fc\u015f\u00fcncenin, akla ve bilime dayanarak, eski d\u00fczene, yani feodaliteye ve onun de\u011ferlerine, ba\u015fta da dine kar\u015f\u0131 silahlar\u0131n\u0131 amans\u0131zca do\u011frultup sald\u0131r\u0131ya ge\u00e7i\u015fi de bu y\u00fczy\u0131lda ve Avrupa\u2019da olur.Ayd\u0131nlanma Avrupa\u2019s\u0131n\u0131 arkas\u0131ndan \u00e7ekip g\u00f6t\u00fcren de ba\u015fta \u0130ngiltere ile Fransa\u2019d\u0131r.Belki yaln\u0131z Do\u011fu\u2019dur bunun d\u0131\u015f\u0131nda kalan. <\/p>\n","protected":false},"excerpt":{"rendered":"<p>Ayd\u0131nlanma Y\u00fczy\u0131l\u0131: 18. y\u00fczy\u0131l deyince akla gelen bu; \u201cAyd\u0131nlanma\u201d deyince de, ba\u015fta bilimin ve akl\u0131n egemenli\u011fi geliyor. Ne var ki 18. y\u00fczy\u0131l bu nitelikleriyle Avrupal\u0131d\u0131r.Ger\u00e7ekten de<span class=\"excerpt-hellip\"> [\u2026]<\/span><\/p>\n","protected":false},"featured_media":0,"template":"","meta":{"_monsterinsights_skip_tracking":false,"_monsterinsights_sitenote_active":false,"_monsterinsights_sitenote_note":"","_monsterinsights_sitenote_category":0},"product_brand":[],"product_cat":[12312,12304],"product_tag":[],"class_list":{"0":"post-709381","1":"product","2":"type-product","3":"status-publish","5":"product_cat-diger","6":"product_cat-tarih","7":"pa_cilt-ciltsiz","8":"pa_tur-kitap","9":"pa_yayinevi-is-bankasi-kultur-yayinlari","10":"pa_yazar-server-tanilli","12":"first","13":"instock","14":"sale","15":"shipping-taxable","16":"purchasable","17":"product-type-simple"},"_links":{"self":[{"href":"https:\/\/roveyayinevi.com.tr\/index.php\/wp-json\/wp\/v2\/product\/709381","targetHints":{"allow":["GET"]}}],"collection":[{"href":"https:\/\/roveyayinevi.com.tr\/index.php\/wp-json\/wp\/v2\/product"}],"about":[{"href":"https:\/\/roveyayinevi.com.tr\/index.php\/wp-json\/wp\/v2\/types\/product"}],"wp:attachment":[{"href":"https:\/\/roveyayinevi.com.tr\/index.php\/wp-json\/wp\/v2\/media?parent=709381"}],"wp:term":[{"taxonomy":"product_brand","embeddable":true,"href":"https:\/\/roveyayinevi.com.tr\/index.php\/wp-json\/wp\/v2\/product_brand?post=709381"},{"taxonomy":"product_cat","embeddable":true,"href":"https:\/\/roveyayinevi.com.tr\/index.php\/wp-json\/wp\/v2\/product_cat?post=709381"},{"taxonomy":"product_tag","embeddable":true,"href":"https:\/\/roveyayinevi.com.tr\/index.php\/wp-json\/wp\/v2\/product_tag?post=709381"}],"curies":[{"name":"wp","href":"https:\/\/api.w.org\/{rel}","templated":true}]}}