{"id":709380,"date":"2025-08-27T16:24:23","date_gmt":"2025-08-27T13:24:23","guid":{"rendered":"https:\/\/roveyayinevi.com.tr\/index.php\/urun\/osmanli-imparatorlugunda-paranin-tarihi\/"},"modified":"2026-04-16T02:18:03","modified_gmt":"2026-04-15T23:18:03","slug":"osmanli-imparatorlugunda-paranin-tarihi","status":"publish","type":"product","link":"https:\/\/roveyayinevi.com.tr\/index.php\/urun\/osmanli-imparatorlugunda-paranin-tarihi\/","title":{"rendered":"Osmanl\u0131 \u0130mparatorlu\u011fu\u2019nda Paran\u0131n Tarihi"},"content":{"rendered":"<p>Osmanl\u0131lar i\u00e7in sikke, hutbe ile birlikte egemenli\u011fin en \u00f6nemli iki simgesinden biriydi. Alt\u0131n ve g\u00fcm\u00fc\u015f sikkeler elden ele, b\u00f6lgeden b\u00f6lgeye ta\u015f\u0131nd\u0131k\u00e7a h\u00fck\u00fcmdar\u0131n g\u00fcc\u00fcn\u00fc \u00fclkenin en uzak k\u00f6\u015felerine ula\u015ft\u0131r\u0131yorlard\u0131. Osmanl\u0131lar paran\u0131n bollu\u011fu ve piyasalardaki dola\u015f\u0131m\u0131yla ticaret ve ekonominin sa\u011fl\u0131\u011f\u0131, canl\u0131l\u0131\u011f\u0131 aras\u0131nda g\u00fc\u00e7l\u00fc bir ili\u015fki oldu\u011funun bilincindeydiler. De\u011ferli maden darl\u0131klar\u0131 ve bunlar\u0131n ekonomi \u00fczerindeki olumsuz etkileriyle ya\u015famak ve m\u00fccadele etmek zorunda kalm\u0131\u015flar, ancak para konular\u0131nda genellikle esnek ve pragmatik davranm\u0131\u015flard\u0131. \ufffcTan\u0131t\u0131m Metni<\/p>\n","protected":false},"excerpt":{"rendered":"<p>Osmanl\u0131lar i\u00e7in sikke, hutbe ile birlikte egemenli\u011fin en \u00f6nemli iki simgesinden biriydi. Alt\u0131n ve g\u00fcm\u00fc\u015f sikkeler elden ele, b\u00f6lgeden b\u00f6lgeye ta\u015f\u0131nd\u0131k\u00e7a h\u00fck\u00fcmdar\u0131n g\u00fcc\u00fcn\u00fc \u00fclkenin en uzak<span class=\"excerpt-hellip\"> [\u2026]<\/span><\/p>\n","protected":false},"featured_media":0,"template":"","meta":{"_monsterinsights_skip_tracking":false,"_monsterinsights_sitenote_active":false,"_monsterinsights_sitenote_note":"","_monsterinsights_sitenote_category":0},"product_brand":[],"product_cat":[13517,12304],"product_tag":[],"class_list":{"0":"post-709380","1":"product","2":"type-product","3":"status-publish","5":"product_cat-osmanli-tarihi","6":"product_cat-tarih","7":"pa_cilt-ciltsiz","8":"pa_tur-kitap","9":"pa_yayinevi-is-bankasi-kultur-yayinlari","10":"pa_yazar-sevket-pamuk","12":"first","13":"instock","14":"sale","15":"shipping-taxable","16":"purchasable","17":"product-type-simple"},"_links":{"self":[{"href":"https:\/\/roveyayinevi.com.tr\/index.php\/wp-json\/wp\/v2\/product\/709380","targetHints":{"allow":["GET"]}}],"collection":[{"href":"https:\/\/roveyayinevi.com.tr\/index.php\/wp-json\/wp\/v2\/product"}],"about":[{"href":"https:\/\/roveyayinevi.com.tr\/index.php\/wp-json\/wp\/v2\/types\/product"}],"wp:attachment":[{"href":"https:\/\/roveyayinevi.com.tr\/index.php\/wp-json\/wp\/v2\/media?parent=709380"}],"wp:term":[{"taxonomy":"product_brand","embeddable":true,"href":"https:\/\/roveyayinevi.com.tr\/index.php\/wp-json\/wp\/v2\/product_brand?post=709380"},{"taxonomy":"product_cat","embeddable":true,"href":"https:\/\/roveyayinevi.com.tr\/index.php\/wp-json\/wp\/v2\/product_cat?post=709380"},{"taxonomy":"product_tag","embeddable":true,"href":"https:\/\/roveyayinevi.com.tr\/index.php\/wp-json\/wp\/v2\/product_tag?post=709380"}],"curies":[{"name":"wp","href":"https:\/\/api.w.org\/{rel}","templated":true}]}}