{"id":709379,"date":"2025-08-27T16:24:22","date_gmt":"2025-08-27T13:24:22","guid":{"rendered":"https:\/\/roveyayinevi.com.tr\/index.php\/urun\/gunesin-bittigi-gun\/"},"modified":"2026-04-16T02:18:03","modified_gmt":"2026-04-15T23:18:03","slug":"gunesin-bittigi-gun","status":"publish","type":"product","link":"https:\/\/roveyayinevi.com.tr\/index.php\/urun\/gunesin-bittigi-gun\/","title":{"rendered":"G\u00fcne\u015f&#8217;in Bitti\u011fi G\u00fcn"},"content":{"rendered":"<p>G\u00fcnlerden, G\u00fcne\u015f\u2019in gitti\u011fi g\u00fcn&#8230; G\u00fcne\u015f de \u015fimdi nereye kayboldu? G\u00fcne\u015f\u2019in yerinde gizemli bir ampul sark\u0131yordu g\u00f6ky\u00fcz\u00fcnden. Ama gezegenimizde hayat, G\u00fcne\u015f olmadan varl\u0131\u011f\u0131n\u0131 s\u00fcrd\u00fcremezdi ki. S\u0131cakl\u0131\u011f\u0131 ve \u0131\u015f\u0131\u011f\u0131 i\u00e7in ona ihtiyac\u0131m\u0131z vard\u0131. Ku\u015f ile Bay Bilimci\u2019nin, G\u00fcne\u015f\u2019i bulup g\u00f6ky\u00fcz\u00fcnde ait oldu\u011fu yere d\u00f6nmeye ikna etmek i\u00e7in \u00e7\u0131kt\u0131klar\u0131 bu macerada, onlara e\u015flik etmeye ne dersin? Jonathan Heilig\u2019in yaz\u0131p resimledi\u011fi G\u00fcne\u015f\u2019in Gitti\u011fi G\u00fcn, G\u00fcne\u015f\u2019in doldurulamaz yerini g\u00fcn y\u00fcz\u00fcne \u00e7\u0131kar\u0131yor&#8230;   <\/p>\n","protected":false},"excerpt":{"rendered":"<p>G\u00fcnlerden, G\u00fcne\u015f\u2019in gitti\u011fi g\u00fcn&#8230; G\u00fcne\u015f de \u015fimdi nereye kayboldu? G\u00fcne\u015f\u2019in yerinde gizemli bir ampul sark\u0131yordu g\u00f6ky\u00fcz\u00fcnden. Ama gezegenimizde hayat, G\u00fcne\u015f olmadan varl\u0131\u011f\u0131n\u0131 s\u00fcrd\u00fcremezdi ki. S\u0131cakl\u0131\u011f\u0131 ve<span class=\"excerpt-hellip\"> [\u2026]<\/span><\/p>\n","protected":false},"featured_media":0,"template":"","meta":{"_monsterinsights_skip_tracking":false,"_monsterinsights_sitenote_active":false,"_monsterinsights_sitenote_note":"","_monsterinsights_sitenote_category":0},"product_brand":[],"product_cat":[12274,12284],"product_tag":[],"class_list":{"0":"post-709379","1":"product","2":"type-product","3":"status-publish","5":"product_cat-cocuk-ve-genclik-kitaplari","6":"product_cat-hikayeler","7":"pa_cilt-ciltsiz","8":"pa_tur-kitap","9":"pa_yayinevi-beta-kids","10":"pa_yazar-jonathan-heilig","12":"first","13":"instock","14":"sale","15":"shipping-taxable","16":"purchasable","17":"product-type-simple"},"_links":{"self":[{"href":"https:\/\/roveyayinevi.com.tr\/index.php\/wp-json\/wp\/v2\/product\/709379","targetHints":{"allow":["GET"]}}],"collection":[{"href":"https:\/\/roveyayinevi.com.tr\/index.php\/wp-json\/wp\/v2\/product"}],"about":[{"href":"https:\/\/roveyayinevi.com.tr\/index.php\/wp-json\/wp\/v2\/types\/product"}],"wp:attachment":[{"href":"https:\/\/roveyayinevi.com.tr\/index.php\/wp-json\/wp\/v2\/media?parent=709379"}],"wp:term":[{"taxonomy":"product_brand","embeddable":true,"href":"https:\/\/roveyayinevi.com.tr\/index.php\/wp-json\/wp\/v2\/product_brand?post=709379"},{"taxonomy":"product_cat","embeddable":true,"href":"https:\/\/roveyayinevi.com.tr\/index.php\/wp-json\/wp\/v2\/product_cat?post=709379"},{"taxonomy":"product_tag","embeddable":true,"href":"https:\/\/roveyayinevi.com.tr\/index.php\/wp-json\/wp\/v2\/product_tag?post=709379"}],"curies":[{"name":"wp","href":"https:\/\/api.w.org\/{rel}","templated":true}]}}