{"id":709378,"date":"2025-08-27T16:24:22","date_gmt":"2025-08-27T13:24:22","guid":{"rendered":"https:\/\/roveyayinevi.com.tr\/index.php\/urun\/av-ciltli\/"},"modified":"2026-04-16T02:18:03","modified_gmt":"2026-04-15T23:18:03","slug":"av-ciltli","status":"publish","type":"product","link":"https:\/\/roveyayinevi.com.tr\/index.php\/urun\/av-ciltli\/","title":{"rendered":"Av (Ciltli)"},"content":{"rendered":"<p>Zaman\u0131n \u00e7ok \u00f6ncesinden gelen bir sava\u015f ve t\u00fcm bunlardan habersiz bir gen\u00e7 k\u0131z\u2026 Annabelle Jefferson, Hiddenfield kasabas\u0131na ad\u0131m\u0131n\u0131 att\u0131\u011f\u0131 an bir \u015feylerin yolunda olmad\u0131\u011f\u0131n\u0131 biliyordu. Fakat bu kadar ak\u0131l almaz olaylar\u0131n tam ortas\u0131na d\u00fc\u015fece\u011fini asla tahmin edemezdi. A\u011fa\u00e7lar\u0131n aras\u0131ndaki tap\u0131na\u011f\u0131n anlat\u0131lmam\u0131\u015f hik\u00e2yesi, kanl\u0131 bir tarih ve ayd\u0131nl\u0131k ile karanl\u0131\u011f\u0131n bitmek bilmez \u00e7at\u0131\u015fmas\u0131\u2026 T\u00fcm bunlar\u0131n ortas\u0131nda Annabelle\u2019i, kar\u015f\u0131s\u0131na \u00e7\u0131kan tehlikelerden koruyan ama rengini asla belli etmeyen bir gen\u00e7 adam: Jay Sullivan. Peki ya Annabelle\u2019i, Jay\u2019den kim koruyacakt\u0131? Kendi av\u0131na \u00e2\u015f\u0131k olan bir avc\u0131, Yok edecek mi av\u0131n\u0131 hi\u00e7 d\u00fc\u015f\u00fcnmeden? Ya da Koruyabilecek mi onu kendisinden? \ufffcTan\u0131t\u0131m Metni<\/p>\n","protected":false},"excerpt":{"rendered":"<p>Zaman\u0131n \u00e7ok \u00f6ncesinden gelen bir sava\u015f ve t\u00fcm bunlardan habersiz bir gen\u00e7 k\u0131z\u2026 Annabelle Jefferson, Hiddenfield kasabas\u0131na ad\u0131m\u0131n\u0131 att\u0131\u011f\u0131 an bir \u015feylerin yolunda olmad\u0131\u011f\u0131n\u0131 biliyordu. Fakat<span class=\"excerpt-hellip\"> [\u2026]<\/span><\/p>\n","protected":false},"featured_media":0,"template":"","meta":{"_monsterinsights_skip_tracking":false,"_monsterinsights_sitenote_active":false,"_monsterinsights_sitenote_note":"","_monsterinsights_sitenote_category":0},"product_brand":[],"product_cat":[12291,14777],"product_tag":[],"class_list":{"0":"post-709378","1":"product","2":"type-product","3":"status-publish","5":"product_cat-edebiyat","6":"product_cat-fantastik","7":"pa_cilt-ciltli","8":"pa_tur-kitap","9":"pa_yayinevi-ephesus-yayinlari","10":"pa_yazar-m-rise","12":"first","13":"instock","14":"sale","15":"shipping-taxable","16":"purchasable","17":"product-type-simple"},"_links":{"self":[{"href":"https:\/\/roveyayinevi.com.tr\/index.php\/wp-json\/wp\/v2\/product\/709378","targetHints":{"allow":["GET"]}}],"collection":[{"href":"https:\/\/roveyayinevi.com.tr\/index.php\/wp-json\/wp\/v2\/product"}],"about":[{"href":"https:\/\/roveyayinevi.com.tr\/index.php\/wp-json\/wp\/v2\/types\/product"}],"wp:attachment":[{"href":"https:\/\/roveyayinevi.com.tr\/index.php\/wp-json\/wp\/v2\/media?parent=709378"}],"wp:term":[{"taxonomy":"product_brand","embeddable":true,"href":"https:\/\/roveyayinevi.com.tr\/index.php\/wp-json\/wp\/v2\/product_brand?post=709378"},{"taxonomy":"product_cat","embeddable":true,"href":"https:\/\/roveyayinevi.com.tr\/index.php\/wp-json\/wp\/v2\/product_cat?post=709378"},{"taxonomy":"product_tag","embeddable":true,"href":"https:\/\/roveyayinevi.com.tr\/index.php\/wp-json\/wp\/v2\/product_tag?post=709378"}],"curies":[{"name":"wp","href":"https:\/\/api.w.org\/{rel}","templated":true}]}}