{"id":709377,"date":"2025-08-27T16:24:21","date_gmt":"2025-08-27T13:24:21","guid":{"rendered":"https:\/\/roveyayinevi.com.tr\/index.php\/urun\/bin-yilin-gocu-1\/"},"modified":"2026-04-16T02:18:03","modified_gmt":"2026-04-15T23:18:03","slug":"bin-yilin-gocu-1","status":"publish","type":"product","link":"https:\/\/roveyayinevi.com.tr\/index.php\/urun\/bin-yilin-gocu-1\/","title":{"rendered":"Bin Y\u0131l\u0131n G\u00f6\u00e7\u00fc -1"},"content":{"rendered":"<p>D\u00fcnya \u00fcst\u00fcnde bug\u00fcne kadar ya\u015fanm\u0131\u015f pek az g\u00f6\u00e7, tarihin seyrini geri d\u00f6n\u00fclmez olarak de\u011fi\u015ftirmi\u015ftir. Bunlar\u0131n ba\u015f\u0131nda da O\u011fuz boylar\u0131n\u0131n g\u00f6\u00e7\u00fc geliyor. Daha \u00f6nce kaleme ald\u0131\u011f\u0131 Demirda\u011f\u0131n Kurtlar\u0131 ve Kutlu Ka\u011fanl\u0131k -G\u00f6kt\u00fcrklerin Do\u011fu\u015fu- romanlar\u0131yla tarih\u00ee roman severlerin b\u00fcy\u00fck be\u011fenisini kazanan Hasan Erimez, bu kez de G\u00f6kt\u00fcrk Ka\u011fanl\u0131\u011f\u0131\u2019n\u0131n y\u0131k\u0131lmas\u0131ndan sonra kaderlerini yeni bir istikamette arayan T\u00fcrklerin y\u00fczy\u0131llar s\u00fcren o destans\u0131 g\u00f6\u00e7\u00fcyle okuyucular\u0131n kar\u015f\u0131s\u0131na \u00e7\u0131k\u0131yor. \u0130\u00e7 O\u011fuz\u2019un D\u0131\u015f O\u011fuz\u2019a kar\u0131\u015ft\u0131\u011f\u0131, karde\u015fin karde\u015fi tan\u0131mad\u0131\u011f\u0131, sadece d\u00fc\u015fmanlarla de\u011fil, \u00e7etin tabiat \u015fartlar\u0131yla da m\u00fccadele edilmesi gereken bu g\u00f6\u00e7te, T\u00fcrklerin ba\u015f\u0131ndan ne gibi ser\u00fcvenler ge\u00e7ecek? Kay\u0131lar, bu amans\u0131z yolculukta hangi tarih\u00ee g\u00f6revi yerine getirecek? T\u00fcrklerin esenli\u011fini sa\u011flayan \u201cKutsal Ta\u015f\u201d bulunabilecek mi? \u201cDirlik A\u011fac\u0131\u201d nerede k\u00f6k salacak? Binlerce O\u011fuz\u2019a mezar olan Guzyutan Da\u011f\u0131 nas\u0131l a\u015f\u0131lacak? T\u00fcrkler M\u00fcsl\u00fcmanl\u0131\u011f\u0131 nerede ve nas\u0131l kabul edecekler?  Tu\u011frul ve \u00c7a\u011fr\u0131 Beyler, O\u011fuz boylar\u0131n\u0131 bir araya getirebilecekler mi? Hasan Erimez; Tanr\u0131 Da\u011flar\u0131\u2019ndan Anadolu\u2019ya uzanan O\u011fuz g\u00f6\u00e7\u00fcn\u00fc anlatt\u0131\u011f\u0131 Bin Y\u0131l\u0131n G\u00f6\u00e7\u00fc -Alpler \u00c7a\u011f\u0131-\u2019nda T\u00fcrk k\u00fclt\u00fcr\u00fcn\u00fcn madd\u00ee ve manev\u00ee birikimlerinin nas\u0131l kazan\u0131ld\u0131\u011f\u0131n\u0131 y\u00fczlerce kaynaktan s\u00fczerek okuyucular\u0131n\u0131 unutulmaz bir yolculu\u011fa \u00e7\u0131kar\u0131yor. <\/p>\n","protected":false},"excerpt":{"rendered":"<p>D\u00fcnya \u00fcst\u00fcnde bug\u00fcne kadar ya\u015fanm\u0131\u015f pek az g\u00f6\u00e7, tarihin seyrini geri d\u00f6n\u00fclmez olarak de\u011fi\u015ftirmi\u015ftir. Bunlar\u0131n ba\u015f\u0131nda da O\u011fuz boylar\u0131n\u0131n g\u00f6\u00e7\u00fc geliyor. Daha \u00f6nce kaleme ald\u0131\u011f\u0131 Demirda\u011f\u0131n<span class=\"excerpt-hellip\"> [\u2026]<\/span><\/p>\n","protected":false},"featured_media":0,"template":"","meta":{"_monsterinsights_skip_tracking":false,"_monsterinsights_sitenote_active":false,"_monsterinsights_sitenote_note":"","_monsterinsights_sitenote_category":0},"product_brand":[],"product_cat":[12291,12745],"product_tag":[],"class_list":{"0":"post-709377","1":"product","2":"type-product","3":"status-publish","5":"product_cat-edebiyat","6":"product_cat-tarihi-roman","7":"pa_cilt-ciltsiz","8":"pa_tur-kitap","9":"pa_yayinevi-otuken-nesriyat","10":"pa_yazar-hasan-erimez","12":"first","13":"instock","14":"sale","15":"shipping-taxable","16":"purchasable","17":"product-type-simple"},"_links":{"self":[{"href":"https:\/\/roveyayinevi.com.tr\/index.php\/wp-json\/wp\/v2\/product\/709377","targetHints":{"allow":["GET"]}}],"collection":[{"href":"https:\/\/roveyayinevi.com.tr\/index.php\/wp-json\/wp\/v2\/product"}],"about":[{"href":"https:\/\/roveyayinevi.com.tr\/index.php\/wp-json\/wp\/v2\/types\/product"}],"wp:attachment":[{"href":"https:\/\/roveyayinevi.com.tr\/index.php\/wp-json\/wp\/v2\/media?parent=709377"}],"wp:term":[{"taxonomy":"product_brand","embeddable":true,"href":"https:\/\/roveyayinevi.com.tr\/index.php\/wp-json\/wp\/v2\/product_brand?post=709377"},{"taxonomy":"product_cat","embeddable":true,"href":"https:\/\/roveyayinevi.com.tr\/index.php\/wp-json\/wp\/v2\/product_cat?post=709377"},{"taxonomy":"product_tag","embeddable":true,"href":"https:\/\/roveyayinevi.com.tr\/index.php\/wp-json\/wp\/v2\/product_tag?post=709377"}],"curies":[{"name":"wp","href":"https:\/\/api.w.org\/{rel}","templated":true}]}}