{"id":709373,"date":"2025-08-27T16:24:19","date_gmt":"2025-08-27T13:24:19","guid":{"rendered":"https:\/\/roveyayinevi.com.tr\/index.php\/urun\/beni-yalniz-sen-anlarsin\/"},"modified":"2026-04-16T02:18:03","modified_gmt":"2026-04-15T23:18:03","slug":"beni-yalniz-sen-anlarsin","status":"publish","type":"product","link":"https:\/\/roveyayinevi.com.tr\/index.php\/urun\/beni-yalniz-sen-anlarsin\/","title":{"rendered":"Beni Yaln\u0131z Sen Anlars\u0131n"},"content":{"rendered":"<p>Yaban meyveleri tad\u0131nda \u00f6yk\u00fcler&#8230; Severek okuyacaks\u0131n. S\u0131radan gibi g\u00f6r\u00fcnen insanlar\u0131n zengin i\u00e7 d\u00fcnyalar\u0131, hayat\u0131n anlaml\u0131 ayr\u0131nt\u0131lar\u0131 \u015fa\u015f\u0131rtacak seni&#8230; Sars\u0131lacaks\u0131n, g\u00fcl\u00fcmseyeceksin okurken, g\u00f6zlerin dolacak belki de&#8230; Hayata bak\u0131\u015f\u0131n asla eskisi gibi olmayacak bu kitab\u0131 okuduktan sonra&#8230; Daha bilge, daha duyarl\u0131, daha mutlu olacaks\u0131n&#8230; Bu kitab\u0131 herkes okuyabilir ama herkes anlayamaz&#8230; Belki de onu yaln\u0131z sen anlayacaks\u0131n.<\/p>\n","protected":false},"excerpt":{"rendered":"<p>Yaban meyveleri tad\u0131nda \u00f6yk\u00fcler&#8230; Severek okuyacaks\u0131n. S\u0131radan gibi g\u00f6r\u00fcnen insanlar\u0131n zengin i\u00e7 d\u00fcnyalar\u0131, hayat\u0131n anlaml\u0131 ayr\u0131nt\u0131lar\u0131 \u015fa\u015f\u0131rtacak seni&#8230; Sars\u0131lacaks\u0131n, g\u00fcl\u00fcmseyeceksin okurken, g\u00f6zlerin dolacak belki de&#8230; Hayata<span class=\"excerpt-hellip\"> [\u2026]<\/span><\/p>\n","protected":false},"featured_media":0,"template":"","meta":{"_monsterinsights_skip_tracking":false,"_monsterinsights_sitenote_active":false,"_monsterinsights_sitenote_note":"","_monsterinsights_sitenote_category":0},"product_brand":[],"product_cat":[12291,15117],"product_tag":[],"class_list":{"0":"post-709373","1":"product","2":"type-product","3":"status-publish","5":"product_cat-edebiyat","6":"product_cat-genclik-edebiyati","7":"pa_cilt-ciltsiz","8":"pa_tur-kitap","9":"pa_yayinevi-carpe-diem-kitaplari","10":"pa_yazar-omer-sevincgul","12":"first","13":"instock","14":"sale","15":"shipping-taxable","16":"purchasable","17":"product-type-simple"},"_links":{"self":[{"href":"https:\/\/roveyayinevi.com.tr\/index.php\/wp-json\/wp\/v2\/product\/709373","targetHints":{"allow":["GET"]}}],"collection":[{"href":"https:\/\/roveyayinevi.com.tr\/index.php\/wp-json\/wp\/v2\/product"}],"about":[{"href":"https:\/\/roveyayinevi.com.tr\/index.php\/wp-json\/wp\/v2\/types\/product"}],"wp:attachment":[{"href":"https:\/\/roveyayinevi.com.tr\/index.php\/wp-json\/wp\/v2\/media?parent=709373"}],"wp:term":[{"taxonomy":"product_brand","embeddable":true,"href":"https:\/\/roveyayinevi.com.tr\/index.php\/wp-json\/wp\/v2\/product_brand?post=709373"},{"taxonomy":"product_cat","embeddable":true,"href":"https:\/\/roveyayinevi.com.tr\/index.php\/wp-json\/wp\/v2\/product_cat?post=709373"},{"taxonomy":"product_tag","embeddable":true,"href":"https:\/\/roveyayinevi.com.tr\/index.php\/wp-json\/wp\/v2\/product_tag?post=709373"}],"curies":[{"name":"wp","href":"https:\/\/api.w.org\/{rel}","templated":true}]}}