{"id":709372,"date":"2025-08-27T16:24:18","date_gmt":"2025-08-27T13:24:18","guid":{"rendered":"https:\/\/roveyayinevi.com.tr\/index.php\/urun\/azicik-gulumse\/"},"modified":"2026-04-16T02:18:03","modified_gmt":"2026-04-15T23:18:03","slug":"azicik-gulumse","status":"publish","type":"product","link":"https:\/\/roveyayinevi.com.tr\/index.php\/urun\/azicik-gulumse\/","title":{"rendered":"Az\u0131c\u0131k G\u00fcl\u00fcmse"},"content":{"rendered":"<p>Yapraklar\u0131nda tek g\u00fczel s\u00f6z h\u0131\u015f\u0131rdamayan bir a\u011fac\u0131n hik\u00e2yesidir AZICIK G\u00dcL\u00dcMSE\u2026Sevenlerini can\u0131ndan bezdirecek kadar huysuzdur a\u011fa\u00e7. G\u00fcn boyu can s\u0131k\u0131nt\u0131s\u0131 \u00e7eker ve y\u00fcz\u00fc hi\u00e7 g\u00fclmez. \u015eenb\u00fcl ise a\u011fa\u00e7tan vazge\u00e7meyen tek dostudur. Ve bir g\u00fcn aralar\u0131nda \u015f\u00f6yle bir konu\u015fma ge\u00e7er; \u201cBinlerce kez u\u00e7mak m\u0131?\u201d diye h\u0131\u015f\u0131rdad\u0131 a\u011fa\u00e7. \u201cAma bu imk\u00e2ns\u0131z!\u201d \u00c7al\u0131lara do\u011fru u\u00e7an \u015eenb\u00fcl ne\u015feyle \u015fak\u0131d\u0131. \u201c\u0130mk\u00e2ns\u0131z diye bir \u015fey yoktur!\u201d <\/p>\n","protected":false},"excerpt":{"rendered":"<p>Yapraklar\u0131nda tek g\u00fczel s\u00f6z h\u0131\u015f\u0131rdamayan bir a\u011fac\u0131n hik\u00e2yesidir AZICIK G\u00dcL\u00dcMSE\u2026Sevenlerini can\u0131ndan bezdirecek kadar huysuzdur a\u011fa\u00e7. G\u00fcn boyu can s\u0131k\u0131nt\u0131s\u0131 \u00e7eker ve y\u00fcz\u00fc hi\u00e7 g\u00fclmez. \u015eenb\u00fcl ise<span class=\"excerpt-hellip\"> [\u2026]<\/span><\/p>\n","protected":false},"featured_media":0,"template":"","meta":{"_monsterinsights_skip_tracking":false,"_monsterinsights_sitenote_active":false,"_monsterinsights_sitenote_note":"","_monsterinsights_sitenote_category":0},"product_brand":[],"product_cat":[12274,12284],"product_tag":[],"class_list":{"0":"post-709372","1":"product","2":"type-product","3":"status-publish","5":"product_cat-cocuk-ve-genclik-kitaplari","6":"product_cat-hikayeler","7":"pa_cilt-ciltsiz","8":"pa_tur-kitap","9":"pa_yayinevi-altin-kitaplar-cocuk-kitaplari","10":"pa_yazar-asuman-portakal","12":"first","13":"instock","14":"sale","15":"shipping-taxable","16":"purchasable","17":"product-type-simple"},"_links":{"self":[{"href":"https:\/\/roveyayinevi.com.tr\/index.php\/wp-json\/wp\/v2\/product\/709372","targetHints":{"allow":["GET"]}}],"collection":[{"href":"https:\/\/roveyayinevi.com.tr\/index.php\/wp-json\/wp\/v2\/product"}],"about":[{"href":"https:\/\/roveyayinevi.com.tr\/index.php\/wp-json\/wp\/v2\/types\/product"}],"wp:attachment":[{"href":"https:\/\/roveyayinevi.com.tr\/index.php\/wp-json\/wp\/v2\/media?parent=709372"}],"wp:term":[{"taxonomy":"product_brand","embeddable":true,"href":"https:\/\/roveyayinevi.com.tr\/index.php\/wp-json\/wp\/v2\/product_brand?post=709372"},{"taxonomy":"product_cat","embeddable":true,"href":"https:\/\/roveyayinevi.com.tr\/index.php\/wp-json\/wp\/v2\/product_cat?post=709372"},{"taxonomy":"product_tag","embeddable":true,"href":"https:\/\/roveyayinevi.com.tr\/index.php\/wp-json\/wp\/v2\/product_tag?post=709372"}],"curies":[{"name":"wp","href":"https:\/\/api.w.org\/{rel}","templated":true}]}}