{"id":709367,"date":"2025-08-27T16:24:16","date_gmt":"2025-08-27T13:24:16","guid":{"rendered":"https:\/\/roveyayinevi.com.tr\/index.php\/urun\/hikayeler-ve-masallar\/"},"modified":"2026-04-16T02:18:03","modified_gmt":"2026-04-15T23:18:03","slug":"hikayeler-ve-masallar","status":"publish","type":"product","link":"https:\/\/roveyayinevi.com.tr\/index.php\/urun\/hikayeler-ve-masallar\/","title":{"rendered":"Hikayeler ve Masallar"},"content":{"rendered":"<p>Akl\u0131n bilgeli\u011finden daha fazla belki de kalbin, y\u00fcre\u011fin bilgeli\u011fine vurgu yapan Oscar Wilde\u2019\u0131n, \u00e7ocu\u011fundan ya\u015fl\u0131s\u0131na her ya\u015ftan insana hitap eden masallar\u0131, hik\u00e2yeleri sevginin, g\u00fczelli\u011fin, erdemli olan\u0131n izlerini s\u00fcrer. Bir fanusun i\u00e7indeki d\u00fcnya de\u011fildir anlat\u0131lan\u2026 Sert ve ac\u0131mas\u0131z bir d\u00fcnyan\u0131n hoyratl\u0131klar\u0131na kar\u015f\u0131 sevginin, a\u015fk\u0131n erdemlerini duyurur. Zarif bir \u00fcslupla kaleme al\u0131nan bu hik\u00e2ye ve masallarda y\u00fcre\u011fin s\u0131rr\u0131 ancak ger\u00e7ek bir cesaretin, \u00e7aban\u0131n, \u00e7al\u0131\u015fman\u0131n sonunda ortaya \u00e7\u0131kar. B\u00fclb\u00fcl ile G\u00fcl, Mutlu Prens, Gen\u00e7 Kral, Y\u0131ld\u0131z \u00c7ocuk\u2026 Bal\u0131k\u00e7\u0131 ve Ruhu, Lord Arthur Savile\u2019in Su\u00e7u, Canterville Hortla\u011f\u0131, S\u0131rr\u0131 Olmayan Sfenks\u2026 Hayat\u0131n indirdi\u011fi k\u0131rba\u00e7 darbeleri alt\u0131nda daha da bilenen, g\u00fc\u00e7lenen insan kalbinin kendi ko\u015fullar\u0131nda bi\u00e7imlenmi\u015f resimleridirler \u00e2deta: \u201cYa\u015fayam\u0131yorsan\u0131z e\u011fer bu ba\u015fkalar\u0131ndan dolay\u0131 de\u011fildir. Sizi g\u00fc\u00e7s\u00fczle\u015ftiren, \u00e7aresizle\u015ftiren, sizi ba\u015fkald\u0131rmaktan al\u0131koyan, de\u011fi\u015ftiremeyeceklerinizi kabul etmenize mani olan, de\u011fi\u015ftirebileceklerinizin \u00fcst\u00fcne gitmenize izin vermeyen, sizi ya\u015fatmayan, sizin kendi korkular\u0131n\u0131zd\u0131r. Ya- \u015famak y\u00fcrek ister \u00e7\u00fcnk\u00fc.\u201d \ufffcTan\u0131t\u0131m Metni<\/p>\n","protected":false},"excerpt":{"rendered":"<p>Akl\u0131n bilgeli\u011finden daha fazla belki de kalbin, y\u00fcre\u011fin bilgeli\u011fine vurgu yapan Oscar Wilde\u2019\u0131n, \u00e7ocu\u011fundan ya\u015fl\u0131s\u0131na her ya\u015ftan insana hitap eden masallar\u0131, hik\u00e2yeleri sevginin, g\u00fczelli\u011fin, erdemli olan\u0131n<span class=\"excerpt-hellip\"> [\u2026]<\/span><\/p>\n","protected":false},"featured_media":0,"template":"","meta":{"_monsterinsights_skip_tracking":false,"_monsterinsights_sitenote_active":false,"_monsterinsights_sitenote_note":"","_monsterinsights_sitenote_category":0},"product_brand":[],"product_cat":[12291,12711],"product_tag":[],"class_list":{"0":"post-709367","1":"product","2":"type-product","3":"status-publish","5":"product_cat-edebiyat","6":"product_cat-roman-oyku","7":"pa_cilt-ciltsiz","8":"pa_tur-kitap","9":"pa_yayinevi-dogu-bati-yayinlari","10":"pa_yazar-oscar-wilde","12":"first","13":"instock","14":"sale","15":"shipping-taxable","16":"purchasable","17":"product-type-simple"},"_links":{"self":[{"href":"https:\/\/roveyayinevi.com.tr\/index.php\/wp-json\/wp\/v2\/product\/709367","targetHints":{"allow":["GET"]}}],"collection":[{"href":"https:\/\/roveyayinevi.com.tr\/index.php\/wp-json\/wp\/v2\/product"}],"about":[{"href":"https:\/\/roveyayinevi.com.tr\/index.php\/wp-json\/wp\/v2\/types\/product"}],"wp:attachment":[{"href":"https:\/\/roveyayinevi.com.tr\/index.php\/wp-json\/wp\/v2\/media?parent=709367"}],"wp:term":[{"taxonomy":"product_brand","embeddable":true,"href":"https:\/\/roveyayinevi.com.tr\/index.php\/wp-json\/wp\/v2\/product_brand?post=709367"},{"taxonomy":"product_cat","embeddable":true,"href":"https:\/\/roveyayinevi.com.tr\/index.php\/wp-json\/wp\/v2\/product_cat?post=709367"},{"taxonomy":"product_tag","embeddable":true,"href":"https:\/\/roveyayinevi.com.tr\/index.php\/wp-json\/wp\/v2\/product_tag?post=709367"}],"curies":[{"name":"wp","href":"https:\/\/api.w.org\/{rel}","templated":true}]}}