{"id":709365,"date":"2025-08-27T16:24:15","date_gmt":"2025-08-27T13:24:15","guid":{"rendered":"https:\/\/roveyayinevi.com.tr\/index.php\/urun\/1453-geldim-kusattim-fethettim\/"},"modified":"2026-04-16T02:18:03","modified_gmt":"2026-04-15T23:18:03","slug":"1453-geldim-kusattim-fethettim","status":"publish","type":"product","link":"https:\/\/roveyayinevi.com.tr\/index.php\/urun\/1453-geldim-kusattim-fethettim\/","title":{"rendered":"1453 Geldim Ku\u015fatt\u0131m Fethettim"},"content":{"rendered":"<p>Y\u00fczy\u0131llar \u00f6ncesine gidiyoruz&#8230;Sadece bizim de\u011fil t\u00fcm d\u00fcnyan\u0131n tan\u0131d\u0131\u011f\u0131 bir ki\u015fi olan ve yapt\u0131klar\u0131yla herkesi kendine hayran b\u0131rakan Gen\u00e7 Padi\u015fah Fatih Sultan Mehmet\u2019in maceralar\u0131n\u0131n anlat\u0131ld\u0131\u011f\u0131 bu kitapta accayip bilgilerle kar\u015f\u0131la\u015facaks\u0131n\u0131z!   \u015eehzadelerin nas\u0131l e\u011fitildiklerini, hangi okullara gittiklerini,  \u015eehzade Mehmet\u2019in haftal\u0131k ders program\u0131nda hangi derslerin oldu\u011funu, hocalar\u0131n\u0131n kimler oldu\u011funu, hangi dilleri bildi\u011fini, bu dilleri nas\u0131l \u00f6\u011frendi\u011fini,  Hangi oyunlar\u0131 oynad\u0131\u011f\u0131n\u0131, ve  Hen\u00fcz 12 ya\u015f\u0131ndayken bir anda kendini Osmanl\u0131 taht\u0131nda bulan \u015eehzade Mehmet\u2019in neler yapt\u0131\u011f\u0131n\u0131 ve g\u00fczide \u015fehir \u0130stanbul&#8217;un tarihini okuyacaks\u0131n\u0131z! <\/p>\n","protected":false},"excerpt":{"rendered":"<p>Y\u00fczy\u0131llar \u00f6ncesine gidiyoruz&#8230;Sadece bizim de\u011fil t\u00fcm d\u00fcnyan\u0131n tan\u0131d\u0131\u011f\u0131 bir ki\u015fi olan ve yapt\u0131klar\u0131yla herkesi kendine hayran b\u0131rakan Gen\u00e7 Padi\u015fah Fatih Sultan Mehmet\u2019in maceralar\u0131n\u0131n anlat\u0131ld\u0131\u011f\u0131 bu kitapta<span class=\"excerpt-hellip\"> [\u2026]<\/span><\/p>\n","protected":false},"featured_media":0,"template":"","meta":{"_monsterinsights_skip_tracking":false,"_monsterinsights_sitenote_active":false,"_monsterinsights_sitenote_note":"","_monsterinsights_sitenote_category":0},"product_brand":[],"product_cat":[12274,12284],"product_tag":[],"class_list":{"0":"post-709365","1":"product","2":"type-product","3":"status-publish","5":"product_cat-cocuk-ve-genclik-kitaplari","6":"product_cat-hikayeler","7":"pa_cilt-ciltsiz","8":"pa_tur-kitap","9":"pa_yayinevi-timas-cocuk","10":"pa_yazar-nasuh-matrakci","12":"first","13":"instock","14":"sale","15":"shipping-taxable","16":"purchasable","17":"product-type-simple"},"_links":{"self":[{"href":"https:\/\/roveyayinevi.com.tr\/index.php\/wp-json\/wp\/v2\/product\/709365","targetHints":{"allow":["GET"]}}],"collection":[{"href":"https:\/\/roveyayinevi.com.tr\/index.php\/wp-json\/wp\/v2\/product"}],"about":[{"href":"https:\/\/roveyayinevi.com.tr\/index.php\/wp-json\/wp\/v2\/types\/product"}],"wp:attachment":[{"href":"https:\/\/roveyayinevi.com.tr\/index.php\/wp-json\/wp\/v2\/media?parent=709365"}],"wp:term":[{"taxonomy":"product_brand","embeddable":true,"href":"https:\/\/roveyayinevi.com.tr\/index.php\/wp-json\/wp\/v2\/product_brand?post=709365"},{"taxonomy":"product_cat","embeddable":true,"href":"https:\/\/roveyayinevi.com.tr\/index.php\/wp-json\/wp\/v2\/product_cat?post=709365"},{"taxonomy":"product_tag","embeddable":true,"href":"https:\/\/roveyayinevi.com.tr\/index.php\/wp-json\/wp\/v2\/product_tag?post=709365"}],"curies":[{"name":"wp","href":"https:\/\/api.w.org\/{rel}","templated":true}]}}