{"id":709364,"date":"2025-08-27T16:24:14","date_gmt":"2025-08-27T13:24:14","guid":{"rendered":"https:\/\/roveyayinevi.com.tr\/index.php\/urun\/bitirim-ikili-guney-kutbunda\/"},"modified":"2026-04-03T02:23:31","modified_gmt":"2026-04-02T23:23:31","slug":"bitirim-ikili-guney-kutbunda","status":"publish","type":"product","link":"https:\/\/roveyayinevi.com.tr\/index.php\/urun\/bitirim-ikili-guney-kutbunda\/","title":{"rendered":"Bitirim \u0130kili G\u00fcney Kutbunda"},"content":{"rendered":"<p>U\u00e7uk Ka\u00e7\u0131k Maceralar\u0131n kahramanlar\u0131 &#8220;Bitirim \u0130kili&#8221; ile aksiyon ve komedi dolu bir yolculu\u011fa haz\u0131r olun!Art\u0131k hepinizin bildi\u011fi gibi Bitirim \u0130kili &#8220;K\u00f6t\u00fclerle ve Felaketlerle&#8221; m\u00fccadele eden iki ajan!Ve ajanlar\u0131m\u0131z\u0131n bu seferki yolculu\u011fu G\u00fcney Kutbu&#8217;na!&#8221;D\u00fcnyan\u0131n sonunda ne i\u015fleri var!&#8221; dedi\u011finizi duyar gibiyim. Sevgili okur,Ne yaz\u0131k ki k\u00f6t\u00fcler s\u0131n\u0131r tan\u0131m\u0131yor! Ama neyse ki u\u00e7uk ka\u00e7\u0131k ajanlar\u0131m\u0131z da s\u0131n\u0131r tan\u0131m\u0131yor ve k\u00f6t\u00fclerle m\u00fccadele etmekten asla vazge\u00e7miyorlar! Yaln\u0131z do\u011fruyu s\u00f6ylemek gerekirse bu kez \u00e7ok zorlu bir m\u00fccadelenin i\u00e7indeler. D\u00fcnyan\u0131n bir ucunda, buzdan bir \u00e7\u00f6l\u00fcn ortas\u0131ndalar ve \u00fcstelik kutuplar\u0131 eritip d\u00fcnyan\u0131n yap\u0131s\u0131n\u0131 de\u011fi\u015ftirmek isteyen k\u00f6t\u00fclerle kar\u015f\u0131 kar\u015f\u0131yalar! &#8220;Eyvah! Bitirim \u0130kili&#8217;nin ba\u015f\u0131 fena halde dertte!&#8221; dedi\u011finize de duyar gibiyim. Sevgili okur,Tabii ki her \u015fey bu kadar ciddi ve tehlikeli de\u011fil! Bitirim \u0130kili buzdan bir \u00e7\u00f6l\u00fcn ortas\u0131nda donmak \u00fczereyken bile sizi yerinizden hoplatacak, g\u00fclmekten k\u0131r\u0131p ge\u00e7irecek!Aksiyon, gerilim, \u00e7ok \u00e7ok komedi ve e\u011flence sizi bekliyor! <\/p>\n","protected":false},"excerpt":{"rendered":"<p>U\u00e7uk Ka\u00e7\u0131k Maceralar\u0131n kahramanlar\u0131 &#8220;Bitirim \u0130kili&#8221; ile aksiyon ve komedi dolu bir yolculu\u011fa haz\u0131r olun!Art\u0131k hepinizin bildi\u011fi gibi Bitirim \u0130kili &#8220;K\u00f6t\u00fclerle ve Felaketlerle&#8221; m\u00fccadele eden iki<span class=\"excerpt-hellip\"> [\u2026]<\/span><\/p>\n","protected":false},"featured_media":0,"template":"","meta":{"_monsterinsights_skip_tracking":false,"_monsterinsights_sitenote_active":false,"_monsterinsights_sitenote_note":"","_monsterinsights_sitenote_category":0},"product_brand":[],"product_cat":[12274,12284],"product_tag":[],"class_list":{"0":"post-709364","1":"product","2":"type-product","3":"status-publish","5":"product_cat-cocuk-ve-genclik-kitaplari","6":"product_cat-hikayeler","7":"pa_cilt-ciltsiz","8":"pa_tur-kitap","9":"pa_yayinevi-timas-cocuk","10":"pa_yazar-mustafa-orakci","12":"first","13":"instock","14":"sale","15":"shipping-taxable","16":"purchasable","17":"product-type-simple"},"_links":{"self":[{"href":"https:\/\/roveyayinevi.com.tr\/index.php\/wp-json\/wp\/v2\/product\/709364","targetHints":{"allow":["GET"]}}],"collection":[{"href":"https:\/\/roveyayinevi.com.tr\/index.php\/wp-json\/wp\/v2\/product"}],"about":[{"href":"https:\/\/roveyayinevi.com.tr\/index.php\/wp-json\/wp\/v2\/types\/product"}],"wp:attachment":[{"href":"https:\/\/roveyayinevi.com.tr\/index.php\/wp-json\/wp\/v2\/media?parent=709364"}],"wp:term":[{"taxonomy":"product_brand","embeddable":true,"href":"https:\/\/roveyayinevi.com.tr\/index.php\/wp-json\/wp\/v2\/product_brand?post=709364"},{"taxonomy":"product_cat","embeddable":true,"href":"https:\/\/roveyayinevi.com.tr\/index.php\/wp-json\/wp\/v2\/product_cat?post=709364"},{"taxonomy":"product_tag","embeddable":true,"href":"https:\/\/roveyayinevi.com.tr\/index.php\/wp-json\/wp\/v2\/product_tag?post=709364"}],"curies":[{"name":"wp","href":"https:\/\/api.w.org\/{rel}","templated":true}]}}