{"id":709361,"date":"2025-08-27T16:24:13","date_gmt":"2025-08-27T13:24:13","guid":{"rendered":"https:\/\/roveyayinevi.com.tr\/index.php\/urun\/kadinlar-alayi\/"},"modified":"2026-04-16T02:18:03","modified_gmt":"2026-04-15T23:18:03","slug":"kadinlar-alayi","status":"publish","type":"product","link":"https:\/\/roveyayinevi.com.tr\/index.php\/urun\/kadinlar-alayi\/","title":{"rendered":"Kad\u0131nlar Alay\u0131"},"content":{"rendered":"<p>\u201cNihayet Holmes\u2019a farkl\u0131 g\u00f6zle bakabilen ve ona lay\u0131k bir yard\u0131mc\u0131 bulmu\u015f bir yazara rastlad\u0131m. Laurie R. King, b\u00fcy\u00fck dedektifle da\u011fda-bay\u0131rda kar\u015f\u0131la\u015fan, hatta onun \u00fcst\u00fcne bas\u0131p ezmesine ramak kalan Mary Russell\u2019da bulmacay\u0131 \u00e7\u00f6zm\u00fc\u015f.\u201d SEV\u0130N OKYAYAr\u0131c\u0131n\u0131n \u00c7\u0131ra\u011f\u0131\u2019n\u0131n devam kitab\u0131 olan Kad\u0131nlar Alay\u0131\u2019nda Mary Russell-Sherlock Holmes hik\u00e2yeleri soluksuz bir \u015fekilde devam ediyor!1921 y\u0131l\u0131yd\u0131 ve Sherlock Holmes\u2019un parlak \u00e7\u0131ra\u011f\u0131 Mary Russell, -\u015fimdi dereceyle Oxford \u00dcniversitesi teoloji mezunu bir kad\u0131n olarak- olduk\u00e7a b\u00fcy\u00fck bir miras edinme e\u015fi\u011findeydi.Kad\u0131n haklar\u0131na ve teolojiye yakla\u015f\u0131m\u0131yla dikkatleri \u00fczerine \u00e7eken yeni bir tap\u0131na\u011f\u0131n karizmatik lideri Margery Childe\u2019la \u015fans eseri tan\u0131\u015f\u0131p elinde olmadan ona ve Margery\u2019nin \u00e7o\u011fu zengin, e\u011fitimli gen\u00e7 kad\u0131nlardan olu\u015fan \u00e7evresine \u00e7ekilirken olaylar kendisine \u015fu soruyu sorduracakt\u0131; s\u00f6z konusu \u201cYeni Tap\u0131nak\u201d k\u00f6t\u00fc niyetli \u015feylerin bir \u00f6rt\u00fcs\u00fc olabilir miydi?\u015eimdi art\u0131k bir yanda Margery\u2019nin mistisizmini, di\u011fer yanda Holmes\u2019a kar\u015f\u0131 i\u00e7inde derinle\u015fen sevgiyi kabullenmenin yaratt\u0131\u011f\u0131 i\u00e7 \u00e7at\u0131\u015fmalar\u0131n e\u015fi\u011findedir Mary Russell. Ve ustas\u0131 Holmes\u2019un deste\u011fini ve \u00fcst\u00fcn zek\u00e2s\u0131n\u0131 her zaman arkas\u0131nda hissederek, kar\u015f\u0131la\u015faca\u011f\u0131 b\u00fcy\u00fck tehlikeden habersiz bir \u015fekilde tap\u0131na\u011f\u0131n s\u0131rr\u0131n\u0131n pe\u015fine d\u00fc\u015fer. Bu kitapla Nero Polisiye-Kurgu Dal\u0131nda En \u0130yi Kitap \u00d6d\u00fcl\u00fc\u2019n\u00fc alan \u00f6d\u00fcll\u00fc yazar Laurie R. King, sizi umulmad\u0131k bir maceran\u0131n i\u00e7ine \u00e7ekerken, Holmes ve Russell ortakl\u0131\u011f\u0131nda \u015fa\u015f\u0131rt\u0131c\u0131 bir d\u00f6n\u00fc\u015f\u00fcme i\u015faret ediyor. <\/p>\n","protected":false},"excerpt":{"rendered":"<p>\u201cNihayet Holmes\u2019a farkl\u0131 g\u00f6zle bakabilen ve ona lay\u0131k bir yard\u0131mc\u0131 bulmu\u015f bir yazara rastlad\u0131m. Laurie R. King, b\u00fcy\u00fck dedektifle da\u011fda-bay\u0131rda kar\u015f\u0131la\u015fan, hatta onun \u00fcst\u00fcne bas\u0131p ezmesine<span class=\"excerpt-hellip\"> [\u2026]<\/span><\/p>\n","protected":false},"featured_media":0,"template":"","meta":{"_monsterinsights_skip_tracking":false,"_monsterinsights_sitenote_active":false,"_monsterinsights_sitenote_note":"","_monsterinsights_sitenote_category":0},"product_brand":[],"product_cat":[12291,12711],"product_tag":[],"class_list":{"0":"post-709361","1":"product","2":"type-product","3":"status-publish","5":"product_cat-edebiyat","6":"product_cat-roman-oyku","7":"pa_cilt-ciltsiz","8":"pa_tur-kitap","9":"pa_yayinevi-portakal-kitap","10":"pa_yazar-laurie-r-king","12":"first","13":"instock","14":"sale","15":"shipping-taxable","16":"purchasable","17":"product-type-simple"},"_links":{"self":[{"href":"https:\/\/roveyayinevi.com.tr\/index.php\/wp-json\/wp\/v2\/product\/709361","targetHints":{"allow":["GET"]}}],"collection":[{"href":"https:\/\/roveyayinevi.com.tr\/index.php\/wp-json\/wp\/v2\/product"}],"about":[{"href":"https:\/\/roveyayinevi.com.tr\/index.php\/wp-json\/wp\/v2\/types\/product"}],"wp:attachment":[{"href":"https:\/\/roveyayinevi.com.tr\/index.php\/wp-json\/wp\/v2\/media?parent=709361"}],"wp:term":[{"taxonomy":"product_brand","embeddable":true,"href":"https:\/\/roveyayinevi.com.tr\/index.php\/wp-json\/wp\/v2\/product_brand?post=709361"},{"taxonomy":"product_cat","embeddable":true,"href":"https:\/\/roveyayinevi.com.tr\/index.php\/wp-json\/wp\/v2\/product_cat?post=709361"},{"taxonomy":"product_tag","embeddable":true,"href":"https:\/\/roveyayinevi.com.tr\/index.php\/wp-json\/wp\/v2\/product_tag?post=709361"}],"curies":[{"name":"wp","href":"https:\/\/api.w.org\/{rel}","templated":true}]}}