{"id":709355,"date":"2025-08-27T16:24:10","date_gmt":"2025-08-27T13:24:10","guid":{"rendered":"https:\/\/roveyayinevi.com.tr\/index.php\/urun\/hayalet-hikayeleri\/"},"modified":"2026-04-16T02:18:03","modified_gmt":"2026-04-15T23:18:03","slug":"hayalet-hikayeleri","status":"publish","type":"product","link":"https:\/\/roveyayinevi.com.tr\/index.php\/urun\/hayalet-hikayeleri\/","title":{"rendered":"Hayalet Hikayeleri"},"content":{"rendered":"<p>Hayalet Hik\u00e2yeleri bireyin uzun zaman susmu\u015f ge\u00e7mi\u015finin yeniden dile geldi\u011fi \u00f6yk\u00fclerle \u00f6r\u00fcl\u00fc bir kitap. Kimileyin \u00fcrk\u00fct\u00fcc\u00fc, kimileyin yaralay\u0131c\u0131 olan suskunluklar\u0131n kendilerini d\u0131\u015fa vurarak, art\u0131k o ge\u00e7mi\u015fe sahip insanlar\u0131 sahipsiz b\u0131rakarak kendiyle y\u00fczle\u015fmeye itti\u011fi \u00f6yk\u00fcler bunlar. Bir Deli A\u011fa\u00e7 ve Ak\u0131\u015f\u0131 Olmayan Sular adl\u0131 \u00f6yk\u00fc kitaplar\u0131yla romanc\u0131l\u0131\u011f\u0131 kadar \u00f6yk\u00fcc\u00fcl\u00fckteki ustal\u0131\u011f\u0131n\u0131 da kan\u0131tlayan P\u0131nar K\u00fcr\u2019\u00fcn kaleminden. \u201cBir kere bile d\u00f6n\u00fcp baksayd\u0131n y\u00fcz\u00fcme&#8230; Bir kere bile d\u00f6n\u00fcp bakmad\u0131n. Manas\u0131z mavi \u0131\u015f\u0131lt\u0131l\u0131 sa\u00e7lar\u0131 ok\u015fad\u0131\u011f\u0131n\u0131 g\u00f6rd\u00fcm \u2013 hatta \u00f6pt\u00fc\u011f\u00fcn\u00fc m\u00fc bile? Ne yapabilirdim? F\u0131rlay\u0131p zorla \u00e7ekse miydim o sa\u00e7lar\u0131 g\u00f6\u011fs\u00fcnden? \u0130nsan durdu\u011fu yerde b\u00fcy\u00fck bir y\u00fckseklikten b\u00fcy\u00fck bir h\u0131zla bo\u015flu\u011fa d\u00fc\u015ft\u00fc\u011f\u00fc duygusuna kap\u0131l\u0131r ya&#8230; Biraz daha durursa yere g\u00fcm diye \u00e7ak\u0131laca\u011f\u0131ndan, parampar\u00e7a olaca\u011f\u0131ndan korkar ya&#8230; O anda s\u00f6ylenecek herhangi bir s\u00f6z var m\u0131yd\u0131?\u201d <\/p>\n","protected":false},"excerpt":{"rendered":"<p>Hayalet Hik\u00e2yeleri bireyin uzun zaman susmu\u015f ge\u00e7mi\u015finin yeniden dile geldi\u011fi \u00f6yk\u00fclerle \u00f6r\u00fcl\u00fc bir kitap. Kimileyin \u00fcrk\u00fct\u00fcc\u00fc, kimileyin yaralay\u0131c\u0131 olan suskunluklar\u0131n kendilerini d\u0131\u015fa vurarak, art\u0131k o ge\u00e7mi\u015fe<span class=\"excerpt-hellip\"> [\u2026]<\/span><\/p>\n","protected":false},"featured_media":0,"template":"","meta":{"_monsterinsights_skip_tracking":false,"_monsterinsights_sitenote_active":false,"_monsterinsights_sitenote_note":"","_monsterinsights_sitenote_category":0},"product_brand":[],"product_cat":[12291,12711],"product_tag":[],"class_list":{"0":"post-709355","1":"product","2":"type-product","3":"status-publish","5":"product_cat-edebiyat","6":"product_cat-roman-oyku","7":"pa_cilt-ciltsiz","8":"pa_tur-kitap","9":"pa_yayinevi-can-yayinlari","10":"pa_yazar-pinar-kur","12":"first","13":"instock","14":"sale","15":"shipping-taxable","16":"purchasable","17":"product-type-simple"},"_links":{"self":[{"href":"https:\/\/roveyayinevi.com.tr\/index.php\/wp-json\/wp\/v2\/product\/709355","targetHints":{"allow":["GET"]}}],"collection":[{"href":"https:\/\/roveyayinevi.com.tr\/index.php\/wp-json\/wp\/v2\/product"}],"about":[{"href":"https:\/\/roveyayinevi.com.tr\/index.php\/wp-json\/wp\/v2\/types\/product"}],"wp:attachment":[{"href":"https:\/\/roveyayinevi.com.tr\/index.php\/wp-json\/wp\/v2\/media?parent=709355"}],"wp:term":[{"taxonomy":"product_brand","embeddable":true,"href":"https:\/\/roveyayinevi.com.tr\/index.php\/wp-json\/wp\/v2\/product_brand?post=709355"},{"taxonomy":"product_cat","embeddable":true,"href":"https:\/\/roveyayinevi.com.tr\/index.php\/wp-json\/wp\/v2\/product_cat?post=709355"},{"taxonomy":"product_tag","embeddable":true,"href":"https:\/\/roveyayinevi.com.tr\/index.php\/wp-json\/wp\/v2\/product_tag?post=709355"}],"curies":[{"name":"wp","href":"https:\/\/api.w.org\/{rel}","templated":true}]}}