{"id":709353,"date":"2025-08-27T16:24:09","date_gmt":"2025-08-27T13:24:09","guid":{"rendered":"https:\/\/roveyayinevi.com.tr\/index.php\/urun\/dev-tavsan\/"},"modified":"2026-04-16T02:18:03","modified_gmt":"2026-04-15T23:18:03","slug":"dev-tavsan","status":"publish","type":"product","link":"https:\/\/roveyayinevi.com.tr\/index.php\/urun\/dev-tavsan\/","title":{"rendered":"Dev Tav\u015fan"},"content":{"rendered":"<p>Tav\u015fan m\u0131, yoksa kuzu mu? Kuzu kadar tav\u015fan olur mu? Ad\u0131 Ball\u0131 kendi tatl\u0131, yavru bir tav\u015fan varm\u0131\u015f. Ya\u015fl\u0131 bir nineyle ya\u015fayan bu sar\u0131 tav\u015fan pek bir i\u015ftahl\u0131ym\u0131\u015f. Yedik\u00e7e yiyor, b\u00fcy\u00fcd\u00fck\u00e7e b\u00fcy\u00fcyormu\u015f. Derken bir g\u00fcn, Emine Nine ona bakamaz olmu\u015f. Ball\u0131 da \u00e7areyi evden ayr\u0131lmakta bulmu\u015f\u2026 Yollara d\u00fc\u015fen Dev Tav\u015fan g\u00fcnler ge\u00e7tik\u00e7e evlere, k\u00f6ylere s\u0131\u011famaz olmu\u015f. Yeniden eski haline d\u00f6n\u00fcp \u00e7ok sevdi\u011fi ninesine kavu\u015fabilmek i\u00e7in de masallarda, g\u00f6ky\u00fcz\u00fcn\u00fc s\u00fcsleyen reng\u00e2renk k\u00f6pr\u00fcn\u00fcn, yani g\u00f6kku\u015fa\u011f\u0131n\u0131n izini tutmu\u015f. Tek bir dile\u011fi varm\u0131\u015f\u2026 Usta sanat\u00e7\u0131 Can G\u00f6knil\u2019in yepyeni resimli kitab\u0131 Dev Tav\u015fan, ha\u015far\u0131 bir tav\u015fan\u0131n pe\u015finde ne\u015feli, \u00f6\u011fretici ve merak uyand\u0131ran bir aray\u0131\u015f yolculu\u011funa \u00e7\u0131kar\u0131yor minik okurlar\u0131. S\u0131cac\u0131k \u00e7izimleri, naif \u00f6yk\u00fcs\u00fc ve mizahi anlat\u0131m\u0131yla kalpleri \u0131s\u0131tan Dev Tav\u015fan\u2019\u0131n maceralar\u0131n\u0131 okuduktan sonra, g\u00f6kku\u015fa\u011f\u0131n\u0131n alt\u0131ndan her ge\u00e7ti\u011finizde bir dilek de siz tutmak isteyeceksiniz. <\/p>\n","protected":false},"excerpt":{"rendered":"<p>Tav\u015fan m\u0131, yoksa kuzu mu? Kuzu kadar tav\u015fan olur mu? Ad\u0131 Ball\u0131 kendi tatl\u0131, yavru bir tav\u015fan varm\u0131\u015f. Ya\u015fl\u0131 bir nineyle ya\u015fayan bu sar\u0131 tav\u015fan pek<span class=\"excerpt-hellip\"> [\u2026]<\/span><\/p>\n","protected":false},"featured_media":0,"template":"","meta":{"_monsterinsights_skip_tracking":false,"_monsterinsights_sitenote_active":false,"_monsterinsights_sitenote_note":"","_monsterinsights_sitenote_category":0},"product_brand":[],"product_cat":[12913,12274],"product_tag":[],"class_list":{"0":"post-709353","1":"product","2":"type-product","3":"status-publish","5":"product_cat-3-6-yas-kitaplari","6":"product_cat-cocuk-ve-genclik-kitaplari","7":"pa_cilt-ciltli","8":"pa_tur-kitap","9":"pa_yayinevi-ucanbalik-yayincilik","10":"pa_yazar-can-goknil","12":"first","13":"instock","14":"sale","15":"shipping-taxable","16":"purchasable","17":"product-type-simple"},"_links":{"self":[{"href":"https:\/\/roveyayinevi.com.tr\/index.php\/wp-json\/wp\/v2\/product\/709353","targetHints":{"allow":["GET"]}}],"collection":[{"href":"https:\/\/roveyayinevi.com.tr\/index.php\/wp-json\/wp\/v2\/product"}],"about":[{"href":"https:\/\/roveyayinevi.com.tr\/index.php\/wp-json\/wp\/v2\/types\/product"}],"wp:attachment":[{"href":"https:\/\/roveyayinevi.com.tr\/index.php\/wp-json\/wp\/v2\/media?parent=709353"}],"wp:term":[{"taxonomy":"product_brand","embeddable":true,"href":"https:\/\/roveyayinevi.com.tr\/index.php\/wp-json\/wp\/v2\/product_brand?post=709353"},{"taxonomy":"product_cat","embeddable":true,"href":"https:\/\/roveyayinevi.com.tr\/index.php\/wp-json\/wp\/v2\/product_cat?post=709353"},{"taxonomy":"product_tag","embeddable":true,"href":"https:\/\/roveyayinevi.com.tr\/index.php\/wp-json\/wp\/v2\/product_tag?post=709353"}],"curies":[{"name":"wp","href":"https:\/\/api.w.org\/{rel}","templated":true}]}}