{"id":709351,"date":"2025-08-27T16:24:08","date_gmt":"2025-08-27T13:24:08","guid":{"rendered":"https:\/\/roveyayinevi.com.tr\/index.php\/urun\/trakya-raporu-1934-umumi-mufettis-ibrahim-tali-beyin-gozunden-1930lu-yillarda-trakya\/"},"modified":"2026-04-16T02:18:03","modified_gmt":"2026-04-15T23:18:03","slug":"trakya-raporu-1934-umumi-mufettis-ibrahim-tali-beyin-gozunden-1930lu-yillarda-trakya","status":"publish","type":"product","link":"https:\/\/roveyayinevi.com.tr\/index.php\/urun\/trakya-raporu-1934-umumi-mufettis-ibrahim-tali-beyin-gozunden-1930lu-yillarda-trakya\/","title":{"rendered":"Trakya Raporu (1934) &#8211; Umumi M\u00fcfetti\u015f \u0130brahim Tali Bey\u2019in G\u00f6z\u00fcnden 1930\u2019lu Y\u0131llarda Trakya"},"content":{"rendered":"<p>Trakya Umumi M\u00fcfetti\u015fi \u0130brahim Tali \u00d6ng\u00f6ren, b\u00f6lgesinde, 6 May\u0131s-7 Haziran 1934 tarihleri aras\u0131nda 33 g\u00fcnl\u00fck bir inceleme\/denetleme gezisine \u00e7\u0131km\u0131\u015f, bu geziden sonra yakla\u015f\u0131k 100 sayfal\u0131k kapsaml\u0131 bir rapor haz\u0131rlam\u0131\u015ft\u0131r. &#8220;1934 Trakya Raporu&#8221; olarak bilinen ve Ba\u015fbakan \u0130smet \u0130n\u00f6n\u00fc, CHP Genel Sekreteri Recep Peker ve \u0130\u00e7i\u015fleri Bakan\u0131 \u015e\u00fckr\u00fc Kaya&#8217;ya sunulan bu rapor Trakya&#8217;n\u0131n sosyal, k\u00fclt\u00fcrel, ekonomik ve demografik a\u00e7\u0131lardan \u00e7ekilmi\u015f bir foto\u011fraf\u0131n\u0131 sunuyor, b\u00f6lge hakk\u0131nda idari i\u015flerden ekonomiye, etnik unsurlardan e\u011fitime, ula\u015f\u0131mdan imara kadar her konuda \u00f6nemli bilgiler veriyor. Raporun incelenmesi ayn\u0131 zamanda Cumhuriyet y\u00f6netiminin b\u00f6lgenin idari, mali, zirai, iktisadi, k\u00fclt\u00fcrel ve sosyal alanlardaki durumu hakk\u0131nda ne d\u00fc\u015f\u00fcnd\u00fc\u011f\u00fcn\u00fc, bu alanlarda neler yapmay\u0131 hedefledi\u011fini ve bu hedefleri nas\u0131l ger\u00e7ekle\u015ftirmeyi planlad\u0131\u011f\u0131n\u0131 anlamam\u0131za da yard\u0131mc\u0131 oluyor. Elinizdeki kitapta \u0130brahim Tali Bey&#8217;in raporunun hem t\u0131pk\u0131bas\u0131m\u0131na hem de sadele\u015ftirilmi\u015f metnine yer verilmi\u015ftir. \ufffcTan\u0131t\u0131m Metni<\/p>\n","protected":false},"excerpt":{"rendered":"<p>Trakya Umumi M\u00fcfetti\u015fi \u0130brahim Tali \u00d6ng\u00f6ren, b\u00f6lgesinde, 6 May\u0131s-7 Haziran 1934 tarihleri aras\u0131nda 33 g\u00fcnl\u00fck bir inceleme\/denetleme gezisine \u00e7\u0131km\u0131\u015f, bu geziden sonra yakla\u015f\u0131k 100 sayfal\u0131k kapsaml\u0131<span class=\"excerpt-hellip\"> [\u2026]<\/span><\/p>\n","protected":false},"featured_media":0,"template":"","meta":{"_monsterinsights_skip_tracking":false,"_monsterinsights_sitenote_active":false,"_monsterinsights_sitenote_note":"","_monsterinsights_sitenote_category":0},"product_brand":[],"product_cat":[13590,12337],"product_tag":[],"class_list":{"0":"post-709351","1":"product","2":"type-product","3":"status-publish","5":"product_cat-arastirma-inceleme-politika-siyaset","6":"product_cat-politika-siyaset","7":"pa_cilt-ciltsiz","8":"pa_tur-kitap","9":"pa_yayinevi-kaynak-yayinlari","10":"pa_yazar-murat-burgac","12":"first","13":"instock","14":"sale","15":"shipping-taxable","16":"purchasable","17":"product-type-simple"},"_links":{"self":[{"href":"https:\/\/roveyayinevi.com.tr\/index.php\/wp-json\/wp\/v2\/product\/709351","targetHints":{"allow":["GET"]}}],"collection":[{"href":"https:\/\/roveyayinevi.com.tr\/index.php\/wp-json\/wp\/v2\/product"}],"about":[{"href":"https:\/\/roveyayinevi.com.tr\/index.php\/wp-json\/wp\/v2\/types\/product"}],"wp:attachment":[{"href":"https:\/\/roveyayinevi.com.tr\/index.php\/wp-json\/wp\/v2\/media?parent=709351"}],"wp:term":[{"taxonomy":"product_brand","embeddable":true,"href":"https:\/\/roveyayinevi.com.tr\/index.php\/wp-json\/wp\/v2\/product_brand?post=709351"},{"taxonomy":"product_cat","embeddable":true,"href":"https:\/\/roveyayinevi.com.tr\/index.php\/wp-json\/wp\/v2\/product_cat?post=709351"},{"taxonomy":"product_tag","embeddable":true,"href":"https:\/\/roveyayinevi.com.tr\/index.php\/wp-json\/wp\/v2\/product_tag?post=709351"}],"curies":[{"name":"wp","href":"https:\/\/api.w.org\/{rel}","templated":true}]}}