{"id":709350,"date":"2025-08-27T16:24:07","date_gmt":"2025-08-27T13:24:07","guid":{"rendered":"https:\/\/roveyayinevi.com.tr\/index.php\/urun\/kadim-turklerin-mitolojik-hikayeleri\/"},"modified":"2026-04-16T02:18:03","modified_gmt":"2026-04-15T23:18:03","slug":"kadim-turklerin-mitolojik-hikayeleri","status":"publish","type":"product","link":"https:\/\/roveyayinevi.com.tr\/index.php\/urun\/kadim-turklerin-mitolojik-hikayeleri\/","title":{"rendered":"Kadim T\u00fcrklerin Mitolojik Hikayeleri"},"content":{"rendered":"<p>Fuzuli Bayat, Kadim T\u00fcrklerin Mitolojik Hik\u00e2yeleri adl\u0131 bu eserinde; de\u011ferlerimizin bir par\u00e7as\u0131 olan T\u00fcrk mitlerini bir araya getirerek bu mitlerin yaln\u0131zca \u015fifah\u00ee k\u00fclt\u00fcr\u00fcm\u00fcz\u00fcn bir \u00fcr\u00fcn\u00fc olarak de\u011fil, ayn\u0131 zamanda yaz\u0131l\u0131 bir mitoloji olarak da muhafaza edilmesine katk\u0131 sa\u011flam\u0131\u015ft\u0131r. Kadim T\u00fcrklerin mitolojik hik\u00e2yeleri yaz\u0131l\u0131 hale getirilip muhafaza edildik\u00e7e, cemiyetimizin fertleriyle b\u00fct\u00fcnle\u015fip onlar\u0131n zihin d\u00fcnyas\u0131nda yer edindik\u00e7e ve nesilden nesile aktar\u0131ld\u0131k\u00e7a, T\u00fcrk k\u00fclt\u00fcr\u00fcn\u00fc zenginle\u015ftiren de\u011ferler aras\u0131nda \u00e7ok daha kuvvetli olarak yer alacakt\u0131r. Tarih\u00ee ve co\u011fraf\u00ee alan\u0131 olduk\u00e7a geni\u015f olan T\u00fcrk mitolojisi, T\u00fcrklerin tarihleri boyunca temas ettikleri toplumlar\u0131n mitolojilerinde de g\u00f6z ard\u0131 edilemeyecek m\u00fchim bir fonksiyona sahip olmu\u015ftur. Fuzuli Bayat\u2019\u0131n da ifade etti\u011fi gibi; \u201cMitoslar\u0131 s\u00f6zl\u00fc k\u00fclt\u00fcrde ya\u015fat\u0131p bug\u00fcn tarih sahnesinde olmayan halklar, onlar\u0131n ger\u00e7ek sahipleri de\u011fillerdir. Bu mitlerin sahipleri, onu yaz\u0131ya aktar\u0131p sonraki ku\u015faklara miras b\u0131rakanlard\u0131r.\u201d \ufffcTan\u0131t\u0131m Metni<\/p>\n","protected":false},"excerpt":{"rendered":"<p>Fuzuli Bayat, Kadim T\u00fcrklerin Mitolojik Hik\u00e2yeleri adl\u0131 bu eserinde; de\u011ferlerimizin bir par\u00e7as\u0131 olan T\u00fcrk mitlerini bir araya getirerek bu mitlerin yaln\u0131zca \u015fifah\u00ee k\u00fclt\u00fcr\u00fcm\u00fcz\u00fcn bir \u00fcr\u00fcn\u00fc olarak<span class=\"excerpt-hellip\"> [\u2026]<\/span><\/p>\n","protected":false},"featured_media":0,"template":"","meta":{"_monsterinsights_skip_tracking":false,"_monsterinsights_sitenote_active":false,"_monsterinsights_sitenote_note":"","_monsterinsights_sitenote_category":0},"product_brand":[],"product_cat":[12718,12858],"product_tag":[],"class_list":{"0":"post-709350","1":"product","2":"type-product","3":"status-publish","5":"product_cat-din","6":"product_cat-mitolojiler","7":"pa_cilt-ciltsiz","8":"pa_tur-kitap","9":"pa_yayinevi-otuken-nesriyat","10":"pa_yazar-zafer-yilmaz","12":"first","13":"instock","14":"sale","15":"shipping-taxable","16":"purchasable","17":"product-type-simple"},"_links":{"self":[{"href":"https:\/\/roveyayinevi.com.tr\/index.php\/wp-json\/wp\/v2\/product\/709350","targetHints":{"allow":["GET"]}}],"collection":[{"href":"https:\/\/roveyayinevi.com.tr\/index.php\/wp-json\/wp\/v2\/product"}],"about":[{"href":"https:\/\/roveyayinevi.com.tr\/index.php\/wp-json\/wp\/v2\/types\/product"}],"wp:attachment":[{"href":"https:\/\/roveyayinevi.com.tr\/index.php\/wp-json\/wp\/v2\/media?parent=709350"}],"wp:term":[{"taxonomy":"product_brand","embeddable":true,"href":"https:\/\/roveyayinevi.com.tr\/index.php\/wp-json\/wp\/v2\/product_brand?post=709350"},{"taxonomy":"product_cat","embeddable":true,"href":"https:\/\/roveyayinevi.com.tr\/index.php\/wp-json\/wp\/v2\/product_cat?post=709350"},{"taxonomy":"product_tag","embeddable":true,"href":"https:\/\/roveyayinevi.com.tr\/index.php\/wp-json\/wp\/v2\/product_tag?post=709350"}],"curies":[{"name":"wp","href":"https:\/\/api.w.org\/{rel}","templated":true}]}}