{"id":709349,"date":"2025-08-27T16:24:07","date_gmt":"2025-08-27T13:24:07","guid":{"rendered":"https:\/\/roveyayinevi.com.tr\/index.php\/urun\/geceye-burunecegim-tiffany-sizi-dizisi-4-kitap\/"},"modified":"2026-04-16T02:18:03","modified_gmt":"2026-04-15T23:18:03","slug":"geceye-burunecegim-tiffany-sizi-dizisi-4-kitap","status":"publish","type":"product","link":"https:\/\/roveyayinevi.com.tr\/index.php\/urun\/geceye-burunecegim-tiffany-sizi-dizisi-4-kitap\/","title":{"rendered":"Geceye B\u00fcr\u00fcnece\u011fim (Tiffany S\u0131z\u0131 Dizisi &#8211; 4. Kitap)"},"content":{"rendered":"<p>Sen \u015fansa inan\u0131r m\u0131s\u0131n?\u201d dedi D\u00fc\u015fes.\u201cBen, \u015fansa inanmak zorunda kalmamaya inan\u0131r\u0131m,\u201d dedi Tiffany.  \u00c7\u00fcnk\u00fc kudretli bir cad\u0131 olma yolunda emin ad\u0131mlarla ilerleyen Tiffany S\u0131z\u0131\u2019n\u0131n inanmas\u0131 gereken \u00e7ok daha \u00f6nemli \u015feyler var. Misal, kendisi\u2026 Yak\u0131n ge\u00e7mi\u015fte, sonsuzlu\u011fun b\u00fcy\u00fcl\u00fc evrenine u\u011furlad\u0131\u011f\u0131m\u0131z S\u00f6r Terry Pratchett\u2019\u0131n, d\u00fcnya \u00e7ap\u0131nda 85 milyonun \u00fczerinde satan 41 kitapl\u0131k, k\u00fcltle\u015fmi\u015f \u201cDiskD\u00fcnya\u201d dizisinin be\u015f kitaptan olu\u015fan muhte\u015fem ve e\u011flenceli \u201cTiffany S\u0131z\u0131\u201d alt serisinin, d\u00f6rd\u00fcnc\u00fc ser\u00fcveni Geceye B\u00fcr\u00fcnece\u011fim\u2019de, Tiffany ve t\u00fcm cad\u0131lar\u0131n d\u00fcnyas\u0131 yok olma tehdidiyle kar\u015f\u0131 kar\u015f\u0131ya kal\u0131yor.Niran El\u00e7i\u2019nin p\u00fcr\u00fczs\u00fcz T\u00fcrk\u00e7esiyle, Delidolu Yay\u0131nlar\u0131 taraf\u0131ndan yeniden g\u00f6zden ge\u00e7irilerek bas\u0131lan Geceye B\u00fcr\u00fcnece\u011fim&#8217;de, art\u0131k 15 ya\u015f\u0131nda gen\u00e7 bir cad\u0131 olan Tiffany k\u0131rsal\u0131n g\u00fcvenli ve huzurlu topraklar\u0131ndan uzakla\u015farak ger\u00e7ek d\u00fcnyayla tan\u0131\u015f\u0131yor: DiskD\u00fcnya\u2019n\u0131n kalbi niteli\u011findeki Ankh-Morpork t\u00fcm tehlikeleri ve yozla\u015fm\u0131\u015fl\u0131klar\u0131yla onu bekliyor\u2026 \u201cGe\u00e7mi\u015fin hat\u0131rlanmas\u0131 gerek. Nereden geldi\u011fini bilmezsen, nerede oldu\u011funu da bilmezsin. Ve nerede oldu\u011funu bilmezsen, nereye gidece\u011fini de bilemezsin.\u201d Ve ge\u00e7mi\u015ften gelen bu pis kokulu, g\u00f6zleri ve g\u00f6lgesi olmayan k\u00f6t\u00fc d\u00fc\u015f\u00fcnce kayna\u011f\u0131 Sinsi Adam, Tiffany\u2019nin ve t\u00fcm cad\u0131lar\u0131n d\u00fcnyas\u0131n\u0131 yok etmeye kararl\u0131 g\u00f6r\u00fcn\u00fcyor. Bu zorlu m\u00fccadelede bir ba\u015f\u0131na kalan Tiffany ne pahas\u0131na olursa olsun yenilmemek zorunda. \u00c7\u00fcnk\u00fc aksi ger\u00e7ekle\u015firse, t\u00fcm Tebe\u015fir halk\u0131 da onunla birlikte yenilmi\u015f say\u0131lacak\u2026 DiskD\u00fcnya serisi, hayal g\u00fcc\u00fcn\u00fcn s\u0131n\u0131rlar\u0131n\u0131 zorlayan kurgusunun yan\u0131 s\u0131ra kuantum fizi\u011finden sanayi devrimine, pop\u00fcler k\u00fclt\u00fcr kli\u015felerinden edebiyat ve sinema klasiklerine uzanan de\u011fi\u015fik k\u00fclt\u00fcr unsurlar\u0131na sayg\u0131 duru\u015funda bulunarak ger\u00e7ek d\u00fcnyadaki pek \u00e7ok konuyla dalga ge\u00e7meyi bilen, g\u00f6z kama\u015ft\u0131r\u0131c\u0131 bir edebiyat harikas\u0131\u2026 <\/p>\n","protected":false},"excerpt":{"rendered":"<p>Sen \u015fansa inan\u0131r m\u0131s\u0131n?\u201d dedi D\u00fc\u015fes.\u201cBen, \u015fansa inanmak zorunda kalmamaya inan\u0131r\u0131m,\u201d dedi Tiffany. \u00c7\u00fcnk\u00fc kudretli bir cad\u0131 olma yolunda emin ad\u0131mlarla ilerleyen Tiffany S\u0131z\u0131\u2019n\u0131n inanmas\u0131 gereken<span class=\"excerpt-hellip\"> [\u2026]<\/span><\/p>\n","protected":false},"featured_media":0,"template":"","meta":{"_monsterinsights_skip_tracking":false,"_monsterinsights_sitenote_active":false,"_monsterinsights_sitenote_note":"","_monsterinsights_sitenote_category":0},"product_brand":[],"product_cat":[12275,12274],"product_tag":[],"class_list":{"0":"post-709349","1":"product","2":"type-product","3":"status-publish","5":"product_cat-6-12-yas-kitaplari","6":"product_cat-cocuk-ve-genclik-kitaplari","7":"pa_cilt-ciltsiz","8":"pa_tur-kitap","9":"pa_yayinevi-delidolu","10":"pa_yazar-terry-pratchett","12":"first","13":"instock","14":"sale","15":"shipping-taxable","16":"purchasable","17":"product-type-simple"},"_links":{"self":[{"href":"https:\/\/roveyayinevi.com.tr\/index.php\/wp-json\/wp\/v2\/product\/709349","targetHints":{"allow":["GET"]}}],"collection":[{"href":"https:\/\/roveyayinevi.com.tr\/index.php\/wp-json\/wp\/v2\/product"}],"about":[{"href":"https:\/\/roveyayinevi.com.tr\/index.php\/wp-json\/wp\/v2\/types\/product"}],"wp:attachment":[{"href":"https:\/\/roveyayinevi.com.tr\/index.php\/wp-json\/wp\/v2\/media?parent=709349"}],"wp:term":[{"taxonomy":"product_brand","embeddable":true,"href":"https:\/\/roveyayinevi.com.tr\/index.php\/wp-json\/wp\/v2\/product_brand?post=709349"},{"taxonomy":"product_cat","embeddable":true,"href":"https:\/\/roveyayinevi.com.tr\/index.php\/wp-json\/wp\/v2\/product_cat?post=709349"},{"taxonomy":"product_tag","embeddable":true,"href":"https:\/\/roveyayinevi.com.tr\/index.php\/wp-json\/wp\/v2\/product_tag?post=709349"}],"curies":[{"name":"wp","href":"https:\/\/api.w.org\/{rel}","templated":true}]}}