{"id":709347,"date":"2025-08-27T16:24:06","date_gmt":"2025-08-27T13:24:06","guid":{"rendered":"https:\/\/roveyayinevi.com.tr\/index.php\/urun\/turkiyede-amator-radyoculuk-tarihi\/"},"modified":"2026-01-29T02:33:11","modified_gmt":"2026-01-28T23:33:11","slug":"turkiyede-amator-radyoculuk-tarihi","status":"publish","type":"product","link":"https:\/\/roveyayinevi.com.tr\/index.php\/urun\/turkiyede-amator-radyoculuk-tarihi\/","title":{"rendered":"T\u00fcrkiye&#8217;de Amat\u00f6r Radyoculuk Tarihi"},"content":{"rendered":"<p>Radyo, 20. y\u00fczy\u0131l\u0131n siyasi, toplumsal ve k\u00fclt\u00fcrel hayat\u0131na adeta damgas\u0131n\u0131 vurmu\u015ftur. Buna ra\u011fmen g\u00fcn\u00fcm\u00fczde neredeyse unutulmaya y\u00fcz tutmaktad\u0131r. Oysa radyonun geli\u015fim s\u00fcrecinde ya\u015fananlar ve insanlar\u0131n g\u00fcndelik deneyimleri i\u00e7erisinde radyo tekni\u011fiyle kurulan ili\u015fkiler g\u00fcn\u00fcm\u00fcz medya ortam\u0131n\u0131 anlamland\u0131rmak a\u00e7\u0131s\u0131ndan da temel bir \u00f6neme sahiptir. Bu a\u00e7\u0131dan radyo tarihini hat\u0131rlamak ve anlamland\u0131rmak \u00f6zel bir \u00f6nem ta\u015f\u0131maktad\u0131r. Kitap, b\u00f6yle bir hat\u0131rlama ve anlamland\u0131rma \u00e7abas\u0131na dayanmaktad\u0131r. Kitap, T\u00fcrkiye\u2019de amat\u00f6r radyoculuk talepleri ve faaliyetleri \u00e7er\u00e7evesinde radyo tekni\u011fiyle toplum aras\u0131nda kurulan h\u00e2kim ili\u015fkilerin \u00f6tesine uzanan bir tarihe odaklanmaktad\u0131r. Bu kapsamda radyoculu\u011fun ilk y\u0131llar\u0131ndan \u00f6zel radyolar\u0131n kuruldu\u011fu 1990\u2019l\u0131 y\u0131llara kadar olan uzun tarihsel s\u00fcre\u00e7te \u2013radyo yay\u0131nc\u0131l\u0131\u011f\u0131 alan\u0131nda ya\u015fanan geli\u015fmeler ve k\u00f6kl\u00fc d\u00f6n\u00fc\u015f\u00fcmleri de dikkate alarak\u2013 amat\u00f6r radyoculu\u011fun geli\u015fimini incelemektedir. Bu inceleme, radyonun toplumla tek y\u00f6nl\u00fc bir ili\u015fki i\u00e7inde konumland\u0131r\u0131lan bir teknoloji olman\u0131n \u00e7ok \u00f6tesinde potansiyellere sahip oldu\u011funu g\u00f6rmemize yard\u0131m etmektedir. B\u00f6ylece kitab\u0131n, daha fazla ara\u015ft\u0131rmaya ihtiya\u00e7 duyulan T\u00fcrkiye radyo tarihi \u00e7al\u0131\u015fmalar\u0131na bir katk\u0131 yapmay\u0131 ama\u00e7lar. Kitap, radyo tekni\u011fi ve yay\u0131nc\u0131l\u0131\u011f\u0131na, daha temelde ise radyonun toplumsal tarihine ilgi duyan akademisyen ve \u00f6\u011frencilere hitap etmektedir. Bunun yan\u0131 s\u0131ra, g\u00fcndelik deneyimleri i\u00e7erisinde radyonun tuttu\u011fu yeri \u00f6nemseyen okuyucu kitlesinin de ilgisini \u00e7ekecek bir kaynak niteli\u011findedir. <\/p>\n","protected":false},"excerpt":{"rendered":"<p>Radyo, 20. y\u00fczy\u0131l\u0131n siyasi, toplumsal ve k\u00fclt\u00fcrel hayat\u0131na adeta damgas\u0131n\u0131 vurmu\u015ftur. Buna ra\u011fmen g\u00fcn\u00fcm\u00fczde neredeyse unutulmaya y\u00fcz tutmaktad\u0131r. Oysa radyonun geli\u015fim s\u00fcrecinde ya\u015fananlar ve insanlar\u0131n g\u00fcndelik<span class=\"excerpt-hellip\"> [\u2026]<\/span><\/p>\n","protected":false},"featured_media":0,"template":"","meta":{"_monsterinsights_skip_tracking":false,"_monsterinsights_sitenote_active":false,"_monsterinsights_sitenote_note":"","_monsterinsights_sitenote_category":0},"product_brand":[],"product_cat":[15983,13488],"product_tag":[],"class_list":{"0":"post-709347","1":"product","2":"type-product","3":"status-publish","5":"product_cat-iletisim-ve-medya","6":"product_cat-toplum-ve-insan","7":"pa_cilt-ciltsiz","8":"pa_tur-kitap","9":"pa_yayinevi-utopya-yayinevi","10":"pa_yazar-suleyman-ilaslan","12":"first","13":"instock","14":"sale","15":"shipping-taxable","16":"purchasable","17":"product-type-simple"},"_links":{"self":[{"href":"https:\/\/roveyayinevi.com.tr\/index.php\/wp-json\/wp\/v2\/product\/709347","targetHints":{"allow":["GET"]}}],"collection":[{"href":"https:\/\/roveyayinevi.com.tr\/index.php\/wp-json\/wp\/v2\/product"}],"about":[{"href":"https:\/\/roveyayinevi.com.tr\/index.php\/wp-json\/wp\/v2\/types\/product"}],"wp:attachment":[{"href":"https:\/\/roveyayinevi.com.tr\/index.php\/wp-json\/wp\/v2\/media?parent=709347"}],"wp:term":[{"taxonomy":"product_brand","embeddable":true,"href":"https:\/\/roveyayinevi.com.tr\/index.php\/wp-json\/wp\/v2\/product_brand?post=709347"},{"taxonomy":"product_cat","embeddable":true,"href":"https:\/\/roveyayinevi.com.tr\/index.php\/wp-json\/wp\/v2\/product_cat?post=709347"},{"taxonomy":"product_tag","embeddable":true,"href":"https:\/\/roveyayinevi.com.tr\/index.php\/wp-json\/wp\/v2\/product_tag?post=709347"}],"curies":[{"name":"wp","href":"https:\/\/api.w.org\/{rel}","templated":true}]}}