{"id":709344,"date":"2025-08-27T16:24:05","date_gmt":"2025-08-27T13:24:05","guid":{"rendered":"https:\/\/roveyayinevi.com.tr\/index.php\/urun\/nutuk-7\/"},"modified":"2026-04-16T02:18:03","modified_gmt":"2026-04-15T23:18:03","slug":"nutuk-7","status":"publish","type":"product","link":"https:\/\/roveyayinevi.com.tr\/index.php\/urun\/nutuk-7\/","title":{"rendered":"Nutuk"},"content":{"rendered":"<p>Bug\u00fcn\u00fc do\u011fru anlayabilmek ve gelece\u011fi do\u011fru kurabilmek i\u00e7in ge\u00e7mi\u015fi, buraya nas\u0131l, nerelerden ge\u00e7erek geldi\u011fimizi iyi bilmek gerekir. NUTUK, d\u00fcnyada emperyalizme kar\u015f\u0131 kazan\u0131lan ilk Kurtulu\u015f Sava\u015f\u0131&#8217;n\u0131 ve T\u00fcrkiye Cumhuriyeti&#8217;nin kurulu\u015f s\u00fcrecini birinci a\u011f\u0131zdan anlatan temel eser olma \u00f6zelli\u011fini koruyor, \u00fclkemizin bug\u00fcn\u00fc ve gelece\u011fi i\u00e7in de yol g\u00f6stermeye devam ediyor. <\/p>\n","protected":false},"excerpt":{"rendered":"<p>Bug\u00fcn\u00fc do\u011fru anlayabilmek ve gelece\u011fi do\u011fru kurabilmek i\u00e7in ge\u00e7mi\u015fi, buraya nas\u0131l, nerelerden ge\u00e7erek geldi\u011fimizi iyi bilmek gerekir. NUTUK, d\u00fcnyada emperyalizme kar\u015f\u0131 kazan\u0131lan ilk Kurtulu\u015f Sava\u015f\u0131&#8217;n\u0131 ve<span class=\"excerpt-hellip\"> [\u2026]<\/span><\/p>\n","protected":false},"featured_media":0,"template":"","meta":{"_monsterinsights_skip_tracking":false,"_monsterinsights_sitenote_active":false,"_monsterinsights_sitenote_note":"","_monsterinsights_sitenote_category":0},"product_brand":[],"product_cat":[18545,12291],"product_tag":[],"class_list":{"0":"post-709344","1":"product","2":"type-product","3":"status-publish","5":"product_cat-anlati","6":"product_cat-edebiyat","7":"pa_cilt-ciltsiz","8":"pa_tur-kitap","9":"pa_yayinevi-bilgi-yayinevi","10":"pa_yazar-mustafa-kemal-ataturk","12":"first","13":"instock","14":"sale","15":"shipping-taxable","16":"purchasable","17":"product-type-simple"},"_links":{"self":[{"href":"https:\/\/roveyayinevi.com.tr\/index.php\/wp-json\/wp\/v2\/product\/709344","targetHints":{"allow":["GET"]}}],"collection":[{"href":"https:\/\/roveyayinevi.com.tr\/index.php\/wp-json\/wp\/v2\/product"}],"about":[{"href":"https:\/\/roveyayinevi.com.tr\/index.php\/wp-json\/wp\/v2\/types\/product"}],"wp:attachment":[{"href":"https:\/\/roveyayinevi.com.tr\/index.php\/wp-json\/wp\/v2\/media?parent=709344"}],"wp:term":[{"taxonomy":"product_brand","embeddable":true,"href":"https:\/\/roveyayinevi.com.tr\/index.php\/wp-json\/wp\/v2\/product_brand?post=709344"},{"taxonomy":"product_cat","embeddable":true,"href":"https:\/\/roveyayinevi.com.tr\/index.php\/wp-json\/wp\/v2\/product_cat?post=709344"},{"taxonomy":"product_tag","embeddable":true,"href":"https:\/\/roveyayinevi.com.tr\/index.php\/wp-json\/wp\/v2\/product_tag?post=709344"}],"curies":[{"name":"wp","href":"https:\/\/api.w.org\/{rel}","templated":true}]}}