{"id":709343,"date":"2025-08-27T16:24:04","date_gmt":"2025-08-27T13:24:04","guid":{"rendered":"https:\/\/roveyayinevi.com.tr\/index.php\/urun\/tilki-masallari-3-garip-bir-kuyruk\/"},"modified":"2026-04-16T02:18:03","modified_gmt":"2026-04-15T23:18:03","slug":"tilki-masallari-3-garip-bir-kuyruk","status":"publish","type":"product","link":"https:\/\/roveyayinevi.com.tr\/index.php\/urun\/tilki-masallari-3-garip-bir-kuyruk\/","title":{"rendered":"Tilki Masallar\u0131 3 &#8211; Garip Bir Kuyruk"},"content":{"rendered":"<p>3.K\u0130TAPTilki karde\u015fler \u00e7al\u0131lar\u0131n aras\u0131nda ilgin\u00e7 bir kuyruk g\u00f6r\u00fcrler. Kimin kuyru\u011fu oldu\u011funu bulmaya \u00e7al\u0131\u015f\u0131rken \u015fu soru da bir kuyruk gibi pe\u015flerine tak\u0131l\u0131r: Arkada\u015f olmak i\u00e7in birbirimize benzememiz gerekir mi? <\/p>\n","protected":false},"excerpt":{"rendered":"<p>3.K\u0130TAPTilki karde\u015fler \u00e7al\u0131lar\u0131n aras\u0131nda ilgin\u00e7 bir kuyruk g\u00f6r\u00fcrler. Kimin kuyru\u011fu oldu\u011funu bulmaya \u00e7al\u0131\u015f\u0131rken \u015fu soru da bir kuyruk gibi pe\u015flerine tak\u0131l\u0131r: Arkada\u015f olmak i\u00e7in birbirimize benzememiz<span class=\"excerpt-hellip\"> [\u2026]<\/span><\/p>\n","protected":false},"featured_media":0,"template":"","meta":{"_monsterinsights_skip_tracking":false,"_monsterinsights_sitenote_active":false,"_monsterinsights_sitenote_note":"","_monsterinsights_sitenote_category":0},"product_brand":[],"product_cat":[12913,12274],"product_tag":[],"class_list":{"0":"post-709343","1":"product","2":"type-product","3":"status-publish","5":"product_cat-3-6-yas-kitaplari","6":"product_cat-cocuk-ve-genclik-kitaplari","7":"pa_cilt-ciltsiz","8":"pa_tur-kitap","9":"pa_yayinevi-elma-cocuk","10":"pa_yazar-sermin-yasar","12":"first","13":"instock","14":"sale","15":"shipping-taxable","16":"purchasable","17":"product-type-simple"},"_links":{"self":[{"href":"https:\/\/roveyayinevi.com.tr\/index.php\/wp-json\/wp\/v2\/product\/709343","targetHints":{"allow":["GET"]}}],"collection":[{"href":"https:\/\/roveyayinevi.com.tr\/index.php\/wp-json\/wp\/v2\/product"}],"about":[{"href":"https:\/\/roveyayinevi.com.tr\/index.php\/wp-json\/wp\/v2\/types\/product"}],"wp:attachment":[{"href":"https:\/\/roveyayinevi.com.tr\/index.php\/wp-json\/wp\/v2\/media?parent=709343"}],"wp:term":[{"taxonomy":"product_brand","embeddable":true,"href":"https:\/\/roveyayinevi.com.tr\/index.php\/wp-json\/wp\/v2\/product_brand?post=709343"},{"taxonomy":"product_cat","embeddable":true,"href":"https:\/\/roveyayinevi.com.tr\/index.php\/wp-json\/wp\/v2\/product_cat?post=709343"},{"taxonomy":"product_tag","embeddable":true,"href":"https:\/\/roveyayinevi.com.tr\/index.php\/wp-json\/wp\/v2\/product_tag?post=709343"}],"curies":[{"name":"wp","href":"https:\/\/api.w.org\/{rel}","templated":true}]}}