{"id":709342,"date":"2025-08-27T16:24:04","date_gmt":"2025-08-27T13:24:04","guid":{"rendered":"https:\/\/roveyayinevi.com.tr\/index.php\/urun\/tilki-masallari-1-cesaret-sandigi\/"},"modified":"2026-04-16T02:18:03","modified_gmt":"2026-04-15T23:18:03","slug":"tilki-masallari-1-cesaret-sandigi","status":"publish","type":"product","link":"https:\/\/roveyayinevi.com.tr\/index.php\/urun\/tilki-masallari-1-cesaret-sandigi\/","title":{"rendered":"Tilki Masallar\u0131 1 &#8211; Cesaret Sand\u0131\u011f\u0131"},"content":{"rendered":"<p>Da\u011f\u0131n tepesinde ya\u015fayan bilge kurdun sand\u0131\u011f\u0131 ke\u015ffedilmeyi bekliyor. Bu sand\u0131k, \u00e7ocuklar\u0131 bir kahraman kadar cesur, bir kaplan gibi korkusuz yapabilecek sihre sahip. Peki, biri utanga\u00e7, di\u011feri \u00e7abuk pes eden, \u00f6b\u00fcr\u00fc biraz \u00fcrkek \u00fc\u00e7 k\u00fc\u00e7\u00fck tilkinin ona ula\u015facak cesareti var m\u0131? \ufffcTan\u0131t\u0131m Metni<\/p>\n","protected":false},"excerpt":{"rendered":"<p>Da\u011f\u0131n tepesinde ya\u015fayan bilge kurdun sand\u0131\u011f\u0131 ke\u015ffedilmeyi bekliyor. Bu sand\u0131k, \u00e7ocuklar\u0131 bir kahraman kadar cesur, bir kaplan gibi korkusuz yapabilecek sihre sahip. Peki, biri utanga\u00e7, di\u011feri<span class=\"excerpt-hellip\"> [\u2026]<\/span><\/p>\n","protected":false},"featured_media":0,"template":"","meta":{"_monsterinsights_skip_tracking":false,"_monsterinsights_sitenote_active":false,"_monsterinsights_sitenote_note":"","_monsterinsights_sitenote_category":0},"product_brand":[],"product_cat":[12913,12274],"product_tag":[],"class_list":{"0":"post-709342","1":"product","2":"type-product","3":"status-publish","5":"product_cat-3-6-yas-kitaplari","6":"product_cat-cocuk-ve-genclik-kitaplari","7":"pa_cilt-ciltsiz","8":"pa_tur-kitap","9":"pa_yayinevi-elma-cocuk","10":"pa_yazar-sermin-yasar","12":"first","13":"instock","14":"sale","15":"shipping-taxable","16":"purchasable","17":"product-type-simple"},"_links":{"self":[{"href":"https:\/\/roveyayinevi.com.tr\/index.php\/wp-json\/wp\/v2\/product\/709342","targetHints":{"allow":["GET"]}}],"collection":[{"href":"https:\/\/roveyayinevi.com.tr\/index.php\/wp-json\/wp\/v2\/product"}],"about":[{"href":"https:\/\/roveyayinevi.com.tr\/index.php\/wp-json\/wp\/v2\/types\/product"}],"wp:attachment":[{"href":"https:\/\/roveyayinevi.com.tr\/index.php\/wp-json\/wp\/v2\/media?parent=709342"}],"wp:term":[{"taxonomy":"product_brand","embeddable":true,"href":"https:\/\/roveyayinevi.com.tr\/index.php\/wp-json\/wp\/v2\/product_brand?post=709342"},{"taxonomy":"product_cat","embeddable":true,"href":"https:\/\/roveyayinevi.com.tr\/index.php\/wp-json\/wp\/v2\/product_cat?post=709342"},{"taxonomy":"product_tag","embeddable":true,"href":"https:\/\/roveyayinevi.com.tr\/index.php\/wp-json\/wp\/v2\/product_tag?post=709342"}],"curies":[{"name":"wp","href":"https:\/\/api.w.org\/{rel}","templated":true}]}}