{"id":709341,"date":"2025-08-27T16:24:03","date_gmt":"2025-08-27T13:24:03","guid":{"rendered":"https:\/\/roveyayinevi.com.tr\/index.php\/urun\/kainat\/"},"modified":"2026-04-16T02:18:03","modified_gmt":"2026-04-15T23:18:03","slug":"kainat","status":"publish","type":"product","link":"https:\/\/roveyayinevi.com.tr\/index.php\/urun\/kainat\/","title":{"rendered":"Kainat"},"content":{"rendered":"<p>\u00dcnl\u00fc bilim insan\u0131 Hubert Reeves\u2019in yazd\u0131\u011f\u0131, Fransa\u2019n\u0131n \u00f6nemli \u00e7izgi romanc\u0131lar\u0131ndan Daniel Casanave\u2019nin \u00e7izdi\u011fi bilimsel bir \u00e7izgi roman.Hubert Reeves, insan\u0131n yarat\u0131c\u0131l\u0131\u011f\u0131 ile evrenin yarat\u0131l\u0131\u015f\u0131na dair bildiklerimiz aras\u0131ndaki paralellikleri a\u00e7\u0131kl\u0131yor. Basit kelimeleriyle, sanki sade m\u0131sralar kaleme al\u0131rm\u0131\u015f\u00e7as\u0131na, okuyucuyu do\u011fa\u00fcst\u00fc bir girdab\u0131n i\u00e7ine at\u0131yor ve karma\u015f\u0131k sonsuzlu\u011fu anlamay\u0131 sa\u011fl\u0131yor. Hubert Reeves, d\u00fcnya \u00e7ap\u0131nda tan\u0131nan bir astrofizik\u00e7i. NASA&#8217;ya dan\u0131\u015fmanl\u0131k yapan ve Fransa \u015eeref Ni\u015fan\u0131 sahibi bir isim olarak, bilimin pop\u00fclerle\u015fmesinde \u00e7a\u011f\u0131m\u0131z\u0131n en b\u00fcy\u00fck fig\u00fcrlerinden biri. Daniel Casanave ise \u00e7ok say\u0131da kitaba imza atm\u0131\u015f, \u00f6nemli bir \u00e7izgi romanc\u0131. \u015eiirsel \u00e7izgileri, Hubert Reeves&#8217;in g\u00f6steri\u015ften uzak ve derin s\u00f6zleriyle b\u00fcy\u00fck bir uyum g\u00f6steriyor. <\/p>\n","protected":false},"excerpt":{"rendered":"<p>\u00dcnl\u00fc bilim insan\u0131 Hubert Reeves\u2019in yazd\u0131\u011f\u0131, Fransa\u2019n\u0131n \u00f6nemli \u00e7izgi romanc\u0131lar\u0131ndan Daniel Casanave\u2019nin \u00e7izdi\u011fi bilimsel bir \u00e7izgi roman.Hubert Reeves, insan\u0131n yarat\u0131c\u0131l\u0131\u011f\u0131 ile evrenin yarat\u0131l\u0131\u015f\u0131na dair bildiklerimiz aras\u0131ndaki<span class=\"excerpt-hellip\"> [\u2026]<\/span><\/p>\n","protected":false},"featured_media":0,"template":"","meta":{"_monsterinsights_skip_tracking":false,"_monsterinsights_sitenote_active":false,"_monsterinsights_sitenote_note":"","_monsterinsights_sitenote_category":0},"product_brand":[],"product_cat":[12689,12274],"product_tag":[],"class_list":{"0":"post-709341","1":"product","2":"type-product","3":"status-publish","5":"product_cat-cizgi-roman-cocuk-ve-genclik-kitaplari","6":"product_cat-cocuk-ve-genclik-kitaplari","7":"pa_cilt-ciltsiz","8":"pa_tur-kitap","9":"pa_yayinevi-kara-karga-yayinlari","10":"pa_yazar-hubert-reeves","12":"first","13":"instock","14":"sale","15":"shipping-taxable","16":"purchasable","17":"product-type-simple"},"_links":{"self":[{"href":"https:\/\/roveyayinevi.com.tr\/index.php\/wp-json\/wp\/v2\/product\/709341","targetHints":{"allow":["GET"]}}],"collection":[{"href":"https:\/\/roveyayinevi.com.tr\/index.php\/wp-json\/wp\/v2\/product"}],"about":[{"href":"https:\/\/roveyayinevi.com.tr\/index.php\/wp-json\/wp\/v2\/types\/product"}],"wp:attachment":[{"href":"https:\/\/roveyayinevi.com.tr\/index.php\/wp-json\/wp\/v2\/media?parent=709341"}],"wp:term":[{"taxonomy":"product_brand","embeddable":true,"href":"https:\/\/roveyayinevi.com.tr\/index.php\/wp-json\/wp\/v2\/product_brand?post=709341"},{"taxonomy":"product_cat","embeddable":true,"href":"https:\/\/roveyayinevi.com.tr\/index.php\/wp-json\/wp\/v2\/product_cat?post=709341"},{"taxonomy":"product_tag","embeddable":true,"href":"https:\/\/roveyayinevi.com.tr\/index.php\/wp-json\/wp\/v2\/product_tag?post=709341"}],"curies":[{"name":"wp","href":"https:\/\/api.w.org\/{rel}","templated":true}]}}