{"id":709338,"date":"2025-08-27T16:24:02","date_gmt":"2025-08-27T13:24:02","guid":{"rendered":"https:\/\/roveyayinevi.com.tr\/index.php\/urun\/stresinizi-sevin\/"},"modified":"2026-04-16T02:18:03","modified_gmt":"2026-04-15T23:18:03","slug":"stresinizi-sevin","status":"publish","type":"product","link":"https:\/\/roveyayinevi.com.tr\/index.php\/urun\/stresinizi-sevin\/","title":{"rendered":"Stresinizi Sevin"},"content":{"rendered":"<p>Modern \u00e7a\u011f\u0131n en b\u00fcy\u00fck d\u00fc\u015fman\u0131n\u0131 en b\u00fcy\u00fck d\u00fc\u015fman\u0131n\u0131 ve yenmek   Stresi y\u00f6netmede hemen uygulayabilece\u011finiz \u00f6neriler\u2026   Stres, art\u0131k herkesin dilinde&#8230; K\u00fc\u00e7\u00fcc\u00fck \u00e7ocuklar\u0131n \u201cokul\u201d stresi, ergenlik stresi, lise ve \u00fcniversite s\u0131navlar\u0131 stresi, a\u015fk\u0131n yaratt\u0131\u011f\u0131 co\u015fkulu duygunun yan\u0131 s\u0131ra hissedilen stres, aldat\u0131lma stresi, evlilik, hamilelik stresi, sayko (psyco) y\u00f6neticinin yaratt\u0131\u011f\u0131 stres, kariyer planlama stresi, i\u015f ba\u015fvurusu ve i\u015f\/kariyer de\u011fi\u015fikli\u011fi stresi, trafik stresi\u2026  Her ya\u015f\/cinsiyette ve konumda stres oldu\u011funa g\u00f6re, ya\u015fad\u0131\u011f\u0131m\u0131z s\u00fcrece, hepimiz strese maruz kalaca\u011f\u0131z. \u00d6yleyse yap\u0131lacak en ak\u0131ll\u0131ca i\u015f, stresi do\u011fal ve ka\u00e7\u0131n\u0131lmaz kabul ederek, dayan\u0131kl\u0131l\u0131\u011f\u0131m\u0131z\u0131 art\u0131rmak ve stresle ba\u015fa \u00e7\u0131karak, ya\u015famdan haz almaya, \u00fcretmeye ve payla\u015fmaya devam etmek. Peki ama nas\u0131l? \u0130\u015fte Stresinizi Sevin bu konuda bir ba\u015fucu kitab\u0131 olarak size yard\u0131mc\u0131 olacak. Stresli mesleklere sahip ki\u015filerle yap\u0131lm\u0131\u015f s\u00f6yle\u015filerin ve strese y\u00f6nelik son bilimsel geli\u015fmelerin yer ald\u0131\u011f\u0131 Stresinizi Sevin\u2019de, y\u00fczlerce sorunun yan\u0131t\u0131n\u0131 bulacaks\u0131n\u0131z. <\/p>\n","protected":false},"excerpt":{"rendered":"<p>Modern \u00e7a\u011f\u0131n en b\u00fcy\u00fck d\u00fc\u015fman\u0131n\u0131 en b\u00fcy\u00fck d\u00fc\u015fman\u0131n\u0131 ve yenmek Stresi y\u00f6netmede hemen uygulayabilece\u011finiz \u00f6neriler\u2026 Stres, art\u0131k herkesin dilinde&#8230; K\u00fc\u00e7\u00fcc\u00fck \u00e7ocuklar\u0131n \u201cokul\u201d stresi, ergenlik stresi, lise<span class=\"excerpt-hellip\"> [\u2026]<\/span><\/p>\n","protected":false},"featured_media":0,"template":"","meta":{"_monsterinsights_skip_tracking":false,"_monsterinsights_sitenote_active":false,"_monsterinsights_sitenote_note":"","_monsterinsights_sitenote_category":0},"product_brand":[],"product_cat":[12358,12357],"product_tag":[],"class_list":{"0":"post-709338","1":"product","2":"type-product","3":"status-publish","5":"product_cat-genel-psikoloji","6":"product_cat-psikoloji","7":"pa_cilt-ciltsiz","8":"pa_tur-kitap","9":"pa_yayinevi-remzi-kitabevi","10":"pa_yazar-julide-sevim","12":"first","13":"instock","14":"sale","15":"shipping-taxable","16":"purchasable","17":"product-type-simple"},"_links":{"self":[{"href":"https:\/\/roveyayinevi.com.tr\/index.php\/wp-json\/wp\/v2\/product\/709338","targetHints":{"allow":["GET"]}}],"collection":[{"href":"https:\/\/roveyayinevi.com.tr\/index.php\/wp-json\/wp\/v2\/product"}],"about":[{"href":"https:\/\/roveyayinevi.com.tr\/index.php\/wp-json\/wp\/v2\/types\/product"}],"wp:attachment":[{"href":"https:\/\/roveyayinevi.com.tr\/index.php\/wp-json\/wp\/v2\/media?parent=709338"}],"wp:term":[{"taxonomy":"product_brand","embeddable":true,"href":"https:\/\/roveyayinevi.com.tr\/index.php\/wp-json\/wp\/v2\/product_brand?post=709338"},{"taxonomy":"product_cat","embeddable":true,"href":"https:\/\/roveyayinevi.com.tr\/index.php\/wp-json\/wp\/v2\/product_cat?post=709338"},{"taxonomy":"product_tag","embeddable":true,"href":"https:\/\/roveyayinevi.com.tr\/index.php\/wp-json\/wp\/v2\/product_tag?post=709338"}],"curies":[{"name":"wp","href":"https:\/\/api.w.org\/{rel}","templated":true}]}}