{"id":709336,"date":"2025-08-27T16:24:01","date_gmt":"2025-08-27T13:24:01","guid":{"rendered":"https:\/\/roveyayinevi.com.tr\/index.php\/urun\/advin-amazonda\/"},"modified":"2026-04-16T02:18:03","modified_gmt":"2026-04-15T23:18:03","slug":"advin-amazonda","status":"publish","type":"product","link":"https:\/\/roveyayinevi.com.tr\/index.php\/urun\/advin-amazonda\/","title":{"rendered":"Advin Amazon&#8217;da"},"content":{"rendered":"<p>\u0130lgin\u00e7 \u00dclkeler Dizisi 3. KitapAnnesiyle babas\u0131 antropolog olan Advin, do\u011fdu\u011fundan beri ailesiyle birlikte \u00e7ok farkl\u0131 \u00fclkelere gitmi\u015fti. \u00c7e\u015fitli yemekler yemi\u015f, de\u011fi\u015fik insanlar\u0131 ve k\u00fclt\u00fcrleri tan\u0131m\u0131\u015ft\u0131. E\u015fsiz g\u00fczellikteki yerleri gezmi\u015f, \u00e7ok \u015fey \u00f6\u011frenmi\u015fti. Bu maceralarda onu bir kapu\u00e7in maymunu olan Fora da hi\u00e7 yaln\u0131z b\u0131rakmam\u0131\u015ft\u0131. Advin ile Fora, Sahra \u00c7\u00f6l\u00fc ve Uganda\u2019daki maceralar\u0131n\u0131n ard\u0131ndan \u015fimdi de Brezilya\u2019da! Annesiyle babas\u0131 bir ara\u015ft\u0131rma i\u00e7in yurtd\u0131\u015f\u0131nda oldu\u011fundan Advin, teyzesi Ye\u015fim Han\u0131m\u2019\u0131n yan\u0131nda kalmaktad\u0131r. Advin, annesiyle babas\u0131ndan gelen bir mektuptan, okul kapand\u0131\u011f\u0131nda Amazon\u2019da onlarla bulu\u015facaklar\u0131n\u0131 \u00f6\u011frenir. Ye\u015fim Han\u0131m, Advin ve haylaz maymun Fora, saatler s\u00fcren ilgin\u00e7 bir yolculu\u011fun ard\u0131ndan Amazon\u2019a ula\u015f\u0131rlar. Ancak orada Ye\u015fim Han\u0131m\u2019\u0131 tats\u0131z bir s\u00fcrpriz beklemektedir. Advin ile Fora ortada yoklard\u0131r! <\/p>\n","protected":false},"excerpt":{"rendered":"<p>\u0130lgin\u00e7 \u00dclkeler Dizisi 3. KitapAnnesiyle babas\u0131 antropolog olan Advin, do\u011fdu\u011fundan beri ailesiyle birlikte \u00e7ok farkl\u0131 \u00fclkelere gitmi\u015fti. \u00c7e\u015fitli yemekler yemi\u015f, de\u011fi\u015fik insanlar\u0131 ve k\u00fclt\u00fcrleri tan\u0131m\u0131\u015ft\u0131. E\u015fsiz<span class=\"excerpt-hellip\"> [\u2026]<\/span><\/p>\n","protected":false},"featured_media":0,"template":"","meta":{"_monsterinsights_skip_tracking":false,"_monsterinsights_sitenote_active":false,"_monsterinsights_sitenote_note":"","_monsterinsights_sitenote_category":0},"product_brand":[],"product_cat":[12274,12284],"product_tag":[],"class_list":{"0":"post-709336","1":"product","2":"type-product","3":"status-publish","5":"product_cat-cocuk-ve-genclik-kitaplari","6":"product_cat-hikayeler","7":"pa_cilt-ciltsiz","8":"pa_tur-kitap","9":"pa_yayinevi-kirmizi-kedi-yayinevi","10":"pa_yazar-koray-avci-cakman","12":"first","13":"instock","14":"sale","15":"shipping-taxable","16":"purchasable","17":"product-type-simple"},"_links":{"self":[{"href":"https:\/\/roveyayinevi.com.tr\/index.php\/wp-json\/wp\/v2\/product\/709336","targetHints":{"allow":["GET"]}}],"collection":[{"href":"https:\/\/roveyayinevi.com.tr\/index.php\/wp-json\/wp\/v2\/product"}],"about":[{"href":"https:\/\/roveyayinevi.com.tr\/index.php\/wp-json\/wp\/v2\/types\/product"}],"wp:attachment":[{"href":"https:\/\/roveyayinevi.com.tr\/index.php\/wp-json\/wp\/v2\/media?parent=709336"}],"wp:term":[{"taxonomy":"product_brand","embeddable":true,"href":"https:\/\/roveyayinevi.com.tr\/index.php\/wp-json\/wp\/v2\/product_brand?post=709336"},{"taxonomy":"product_cat","embeddable":true,"href":"https:\/\/roveyayinevi.com.tr\/index.php\/wp-json\/wp\/v2\/product_cat?post=709336"},{"taxonomy":"product_tag","embeddable":true,"href":"https:\/\/roveyayinevi.com.tr\/index.php\/wp-json\/wp\/v2\/product_tag?post=709336"}],"curies":[{"name":"wp","href":"https:\/\/api.w.org\/{rel}","templated":true}]}}