{"id":709335,"date":"2025-08-27T16:24:01","date_gmt":"2025-08-27T13:24:01","guid":{"rendered":"https:\/\/roveyayinevi.com.tr\/index.php\/urun\/sosyalizm-dersleri\/"},"modified":"2026-04-16T02:18:03","modified_gmt":"2026-04-15T23:18:03","slug":"sosyalizm-dersleri","status":"publish","type":"product","link":"https:\/\/roveyayinevi.com.tr\/index.php\/urun\/sosyalizm-dersleri\/","title":{"rendered":"Sosyalizm Dersleri"},"content":{"rendered":"<p>Durkheim\u2019\u0131n sosyalizm \u00fczerine verdi\u011fi dersler sadece konu i\u00e7in de\u011fil ayn\u0131 zamanda sosyoloji kuram\u0131 i\u00e7in de d\u00f6n\u00fcm noktas\u0131 niteli\u011fi ta\u015f\u0131r. Sosyoloji tarihindeki en g\u00fc\u00e7l\u00fc isimlerden biri olan Durkheim, bu derslerle ayr\u0131ca Frans\u0131z sosyalizminin kurucusu Saint-Simon\u2019un d\u00fc\u015f\u00fcncelerinin kaynaklar\u0131na ve geli\u015fimine \u0131\u015f\u0131k tutar. <\/p>\n","protected":false},"excerpt":{"rendered":"<p>Durkheim\u2019\u0131n sosyalizm \u00fczerine verdi\u011fi dersler sadece konu i\u00e7in de\u011fil ayn\u0131 zamanda sosyoloji kuram\u0131 i\u00e7in de d\u00f6n\u00fcm noktas\u0131 niteli\u011fi ta\u015f\u0131r. Sosyoloji tarihindeki en g\u00fc\u00e7l\u00fc isimlerden biri olan<span class=\"excerpt-hellip\"> [\u2026]<\/span><\/p>\n","protected":false},"featured_media":0,"template":"","meta":{"_monsterinsights_skip_tracking":false,"_monsterinsights_sitenote_active":false,"_monsterinsights_sitenote_note":"","_monsterinsights_sitenote_category":0},"product_brand":[],"product_cat":[12835,12324],"product_tag":[],"class_list":{"0":"post-709335","1":"product","2":"type-product","3":"status-publish","5":"product_cat-genel-sosyoloji","6":"product_cat-sosyoloji","7":"pa_cilt-ciltsiz","8":"pa_tur-kitap","9":"pa_yayinevi-pinhan-yayincilik","10":"pa_yazar-emile-durkheim","12":"first","13":"instock","14":"sale","15":"shipping-taxable","16":"purchasable","17":"product-type-simple"},"_links":{"self":[{"href":"https:\/\/roveyayinevi.com.tr\/index.php\/wp-json\/wp\/v2\/product\/709335","targetHints":{"allow":["GET"]}}],"collection":[{"href":"https:\/\/roveyayinevi.com.tr\/index.php\/wp-json\/wp\/v2\/product"}],"about":[{"href":"https:\/\/roveyayinevi.com.tr\/index.php\/wp-json\/wp\/v2\/types\/product"}],"wp:attachment":[{"href":"https:\/\/roveyayinevi.com.tr\/index.php\/wp-json\/wp\/v2\/media?parent=709335"}],"wp:term":[{"taxonomy":"product_brand","embeddable":true,"href":"https:\/\/roveyayinevi.com.tr\/index.php\/wp-json\/wp\/v2\/product_brand?post=709335"},{"taxonomy":"product_cat","embeddable":true,"href":"https:\/\/roveyayinevi.com.tr\/index.php\/wp-json\/wp\/v2\/product_cat?post=709335"},{"taxonomy":"product_tag","embeddable":true,"href":"https:\/\/roveyayinevi.com.tr\/index.php\/wp-json\/wp\/v2\/product_tag?post=709335"}],"curies":[{"name":"wp","href":"https:\/\/api.w.org\/{rel}","templated":true}]}}