{"id":709333,"date":"2025-08-27T16:23:59","date_gmt":"2025-08-27T13:23:59","guid":{"rendered":"https:\/\/roveyayinevi.com.tr\/index.php\/urun\/babilde-olum-istanbulda-ask-midi-boy\/"},"modified":"2025-12-30T10:06:45","modified_gmt":"2025-12-30T07:06:45","slug":"babilde-olum-istanbulda-ask-midi-boy","status":"publish","type":"product","link":"https:\/\/roveyayinevi.com.tr\/index.php\/urun\/babilde-olum-istanbulda-ask-midi-boy\/","title":{"rendered":"Babil&#8217;de \u00d6l\u00fcm \u0130stanbul&#8217;da A\u015fk (Midi Boy)"},"content":{"rendered":"<p>G\u00f6k kubbenin alt\u0131nda insan\u0131n ruhunu soyan k\u00f6t\u00fcl\u00fckler ve giyindiren a\u015fklar ad\u0131na\u2026Do\u011fu ak ejder y\u0131l\u0131nda ba\u015flad\u0131 yirmi \u00fc\u00e7 bin y\u0131ll\u0131k gizem\u2026Uzay\u0131n sonsuzlu\u011funa a\u00e7\u0131lan kap\u0131y\u0131 ke\u015ffe \u00e7\u0131km\u0131\u015f bilge rahipler, u\u011fruna topluca can verdikleri bir s\u0131rr\u0131n, binlerce y\u0131l sonra, bir \u015fair taraf\u0131ndan a\u015fk\u0131n derin katmanlar\u0131na saklanarak korunaca\u011f\u0131n\u0131 bilselerdi\u2026Siru\u015f ba\u015fl\u0131kl\u0131 murassa han\u00e7erin kabzas\u0131na parmak izlerini b\u0131rakanlar, daha avu\u00e7lar\u0131n\u0131n s\u0131cakl\u0131\u011f\u0131 gitmeden han\u00e7er k\u0131n\u0131nda kan birikti\u011fini bilselerdi\u2026Ba\u011fdat, \u0130stanbul, Roma, Paris ve di\u011ferleri; k\u0131y\u0131lar\u0131na vuran yeni a\u015fk\u0131n, b\u00fct\u00fcn eski tarihlerini dolduracak yo\u011funlukta oldu\u011funu bilselerdi\u2026Bilgeler, katiller, asiller ve sevgililer; ellerinde tuttuklar\u0131 kitab\u0131n alev almaya haz\u0131r bir a\u015fk k\u00fcl\u00e7esine d\u00f6n\u00fc\u015fmek \u00fczere oldu\u011funu bilselerdi\u2026\u015eair, ipeksi dizeleri aras\u0131na hayaller gibi saklad\u0131\u011f\u0131 \u015fifrelerin hoyrat ellerde ihtirasla par\u00e7aland\u0131\u011f\u0131n\u0131, sonsuzluk \u015farab\u0131na kadeh yapt\u0131\u011f\u0131 gelincik yapraklar\u0131n\u0131n kinle da\u011f\u0131t\u0131ld\u0131\u011f\u0131n\u0131 bilseydi\u2026 Ve \u015fimdi kim bilebilir neler olaca\u011f\u0131n\u0131, Babil uyand\u0131\u011f\u0131 zaman?!.. <\/p>\n","protected":false},"excerpt":{"rendered":"<p>G\u00f6k kubbenin alt\u0131nda insan\u0131n ruhunu soyan k\u00f6t\u00fcl\u00fckler ve giyindiren a\u015fklar ad\u0131na\u2026Do\u011fu ak ejder y\u0131l\u0131nda ba\u015flad\u0131 yirmi \u00fc\u00e7 bin y\u0131ll\u0131k gizem\u2026Uzay\u0131n sonsuzlu\u011funa a\u00e7\u0131lan kap\u0131y\u0131 ke\u015ffe \u00e7\u0131km\u0131\u015f bilge<span class=\"excerpt-hellip\"> [\u2026]<\/span><\/p>\n","protected":false},"featured_media":0,"template":"","meta":{"_monsterinsights_skip_tracking":false,"_monsterinsights_sitenote_active":false,"_monsterinsights_sitenote_note":"","_monsterinsights_sitenote_category":0},"product_brand":[],"product_cat":[12291,12711],"product_tag":[],"class_list":{"0":"post-709333","1":"product","2":"type-product","3":"status-publish","5":"product_cat-edebiyat","6":"product_cat-roman-oyku","7":"pa_cilt-ciltsiz","8":"pa_tur-kitap","9":"pa_yayinevi-kapi-yayinlari","10":"pa_yazar-iskender-pala","12":"first","13":"instock","14":"sale","15":"shipping-taxable","16":"purchasable","17":"product-type-simple"},"_links":{"self":[{"href":"https:\/\/roveyayinevi.com.tr\/index.php\/wp-json\/wp\/v2\/product\/709333","targetHints":{"allow":["GET"]}}],"collection":[{"href":"https:\/\/roveyayinevi.com.tr\/index.php\/wp-json\/wp\/v2\/product"}],"about":[{"href":"https:\/\/roveyayinevi.com.tr\/index.php\/wp-json\/wp\/v2\/types\/product"}],"wp:attachment":[{"href":"https:\/\/roveyayinevi.com.tr\/index.php\/wp-json\/wp\/v2\/media?parent=709333"}],"wp:term":[{"taxonomy":"product_brand","embeddable":true,"href":"https:\/\/roveyayinevi.com.tr\/index.php\/wp-json\/wp\/v2\/product_brand?post=709333"},{"taxonomy":"product_cat","embeddable":true,"href":"https:\/\/roveyayinevi.com.tr\/index.php\/wp-json\/wp\/v2\/product_cat?post=709333"},{"taxonomy":"product_tag","embeddable":true,"href":"https:\/\/roveyayinevi.com.tr\/index.php\/wp-json\/wp\/v2\/product_tag?post=709333"}],"curies":[{"name":"wp","href":"https:\/\/api.w.org\/{rel}","templated":true}]}}