{"id":709332,"date":"2025-08-27T16:23:59","date_gmt":"2025-08-27T13:23:59","guid":{"rendered":"https:\/\/roveyayinevi.com.tr\/index.php\/urun\/korku-3\/"},"modified":"2026-04-16T02:18:02","modified_gmt":"2026-04-15T23:18:02","slug":"korku-3","status":"publish","type":"product","link":"https:\/\/roveyayinevi.com.tr\/index.php\/urun\/korku-3\/","title":{"rendered":"Korku"},"content":{"rendered":"<p>Korkunun kendisi ki\u015fiye bir ceza olarak yeter mi? Ruhu saran, kemiren bir korkuyla ya\u015famak nas\u0131l m\u00fcmk\u00fcn olabilir? Peki, bir korku, insan\u0131 bir k\u00f6pr\u00fcn\u00fcn, u\u00e7urumun kenar\u0131na getirip de \u201chadi atla\u201d dedi\u011finde, hayattaki yanl\u0131\u015flar\u0131n, hatalar\u0131n yol a\u00e7t\u0131\u011f\u0131 bir durum ki\u015fiyi ya\u015fam\u0131n kendisinden kopartacak bir noktaya getirdi\u011finde ger\u00e7ekte i\u00e7 d\u00fcnyada neler olup bitiyor? Zweig\u2019\u0131n novellas\u0131ndaki \u201cKorku\u201d belki de bu durumlardan birine i\u015faret ederken, burada bu duygu tam anlam\u0131yla ete kemi\u011fe b\u00fcr\u00fcn\u00fcr ve bu hissin bizatihi kendisi olur. Burjuva ya\u015fam\u0131n sa\u011flad\u0131\u011f\u0131 imk\u00e2nlarla, \u00e7ocuklar\u0131yla, mesle\u011finde olduk\u00e7a ba\u015far\u0131l\u0131 e\u015fiyle rahat ve mutlu bir ya\u015fam s\u00fcren bir kad\u0131n\u2026 G\u00f6r\u00fcn\u00fcrde imrenilecek bir hayat belki ama burjuva ya\u015fam tarz\u0131n\u0131n belli al\u0131\u015fkanl\u0131klar\u0131, sahtelikleri ve tekd\u00fczeliklerinden kurtulman\u0131n yolunu ba\u015fka \u015feylerde de\u011fil de \u00f6nemsiz bir g\u00f6n\u00fcl maceras\u0131nda arayan ve bu ili\u015fkisinden dolay\u0131 \u015fantaja maruz kalan bir kad\u0131n\u2026 \u015eimdi kap\u0131n\u0131n her \u00e7al\u0131n\u0131\u015f\u0131 bile onun i\u00e7in bir i\u015fkence. Acaba tekrar o eski ya\u015fam\u0131na, o g\u00fcvenli sulara d\u00f6nebilecek midir? \u0130nsan ruhunun, duygular\u0131n\u0131n u\u00e7 durumlardaki portrelerini vermekte son derece yetkin olan Zweig, bu kez u\u00e7urumun kenar\u0131ndaki bir kad\u0131n karakterin, Ir\u00e9ne\u2019nin \u00e7aresizli\u011finde, kemiklerine i\u015flemi\u015f korkusunda psikolojik gerilimin olduk\u00e7a sade, ince ve zarif bir anlat\u0131m\u0131n\u0131 sunmaktad\u0131r. \ufffcTan\u0131t\u0131m Metni<\/p>\n","protected":false},"excerpt":{"rendered":"<p>Korkunun kendisi ki\u015fiye bir ceza olarak yeter mi? Ruhu saran, kemiren bir korkuyla ya\u015famak nas\u0131l m\u00fcmk\u00fcn olabilir? Peki, bir korku, insan\u0131 bir k\u00f6pr\u00fcn\u00fcn, u\u00e7urumun kenar\u0131na getirip<span class=\"excerpt-hellip\"> [\u2026]<\/span><\/p>\n","protected":false},"featured_media":0,"template":"","meta":{"_monsterinsights_skip_tracking":false,"_monsterinsights_sitenote_active":false,"_monsterinsights_sitenote_note":"","_monsterinsights_sitenote_category":0},"product_brand":[],"product_cat":[12782,12291],"product_tag":[],"class_list":{"0":"post-709332","1":"product","2":"type-product","3":"status-publish","5":"product_cat-alman-edebiyati","6":"product_cat-edebiyat","7":"pa_cilt-ciltsiz","8":"pa_tur-kitap","9":"pa_yayinevi-dogu-bati-yayinlari","10":"pa_yazar-stefan-zweig","12":"first","13":"instock","14":"sale","15":"shipping-taxable","16":"purchasable","17":"product-type-simple"},"_links":{"self":[{"href":"https:\/\/roveyayinevi.com.tr\/index.php\/wp-json\/wp\/v2\/product\/709332","targetHints":{"allow":["GET"]}}],"collection":[{"href":"https:\/\/roveyayinevi.com.tr\/index.php\/wp-json\/wp\/v2\/product"}],"about":[{"href":"https:\/\/roveyayinevi.com.tr\/index.php\/wp-json\/wp\/v2\/types\/product"}],"wp:attachment":[{"href":"https:\/\/roveyayinevi.com.tr\/index.php\/wp-json\/wp\/v2\/media?parent=709332"}],"wp:term":[{"taxonomy":"product_brand","embeddable":true,"href":"https:\/\/roveyayinevi.com.tr\/index.php\/wp-json\/wp\/v2\/product_brand?post=709332"},{"taxonomy":"product_cat","embeddable":true,"href":"https:\/\/roveyayinevi.com.tr\/index.php\/wp-json\/wp\/v2\/product_cat?post=709332"},{"taxonomy":"product_tag","embeddable":true,"href":"https:\/\/roveyayinevi.com.tr\/index.php\/wp-json\/wp\/v2\/product_tag?post=709332"}],"curies":[{"name":"wp","href":"https:\/\/api.w.org\/{rel}","templated":true}]}}