{"id":709329,"date":"2025-08-27T16:23:57","date_gmt":"2025-08-27T13:23:57","guid":{"rendered":"https:\/\/roveyayinevi.com.tr\/index.php\/urun\/canavar-pesinde-serisi-45-korsan-kral-solucan-sacli-hekton\/"},"modified":"2026-04-13T02:22:37","modified_gmt":"2026-04-12T23:22:37","slug":"canavar-pesinde-serisi-45-korsan-kral-solucan-sacli-hekton","status":"publish","type":"product","link":"https:\/\/roveyayinevi.com.tr\/index.php\/urun\/canavar-pesinde-serisi-45-korsan-kral-solucan-sacli-hekton\/","title":{"rendered":"Canavar Pe\u015finde Serisi 45 &#8211; Korsan Kral (Solucan Sa\u00e7l\u0131 Hekton)"},"content":{"rendered":"<p>Tom ve arkada\u015flar\u0131, yeni bir k\u00f6t\u00fcl\u00fckle kar\u015f\u0131 kar\u015f\u0131ya\u2026Solucan Sa\u00e7l\u0131 Hekton, etrafa korku sal\u0131yor.Tom, Freya ile G\u00fcm\u00fc\u015f\u2019\u00fc Tavania\u2019dan kurtarabilmek i\u00e7in bu \u00fcrk\u00fct\u00fcc\u00fc canavar\u0131 yenmek zorunda\u2026 <\/p>\n","protected":false},"excerpt":{"rendered":"<p>Tom ve arkada\u015flar\u0131, yeni bir k\u00f6t\u00fcl\u00fckle kar\u015f\u0131 kar\u015f\u0131ya\u2026Solucan Sa\u00e7l\u0131 Hekton, etrafa korku sal\u0131yor.Tom, Freya ile G\u00fcm\u00fc\u015f\u2019\u00fc Tavania\u2019dan kurtarabilmek i\u00e7in bu \u00fcrk\u00fct\u00fcc\u00fc canavar\u0131 yenmek zorunda\u2026<\/p>\n","protected":false},"featured_media":0,"template":"","meta":{"_monsterinsights_skip_tracking":false,"_monsterinsights_sitenote_active":false,"_monsterinsights_sitenote_note":"","_monsterinsights_sitenote_category":0},"product_brand":[],"product_cat":[12274,12284],"product_tag":[],"class_list":{"0":"post-709329","1":"product","2":"type-product","3":"status-publish","5":"product_cat-cocuk-ve-genclik-kitaplari","6":"product_cat-hikayeler","7":"pa_cilt-ciltsiz","8":"pa_tur-kitap","9":"pa_yayinevi-beyaz-balina-yayinlari","10":"pa_yazar-adam-blade","12":"first","13":"instock","14":"sale","15":"shipping-taxable","16":"purchasable","17":"product-type-simple"},"_links":{"self":[{"href":"https:\/\/roveyayinevi.com.tr\/index.php\/wp-json\/wp\/v2\/product\/709329","targetHints":{"allow":["GET"]}}],"collection":[{"href":"https:\/\/roveyayinevi.com.tr\/index.php\/wp-json\/wp\/v2\/product"}],"about":[{"href":"https:\/\/roveyayinevi.com.tr\/index.php\/wp-json\/wp\/v2\/types\/product"}],"wp:attachment":[{"href":"https:\/\/roveyayinevi.com.tr\/index.php\/wp-json\/wp\/v2\/media?parent=709329"}],"wp:term":[{"taxonomy":"product_brand","embeddable":true,"href":"https:\/\/roveyayinevi.com.tr\/index.php\/wp-json\/wp\/v2\/product_brand?post=709329"},{"taxonomy":"product_cat","embeddable":true,"href":"https:\/\/roveyayinevi.com.tr\/index.php\/wp-json\/wp\/v2\/product_cat?post=709329"},{"taxonomy":"product_tag","embeddable":true,"href":"https:\/\/roveyayinevi.com.tr\/index.php\/wp-json\/wp\/v2\/product_tag?post=709329"}],"curies":[{"name":"wp","href":"https:\/\/api.w.org\/{rel}","templated":true}]}}