{"id":709323,"date":"2025-08-27T16:23:55","date_gmt":"2025-08-27T13:23:55","guid":{"rendered":"https:\/\/roveyayinevi.com.tr\/index.php\/urun\/kitap\/"},"modified":"2026-04-16T02:18:01","modified_gmt":"2026-04-15T23:18:01","slug":"kitap","status":"publish","type":"product","link":"https:\/\/roveyayinevi.com.tr\/index.php\/urun\/kitap\/","title":{"rendered":"Kitap"},"content":{"rendered":"<p>\u0130mzas\u0131z ve anlamland\u0131r\u0131lamayan bir mektup, hayati bir d\u00f6nemece varmak \u00fczere g\u00fcn sayan m\u00fcnzevi bir adam\u0131n t\u00fcm ger\u00e7ekli\u011fini nas\u0131l alt\u00fcst edebilir? Sinematografik \u00fcslubu ve okuru soluksuz b\u0131rakan kurgusuyla \u00e7a\u011fda\u015f Frans\u0131z edebiyat\u0131n\u0131n dikkat \u00e7eken yazarlar\u0131ndan Ren\u00e9 Belletto, yaln\u0131zl\u0131k, obsesyon, varolu\u015fsal s\u0131k\u0131nt\u0131lar ve ge\u00e7mi\u015fe dayal\u0131 travmalarla \u00f6r\u00fclen modern ya\u015famlar\u0131, endi\u015fe uyand\u0131ran detaylarla yoldan \u00e7\u0131kar\u0131yor. Kayg\u0131l\u0131 bir zihnin ve yaln\u0131zl\u0131ktan so\u011fumaya y\u00fcz tutmu\u015f bir kalbin oynayabilece\u011fi oyunlar\u0131n tutsa\u011f\u0131 haline gelmi\u015f bir adam\u0131 isimsiz ama adresi a\u00e7\u0131k bir kitab\u0131n pe\u015finden s\u00fcr\u00fckl\u00fcyor. Ger\u00e7eklikle sanr\u0131lar\u0131n birbirine kar\u0131\u015ft\u0131\u011f\u0131 zarif bir kara polisiye\u2026 <\/p>\n","protected":false},"excerpt":{"rendered":"<p>\u0130mzas\u0131z ve anlamland\u0131r\u0131lamayan bir mektup, hayati bir d\u00f6nemece varmak \u00fczere g\u00fcn sayan m\u00fcnzevi bir adam\u0131n t\u00fcm ger\u00e7ekli\u011fini nas\u0131l alt\u00fcst edebilir? Sinematografik \u00fcslubu ve okuru soluksuz b\u0131rakan<span class=\"excerpt-hellip\"> [\u2026]<\/span><\/p>\n","protected":false},"featured_media":0,"template":"","meta":{"_monsterinsights_skip_tracking":false,"_monsterinsights_sitenote_active":false,"_monsterinsights_sitenote_note":"","_monsterinsights_sitenote_category":0},"product_brand":[],"product_cat":[12291,12711],"product_tag":[],"class_list":{"0":"post-709323","1":"product","2":"type-product","3":"status-publish","5":"product_cat-edebiyat","6":"product_cat-roman-oyku","7":"pa_cilt-ciltsiz","8":"pa_tur-kitap","9":"pa_yayinevi-sel-yayincilik","10":"pa_yazar-rene-belletto","12":"first","13":"instock","14":"sale","15":"shipping-taxable","16":"purchasable","17":"product-type-simple"},"_links":{"self":[{"href":"https:\/\/roveyayinevi.com.tr\/index.php\/wp-json\/wp\/v2\/product\/709323","targetHints":{"allow":["GET"]}}],"collection":[{"href":"https:\/\/roveyayinevi.com.tr\/index.php\/wp-json\/wp\/v2\/product"}],"about":[{"href":"https:\/\/roveyayinevi.com.tr\/index.php\/wp-json\/wp\/v2\/types\/product"}],"wp:attachment":[{"href":"https:\/\/roveyayinevi.com.tr\/index.php\/wp-json\/wp\/v2\/media?parent=709323"}],"wp:term":[{"taxonomy":"product_brand","embeddable":true,"href":"https:\/\/roveyayinevi.com.tr\/index.php\/wp-json\/wp\/v2\/product_brand?post=709323"},{"taxonomy":"product_cat","embeddable":true,"href":"https:\/\/roveyayinevi.com.tr\/index.php\/wp-json\/wp\/v2\/product_cat?post=709323"},{"taxonomy":"product_tag","embeddable":true,"href":"https:\/\/roveyayinevi.com.tr\/index.php\/wp-json\/wp\/v2\/product_tag?post=709323"}],"curies":[{"name":"wp","href":"https:\/\/api.w.org\/{rel}","templated":true}]}}