{"id":709318,"date":"2025-08-27T16:23:52","date_gmt":"2025-08-27T13:23:52","guid":{"rendered":"https:\/\/roveyayinevi.com.tr\/index.php\/urun\/durust-yasam\/"},"modified":"2026-04-16T02:18:01","modified_gmt":"2026-04-15T23:18:01","slug":"durust-yasam","status":"publish","type":"product","link":"https:\/\/roveyayinevi.com.tr\/index.php\/urun\/durust-yasam\/","title":{"rendered":"D\u00fcr\u00fcst Ya\u015fam"},"content":{"rendered":"<p>D\u00dcNYADA SA\u011eLIKLI YA\u015eAM DEN\u0130LD\u0130\u011e\u0130NDE AKLA GELEN \u0130LK \u0130S\u0130MLERDEN OLAN JESS\u0130CA ALBA&#8217;NIN -D\u00dcR\u00dcST YA\u015eAM- K\u0130TABI GEOTURKA \u0130LE T\u00dcRK\u00c7EDE!Toksin ve zararl\u0131 kimyasallardan uzak bir ya\u015fam s\u00fcrmek m\u00fcmk\u00fcn m\u00fcSa\u011fl\u0131kl\u0131 beslenmek, g\u00fczel ve fit olmak, g\u00f6r\u00fcn\u00fc\u015f\u00fcn\u00fczle zamana meydan okumak, fiziksel \u00f6zelliklerinize g\u00f6re k\u0131yafet ve makyaj tarz\u0131 belirlemek, evinizi mutlu hissedece\u011finiz \u015fekilde dekore etmek, bebe\u011finiz ve e\u015finizle mutlu bir hayat s\u00fcrmek&#8230; \u00dcstelik t\u00fcm bunlar\u0131 yaparken toksinlerden uzak kalabilmek&#8230; Kula\u011fa inan\u0131lmaz geliyor de\u011fil mi?Sentetik tar\u0131m ila\u00e7lar\u0131 sebebiyle uzak durman\u0131z gereken sebze ve meyvelerin hangileri oldu\u011funu biliyor musunuz? Kad\u0131n tamponlar\u0131nda daha 1980&#8217;lerde yasaklanm\u0131\u015f olan \u00e7o\u011fu kimyasal\u0131n bebek bezlerinde h\u00e2l\u00e2 kullan\u0131ld\u0131\u011f\u0131n\u0131 biliyor muydunuz? \u00c7ocuklar\u0131n\u0131za sebze yedirmenin kolay yollar\u0131 nelerdir? Deodorant, g\u00f6z kalemi, rimel, ruj&#8230; Hangi \u00fcr\u00fcnlerde tamamen do\u011fal\u0131 se\u00e7meli, hangilerinde bir miktar kimyasala raz\u0131 olmal\u0131y\u0131z? Bebe\u011finiz ve \u00e7ocu\u011funuzun uyku d\u00fczeni ve zaman \u00e7izelgelerini nas\u0131l olu\u015fturabilirsiniz? \u2026 Ve hayat\u0131n\u0131z\u0131 de\u011fi\u015ftirecek daha bir\u00e7ok sorunun cevab\u0131 bu kitapta!D\u00fcnyada sa\u011fl\u0131kl\u0131 ya\u015fam denildi\u011finde akla gelen ilk isimlerden olan Jessica Alba, hayat\u0131n her y\u00f6n\u00fcne dokunan \u00f6nerileriyle fark\u0131ndal\u0131\u011f\u0131m\u0131z\u0131 art\u0131r\u0131yor ve ya\u015fant\u0131m\u0131zda s\u00fcrd\u00fcr\u00fclebilir de\u011fi\u015fiklikler yapmam\u0131z i\u00e7in, bug\u00fcne kadar edindi\u011fi bilgileri ve t\u00fcyolar\u0131 bizlerle payla\u015f\u0131yor <\/p>\n","protected":false},"excerpt":{"rendered":"<p>D\u00dcNYADA SA\u011eLIKLI YA\u015eAM DEN\u0130LD\u0130\u011e\u0130NDE AKLA GELEN \u0130LK \u0130S\u0130MLERDEN OLAN JESS\u0130CA ALBA&#8217;NIN -D\u00dcR\u00dcST YA\u015eAM- K\u0130TABI GEOTURKA \u0130LE T\u00dcRK\u00c7EDE!Toksin ve zararl\u0131 kimyasallardan uzak bir ya\u015fam s\u00fcrmek m\u00fcmk\u00fcn m\u00fcSa\u011fl\u0131kl\u0131<span class=\"excerpt-hellip\"> [\u2026]<\/span><\/p>\n","protected":false},"featured_media":0,"template":"","meta":{"_monsterinsights_skip_tracking":false,"_monsterinsights_sitenote_active":false,"_monsterinsights_sitenote_note":"","_monsterinsights_sitenote_category":0},"product_brand":[],"product_cat":[13402,13365],"product_tag":[],"class_list":{"0":"post-709318","1":"product","2":"type-product","3":"status-publish","5":"product_cat-beslenme-ve-diyet","6":"product_cat-saglik","7":"pa_cilt-ciltsiz","8":"pa_tur-kitap","9":"pa_yayinevi-geoturka-yayinevi","10":"pa_yazar-jessica-alba","12":"first","13":"instock","14":"sale","15":"shipping-taxable","16":"purchasable","17":"product-type-simple"},"_links":{"self":[{"href":"https:\/\/roveyayinevi.com.tr\/index.php\/wp-json\/wp\/v2\/product\/709318","targetHints":{"allow":["GET"]}}],"collection":[{"href":"https:\/\/roveyayinevi.com.tr\/index.php\/wp-json\/wp\/v2\/product"}],"about":[{"href":"https:\/\/roveyayinevi.com.tr\/index.php\/wp-json\/wp\/v2\/types\/product"}],"wp:attachment":[{"href":"https:\/\/roveyayinevi.com.tr\/index.php\/wp-json\/wp\/v2\/media?parent=709318"}],"wp:term":[{"taxonomy":"product_brand","embeddable":true,"href":"https:\/\/roveyayinevi.com.tr\/index.php\/wp-json\/wp\/v2\/product_brand?post=709318"},{"taxonomy":"product_cat","embeddable":true,"href":"https:\/\/roveyayinevi.com.tr\/index.php\/wp-json\/wp\/v2\/product_cat?post=709318"},{"taxonomy":"product_tag","embeddable":true,"href":"https:\/\/roveyayinevi.com.tr\/index.php\/wp-json\/wp\/v2\/product_tag?post=709318"}],"curies":[{"name":"wp","href":"https:\/\/api.w.org\/{rel}","templated":true}]}}