{"id":709317,"date":"2025-08-27T16:23:52","date_gmt":"2025-08-27T13:23:52","guid":{"rendered":"https:\/\/roveyayinevi.com.tr\/index.php\/urun\/cernobil-duasi\/"},"modified":"2026-04-16T02:18:01","modified_gmt":"2026-04-15T23:18:01","slug":"cernobil-duasi","status":"publish","type":"product","link":"https:\/\/roveyayinevi.com.tr\/index.php\/urun\/cernobil-duasi\/","title":{"rendered":"\u00c7ernobil Duas\u0131"},"content":{"rendered":"<p>2015 Nobel Edebiyat \u00d6d\u00fcl\u00fc\u2019n\u00fcn sahibi Svetlana Aleksiyevi\u00e7\u2019in b\u00fcy\u00fck eserlerinden \u00c7ernobil Duas\u0131, \u00c7ernobil N\u00fckleer Felaketi ve sonras\u0131nda ya\u015fananlara dair can ac\u0131t\u0131c\u0131 bir s\u00f6zl\u00fc tarih \u00e7al\u0131\u015fmas\u0131\u2026 \u0130sve\u00e7 Akademisi, Svetlana Aleksiyevi\u00e7\u2019e Nobel \u00d6d\u00fcl\u00fc verdi\u011finde yazar\u0131n \u201cyeni bir edebi t\u00fcr\u201d yaratt\u0131\u011f\u0131n\u0131 belirtmi\u015f, eserlerini de \u201cduygular\u0131n ve ruhun bir tarihi\u201d s\u00f6zc\u00fckleriyle betimlemi\u015fti. Aleksiyevi\u00e7 uzun bireysel monologlar\u0131 farkl\u0131 seslerin duyuldu\u011fu bir kolaja d\u00f6n\u00fc\u015ft\u00fcren \u00f6zg\u00fcn dok\u00fcmanter tarz\u0131yla, kendilerine nadiren konu\u015fma f\u0131rsat\u0131 verilen, ya\u015fant\u0131lar\u0131 da \u00e7o\u011fu zaman \u00fclkenin resmi tarihine kar\u0131\u015farak yitip giden sokaktaki insanlar\u0131n hik\u00e2yelerini kay\u0131t alt\u0131na al\u0131yor. \u00c7ernobil Duas\u0131\u2019nda Aleksiyevi\u00e7, 26 Nisan 1986\u2019da meydana gelen tarihin en feci n\u00fckleer reakt\u00f6r kazas\u0131n\u0131 oda\u011f\u0131na yerle\u015ftirerek trajediyi ya\u015fam\u0131\u015f insanlar\u0131n bireysel tan\u0131kl\u0131klar\u0131n\u0131 aktar\u0131yor. Masum yurtta\u015flardan itfaiye erlerine, Parti y\u00f6neticilerinden askerlere onlarca insan, anlatt\u0131klar\u0131 hik\u00e2yelerle halen ya\u015famakta olduklar\u0131 korku, \u00f6fke ve belirsizli\u011fi g\u00f6zler \u00f6n\u00fcne seriyor. Monolog bi\u00e7imindeki r\u00f6portajlardan olu\u015fan \u00c7ernobil Duas\u0131, duygusal g\u00fcc\u00fc ve d\u00fcr\u00fcstl\u00fc\u011f\u00fcyle hem unutulmaz bir s\u00f6zl\u00fc tarih \u00e7al\u0131\u015fmas\u0131 hem de almak isteyen i\u00e7in say\u0131s\u0131z ibretler bar\u0131nd\u0131r\u0131yor. \ufffcTan\u0131t\u0131m Metni<\/p>\n","protected":false},"excerpt":{"rendered":"<p>2015 Nobel Edebiyat \u00d6d\u00fcl\u00fc\u2019n\u00fcn sahibi Svetlana Aleksiyevi\u00e7\u2019in b\u00fcy\u00fck eserlerinden \u00c7ernobil Duas\u0131, \u00c7ernobil N\u00fckleer Felaketi ve sonras\u0131nda ya\u015fananlara dair can ac\u0131t\u0131c\u0131 bir s\u00f6zl\u00fc tarih \u00e7al\u0131\u015fmas\u0131\u2026 \u0130sve\u00e7 Akademisi,<span class=\"excerpt-hellip\"> [\u2026]<\/span><\/p>\n","protected":false},"featured_media":0,"template":"","meta":{"_monsterinsights_skip_tracking":false,"_monsterinsights_sitenote_active":false,"_monsterinsights_sitenote_note":"","_monsterinsights_sitenote_category":0},"product_brand":[],"product_cat":[13701,12291],"product_tag":[],"class_list":{"0":"post-709317","1":"product","2":"type-product","3":"status-publish","5":"product_cat-ani-mektup-gunluk","6":"product_cat-edebiyat","7":"pa_cilt-ciltsiz","8":"pa_tur-kitap","9":"pa_yayinevi-kafka-yayinevi","10":"pa_yazar-svetlana-aleksiyevic","12":"first","13":"instock","14":"sale","15":"shipping-taxable","16":"purchasable","17":"product-type-simple"},"_links":{"self":[{"href":"https:\/\/roveyayinevi.com.tr\/index.php\/wp-json\/wp\/v2\/product\/709317","targetHints":{"allow":["GET"]}}],"collection":[{"href":"https:\/\/roveyayinevi.com.tr\/index.php\/wp-json\/wp\/v2\/product"}],"about":[{"href":"https:\/\/roveyayinevi.com.tr\/index.php\/wp-json\/wp\/v2\/types\/product"}],"wp:attachment":[{"href":"https:\/\/roveyayinevi.com.tr\/index.php\/wp-json\/wp\/v2\/media?parent=709317"}],"wp:term":[{"taxonomy":"product_brand","embeddable":true,"href":"https:\/\/roveyayinevi.com.tr\/index.php\/wp-json\/wp\/v2\/product_brand?post=709317"},{"taxonomy":"product_cat","embeddable":true,"href":"https:\/\/roveyayinevi.com.tr\/index.php\/wp-json\/wp\/v2\/product_cat?post=709317"},{"taxonomy":"product_tag","embeddable":true,"href":"https:\/\/roveyayinevi.com.tr\/index.php\/wp-json\/wp\/v2\/product_tag?post=709317"}],"curies":[{"name":"wp","href":"https:\/\/api.w.org\/{rel}","templated":true}]}}