{"id":709316,"date":"2025-08-27T16:23:51","date_gmt":"2025-08-27T13:23:51","guid":{"rendered":"https:\/\/roveyayinevi.com.tr\/index.php\/urun\/suru\/"},"modified":"2026-04-16T02:18:01","modified_gmt":"2026-04-15T23:18:01","slug":"suru","status":"publish","type":"product","link":"https:\/\/roveyayinevi.com.tr\/index.php\/urun\/suru\/","title":{"rendered":"S\u00fcr\u00fc"},"content":{"rendered":"<p>1979\u2019da Locarno Film Festivali, Alt\u0131n Leopar J\u00fcri \u00d6zel \u00d6d\u00fcl\u00fc ve 1980\u2019de Alt\u0131n Portakal En \u0130yi Film \u00f6d\u00fcl\u00fc ba\u015fta olmak \u00fczere bir\u00e7ok \u00f6d\u00fcl\u00fcn sahibi olan S\u00fcr\u00fc filminin senaryosu tekrar okurlarla ve filmseverlerle bulu\u015fuyor.\u201c\u0130ster ho\u015fnut olunsun ister olunmas\u0131n, S\u00fcr\u00fc bir ger\u00e7ektir. Ve bu ger\u00e7ek ve bu ba\u015far\u0131, iyi bir hik\u00e2yenin, iyi bir senaryonun ve iyi bir \u00e7ekimin sonucu ortaya \u00e7\u0131km\u0131\u015ft\u0131r. Binlerce filmin \u00e7arp\u0131\u015ft\u0131\u011f\u0131 bir pazarda, kendi g\u00fcc\u00fc ile ayakta duramayan hi\u00e7bir filmin ya\u015fama \u015fans\u0131 yoktur. S\u00fcr\u00fc, kendi kavgas\u0131n\u0131 hi\u00e7bir kulis \u00e7al\u0131\u015fmas\u0131na ihtiya\u00e7 duymadan s\u00fcrd\u00fcren bir filmdir. B\u00fct\u00fcn d\u00fcnyan\u0131n sinema adamlar\u0131, esas olarak S\u00fcr\u00fc\u2019y\u00fc anlam\u0131\u015flard\u0131r\u2026\u201d- Y\u0131lmaz G\u00fcney <\/p>\n","protected":false},"excerpt":{"rendered":"<p>1979\u2019da Locarno Film Festivali, Alt\u0131n Leopar J\u00fcri \u00d6zel \u00d6d\u00fcl\u00fc ve 1980\u2019de Alt\u0131n Portakal En \u0130yi Film \u00f6d\u00fcl\u00fc ba\u015fta olmak \u00fczere bir\u00e7ok \u00f6d\u00fcl\u00fcn sahibi olan S\u00fcr\u00fc filminin<span class=\"excerpt-hellip\"> [\u2026]<\/span><\/p>\n","protected":false},"featured_media":0,"template":"","meta":{"_monsterinsights_skip_tracking":false,"_monsterinsights_sitenote_active":false,"_monsterinsights_sitenote_note":"","_monsterinsights_sitenote_category":0},"product_brand":[],"product_cat":[12291,12332],"product_tag":[],"class_list":{"0":"post-709316","1":"product","2":"type-product","3":"status-publish","5":"product_cat-edebiyat","6":"product_cat-senaryo","7":"pa_cilt-ciltsiz","8":"pa_tur-kitap","9":"pa_yayinevi-ithaki-yayinlari","10":"pa_yazar-yilmaz-guney","12":"first","13":"instock","14":"sale","15":"shipping-taxable","16":"purchasable","17":"product-type-simple"},"_links":{"self":[{"href":"https:\/\/roveyayinevi.com.tr\/index.php\/wp-json\/wp\/v2\/product\/709316","targetHints":{"allow":["GET"]}}],"collection":[{"href":"https:\/\/roveyayinevi.com.tr\/index.php\/wp-json\/wp\/v2\/product"}],"about":[{"href":"https:\/\/roveyayinevi.com.tr\/index.php\/wp-json\/wp\/v2\/types\/product"}],"wp:attachment":[{"href":"https:\/\/roveyayinevi.com.tr\/index.php\/wp-json\/wp\/v2\/media?parent=709316"}],"wp:term":[{"taxonomy":"product_brand","embeddable":true,"href":"https:\/\/roveyayinevi.com.tr\/index.php\/wp-json\/wp\/v2\/product_brand?post=709316"},{"taxonomy":"product_cat","embeddable":true,"href":"https:\/\/roveyayinevi.com.tr\/index.php\/wp-json\/wp\/v2\/product_cat?post=709316"},{"taxonomy":"product_tag","embeddable":true,"href":"https:\/\/roveyayinevi.com.tr\/index.php\/wp-json\/wp\/v2\/product_tag?post=709316"}],"curies":[{"name":"wp","href":"https:\/\/api.w.org\/{rel}","templated":true}]}}