{"id":709314,"date":"2025-08-27T16:23:50","date_gmt":"2025-08-27T13:23:50","guid":{"rendered":"https:\/\/roveyayinevi.com.tr\/index.php\/urun\/kuresel-para-oyunlari-ve-psiko-siber-savas\/"},"modified":"2026-04-14T02:22:46","modified_gmt":"2026-04-13T23:22:46","slug":"kuresel-para-oyunlari-ve-psiko-siber-savas","status":"publish","type":"product","link":"https:\/\/roveyayinevi.com.tr\/index.php\/urun\/kuresel-para-oyunlari-ve-psiko-siber-savas\/","title":{"rendered":"K\u00fcresel Para Oyunlar\u0131 ve Psiko &#8211; Siber Sava\u015f"},"content":{"rendered":"<p>K\u00fcresel se\u00e7kinlerin gizli \u201cpara oyunu\u201dnun de\u015fifresi ve g\u00f6zlerden ka\u00e7an b\u00fcy\u00fck siber sava\u015f\u0131n kodlar\u0131 bu kitab\u0131n sat\u0131r aralar\u0131nda&#8230; Asl\u0131nda bize g\u00f6sterilen \u00e7ok farkl\u0131 bir d\u00fcnyada ya\u015f\u0131yoruz. Gizli kap\u0131lar ard\u0131nda ve kimi zaman g\u00f6zlerimize baka baka b\u00fcy\u00fck finans ve para oyunlar\u0131 sergileniyor. Peki bu finans oyunlar\u0131 paran\u0131n kimlerin eline kolayca ge\u00e7mesine hizmet ediyor? D\u00fcnyada iki milyardan fazla insan a\u00e7l\u0131k s\u0131n\u0131r\u0131ndayken, say\u0131s\u0131 binleri bile bulmayan bir grup se\u00e7kin nas\u0131l t\u00fcm d\u00fcnyan\u0131n gelirine ve varl\u0131\u011f\u0131na sahip oluyor? Yoksa gizli \u201cpara oyunlar\u0131\u201d ve \u201cpsiko-siber sava\u015f\u201dla m\u0131? Elektronik Big Brother bizi nas\u0131l g\u00f6zetliyor? D\u00fc\u015f\u00fcnce polisi, sanal a\u011f \u00fczerinde \u201cpara oyunu ve siber sava\u015f\u201d i\u00e7in nas\u0131l g\u00f6rev ba\u015f\u0131nda? Yeni k\u00fcresel sava\u015flar nas\u0131l yap\u0131l\u0131yor? \u201cE\u011fitimli\u201d hacker\u2019lar, finans uzmanlar\u0131, m\u00fchendisler nas\u0131l askere d\u00f6n\u00fc\u015ft\u00fc? Gelece\u011fin meslekleri neler ve toplumlar hangi temeller \u00fczerine in\u015fa edilirse kazanacak? Para oyununun as\u0131l kazanan\u0131 kim? Halk m\u0131, yoksa k\u00fc\u00e7\u00fck bir grup se\u00e7kin mi? D\u00fcnyay\u0131 as\u0131l y\u00f6neten g\u00fc\u00e7 h\u00fck\u00fcmetler mi, yoksa \u015firketler mi? K\u00fcresel se\u00e7kin bir grup b\u00fct\u00fcn insanl\u0131\u011f\u0131n ya\u015fam\u0131n\u0131 \u201cpara oyunu-siber sava\u015fla\u201d nas\u0131l belirliyor? \u00dclkelerde \u00e7\u0131kar\u0131lan kaoslar asl\u0131nda kimlere hizmet ediyor? \u00dclkelere y\u00f6nelik siber sald\u0131r\u0131lar neden yap\u0131l\u0131yor? Yoksa siber sald\u0131r\u0131 para oyununun bir sava\u015f takti\u011fi mi? T\u00fcrkiye\u2019de 2014 y\u0131l\u0131n\u0131n kas\u0131m ay\u0131nda ya\u015fanan elektrik kesintisinin as\u0131l nedeni neydi? T\u00fcrkiye bir siber sald\u0131r\u0131n\u0131n kurban\u0131 m\u0131yd\u0131? <\/p>\n","protected":false},"excerpt":{"rendered":"<p>K\u00fcresel se\u00e7kinlerin gizli \u201cpara oyunu\u201dnun de\u015fifresi ve g\u00f6zlerden ka\u00e7an b\u00fcy\u00fck siber sava\u015f\u0131n kodlar\u0131 bu kitab\u0131n sat\u0131r aralar\u0131nda&#8230; Asl\u0131nda bize g\u00f6sterilen \u00e7ok farkl\u0131 bir d\u00fcnyada ya\u015f\u0131yoruz. Gizli<span class=\"excerpt-hellip\"> [\u2026]<\/span><\/p>\n","protected":false},"featured_media":0,"template":"","meta":{"_monsterinsights_skip_tracking":false,"_monsterinsights_sitenote_active":false,"_monsterinsights_sitenote_note":"","_monsterinsights_sitenote_category":0},"product_brand":[],"product_cat":[14841,13043],"product_tag":[],"class_list":{"0":"post-709314","1":"product","2":"type-product","3":"status-publish","5":"product_cat-arastirma-inceleme-kuram","6":"product_cat-ekonomi","7":"pa_cilt-ciltsiz","8":"pa_tur-kitap","9":"pa_yayinevi-destek-yayinlari","10":"pa_yazar-ramazan-kurtoglu","12":"first","13":"instock","14":"sale","15":"shipping-taxable","16":"purchasable","17":"product-type-simple"},"_links":{"self":[{"href":"https:\/\/roveyayinevi.com.tr\/index.php\/wp-json\/wp\/v2\/product\/709314","targetHints":{"allow":["GET"]}}],"collection":[{"href":"https:\/\/roveyayinevi.com.tr\/index.php\/wp-json\/wp\/v2\/product"}],"about":[{"href":"https:\/\/roveyayinevi.com.tr\/index.php\/wp-json\/wp\/v2\/types\/product"}],"wp:attachment":[{"href":"https:\/\/roveyayinevi.com.tr\/index.php\/wp-json\/wp\/v2\/media?parent=709314"}],"wp:term":[{"taxonomy":"product_brand","embeddable":true,"href":"https:\/\/roveyayinevi.com.tr\/index.php\/wp-json\/wp\/v2\/product_brand?post=709314"},{"taxonomy":"product_cat","embeddable":true,"href":"https:\/\/roveyayinevi.com.tr\/index.php\/wp-json\/wp\/v2\/product_cat?post=709314"},{"taxonomy":"product_tag","embeddable":true,"href":"https:\/\/roveyayinevi.com.tr\/index.php\/wp-json\/wp\/v2\/product_tag?post=709314"}],"curies":[{"name":"wp","href":"https:\/\/api.w.org\/{rel}","templated":true}]}}