{"id":709312,"date":"2025-08-27T16:23:49","date_gmt":"2025-08-27T13:23:49","guid":{"rendered":"https:\/\/roveyayinevi.com.tr\/index.php\/urun\/her-yonuyle-almanca-ilgecler\/"},"modified":"2026-04-16T02:18:01","modified_gmt":"2026-04-15T23:18:01","slug":"her-yonuyle-almanca-ilgecler","status":"publish","type":"product","link":"https:\/\/roveyayinevi.com.tr\/index.php\/urun\/her-yonuyle-almanca-ilgecler\/","title":{"rendered":"Her Y\u00f6n\u00fcyle Almanca (\u0130lge\u00e7ler)"},"content":{"rendered":"<p>Pr\u00e4position\u2019lar Almancay\u0131 \u00f6\u011frenirken en \u00f6nemli ve karma\u015f\u0131k konular\u0131n ba\u015f\u0131nda gelir, zira bunlar\u0131 \u00f6\u011frenmeden ve kullanmas\u0131n\u0131 bilmeden Almancay\u0131 \u00f6\u011frenmek ya da Almanca konu\u015fmak m\u00fcmk\u00fcn de\u011fildir. Ancak ne yaz\u0131k ki, Almanya\u2019da ya da T\u00fcrkiye\u2019de, Pr\u00e4position\u2019lara ili\u015fkin tatmin edici bir kitap yoktur. Almanya\u2019da bulunan kitaplar ise maalesef b\u00fct\u00fcn Pr\u00e4position\u2019lar\u0131 her y\u00f6n\u00fcyle ele almamaktad\u0131r. Dolay\u0131s\u0131yla tatmin edici de\u011fildir.Bu kitapta hemen hemen b\u00fct\u00fcn Pr\u00e4position\u2019lar, m\u00fcmk\u00fcn oldu\u011fu kadar her a\u00e7\u0131dan ele al\u0131nmaktad\u0131r. Hepsi anlamlar\u0131na, kullan\u0131m alanlar\u0131na ve \u015fekillerine g\u00f6re grupland\u0131r\u0131larak verilmektedir. Hatta ba\u015fka s\u00f6zc\u00fck t\u00fcrlerinde ge\u00e7en Pr\u00e4position\u2019lar bile ele al\u0131nmaktad\u0131r. B\u00fct\u00fcn bu \u00f6zellikleri ile \u015fimdiye kadar bu alanda yaz\u0131lan en geni\u015f kapsaml\u0131 ilk ve tek kitap oldu.Kitaptan Almanca \u00f6\u011frenen ya da ilgi duyan herkes yararlanabilir. \u00d6rne\u011fin yabanc\u0131 dil s\u0131navlar\u0131 ba\u015fta olmak \u00fczere, Almanca s\u0131navlar\u0131na giren b\u00fct\u00fcn ortaokul ve lise \u00f6\u011frencileri, Almancayla ilgili b\u00f6l\u00fcmlerde \u00f6\u011frenim g\u00f6ren \u00f6\u011frenciler, ders veren \u00f6\u011fretmenler, resmi dille ya da hukuk diliyle u\u011fra\u015fanlar veya ilgilenenler, kendi kendine Almanca \u00f6\u011frenmek isteyen merakl\u0131lar ile bilgilerini derinle\u015ftirmek isteyen herkes bu kitaptan yararlanabilir. <\/p>\n","protected":false},"excerpt":{"rendered":"<p>Pr\u00e4position\u2019lar Almancay\u0131 \u00f6\u011frenirken en \u00f6nemli ve karma\u015f\u0131k konular\u0131n ba\u015f\u0131nda gelir, zira bunlar\u0131 \u00f6\u011frenmeden ve kullanmas\u0131n\u0131 bilmeden Almancay\u0131 \u00f6\u011frenmek ya da Almanca konu\u015fmak m\u00fcmk\u00fcn de\u011fildir. Ancak ne<span class=\"excerpt-hellip\"> [\u2026]<\/span><\/p>\n","protected":false},"featured_media":0,"template":"","meta":{"_monsterinsights_skip_tracking":false,"_monsterinsights_sitenote_active":false,"_monsterinsights_sitenote_note":"","_monsterinsights_sitenote_category":0},"product_brand":[],"product_cat":[14597,12566],"product_tag":[],"class_list":{"0":"post-709312","1":"product","2":"type-product","3":"status-publish","5":"product_cat-dil-ogrenimi","6":"product_cat-egitim","7":"pa_cilt-ciltsiz","8":"pa_tur-kitap","9":"pa_yayinevi-nika-yayinevi","10":"pa_yazar-dursun-zengin","12":"first","13":"instock","14":"sale","15":"shipping-taxable","16":"purchasable","17":"product-type-simple"},"_links":{"self":[{"href":"https:\/\/roveyayinevi.com.tr\/index.php\/wp-json\/wp\/v2\/product\/709312","targetHints":{"allow":["GET"]}}],"collection":[{"href":"https:\/\/roveyayinevi.com.tr\/index.php\/wp-json\/wp\/v2\/product"}],"about":[{"href":"https:\/\/roveyayinevi.com.tr\/index.php\/wp-json\/wp\/v2\/types\/product"}],"wp:attachment":[{"href":"https:\/\/roveyayinevi.com.tr\/index.php\/wp-json\/wp\/v2\/media?parent=709312"}],"wp:term":[{"taxonomy":"product_brand","embeddable":true,"href":"https:\/\/roveyayinevi.com.tr\/index.php\/wp-json\/wp\/v2\/product_brand?post=709312"},{"taxonomy":"product_cat","embeddable":true,"href":"https:\/\/roveyayinevi.com.tr\/index.php\/wp-json\/wp\/v2\/product_cat?post=709312"},{"taxonomy":"product_tag","embeddable":true,"href":"https:\/\/roveyayinevi.com.tr\/index.php\/wp-json\/wp\/v2\/product_tag?post=709312"}],"curies":[{"name":"wp","href":"https:\/\/api.w.org\/{rel}","templated":true}]}}