{"id":709311,"date":"2025-08-27T16:23:49","date_gmt":"2025-08-27T13:23:49","guid":{"rendered":"https:\/\/roveyayinevi.com.tr\/index.php\/urun\/bir-postmodernist-icin-postmortem\/"},"modified":"2026-04-16T02:18:01","modified_gmt":"2026-04-15T23:18:01","slug":"bir-postmodernist-icin-postmortem","status":"publish","type":"product","link":"https:\/\/roveyayinevi.com.tr\/index.php\/urun\/bir-postmodernist-icin-postmortem\/","title":{"rendered":"Bir Postmodernist \u0130\u00e7in Postmortem"},"content":{"rendered":"<p>\u201cDurkheim \u00d6ld\u00fc\u201dn\u00fcn yazar\u0131 Arthur Asa Berger\u2019le yeni bir cinayeti \u00e7\u00f6zmeye haz\u0131r m\u0131s\u0131n\u0131z? \u00dcnl\u00fc postmodern kuramc\u0131 Ettore Gnocchi, evinde verdi\u011fi bir ak\u015fam yeme\u011fi esnas\u0131nda \u00f6ld\u00fcr\u00fcl\u00fcr. Konuklar\u0131ndan hangisi onu zehirlemi\u015f, b\u0131\u00e7aklam\u0131\u015f veya vurmu\u015f olabilir? Aldatm\u0131\u015f olabilece\u011fi e\u015fi Shoshana TelAviv mi? Gnocchi\u2019yi fikirlerini \u00e7almakla su\u00e7layan Rus dilbilimci Slavomir Propp mu? Muhtemelen Shoshana ile ili\u015fki ya\u015fayan Alain Fess mi? Gnocchi\u2019nin metresi oldu\u011fu s\u00f6ylenen g\u00fczel y\u00fcksek lisans \u00f6\u011frencisi Myra Prail mi? Fazla masum g\u00f6r\u00fcnen \u0130ngiliz romanc\u0131 Basil Constant m\u0131 yoksa? Ya da Gnocchi\u2019den nefret eden eski \u00f6\u011frencisi Miyako Fuji mi? Gnocchi\u2019yi hangisinin \u00f6ld\u00fcrd\u00fc\u011f\u00fcn\u00fc bulmak i\u00e7in Dedektif Solomon Hunter\u2019\u0131n \u00f6ncelikle postmodernizmi ke\u015ffetmesi gerekiyor. Postmodernizm nedir? Baudrillard, Foucault, Habermas kimdir ve bu insanlar neler d\u00fc\u015f\u00fcnm\u00fc\u015ft\u00fcr? Ayr\u0131ca t\u00fcm bunlar\u0131n \u00f6nemi nedir? Ettore Gnocchi\u2019yi kimin \u00f6ld\u00fcrd\u00fc\u011f\u00fcn\u00fc bulmak art\u0131k sizin elinizde <\/p>\n","protected":false},"excerpt":{"rendered":"<p>\u201cDurkheim \u00d6ld\u00fc\u201dn\u00fcn yazar\u0131 Arthur Asa Berger\u2019le yeni bir cinayeti \u00e7\u00f6zmeye haz\u0131r m\u0131s\u0131n\u0131z? \u00dcnl\u00fc postmodern kuramc\u0131 Ettore Gnocchi, evinde verdi\u011fi bir ak\u015fam yeme\u011fi esnas\u0131nda \u00f6ld\u00fcr\u00fcl\u00fcr. Konuklar\u0131ndan hangisi<span class=\"excerpt-hellip\"> [\u2026]<\/span><\/p>\n","protected":false},"featured_media":0,"template":"","meta":{"_monsterinsights_skip_tracking":false,"_monsterinsights_sitenote_active":false,"_monsterinsights_sitenote_note":"","_monsterinsights_sitenote_category":0},"product_brand":[],"product_cat":[12388,13555],"product_tag":[],"class_list":{"0":"post-709311","1":"product","2":"type-product","3":"status-publish","5":"product_cat-felsefe","6":"product_cat-genel-felsefe","7":"pa_cilt-ciltsiz","8":"pa_tur-kitap","9":"pa_yayinevi-heretik-yayincilik","10":"pa_yazar-arthur-asa-berger","12":"first","13":"instock","14":"sale","15":"shipping-taxable","16":"purchasable","17":"product-type-simple"},"_links":{"self":[{"href":"https:\/\/roveyayinevi.com.tr\/index.php\/wp-json\/wp\/v2\/product\/709311","targetHints":{"allow":["GET"]}}],"collection":[{"href":"https:\/\/roveyayinevi.com.tr\/index.php\/wp-json\/wp\/v2\/product"}],"about":[{"href":"https:\/\/roveyayinevi.com.tr\/index.php\/wp-json\/wp\/v2\/types\/product"}],"wp:attachment":[{"href":"https:\/\/roveyayinevi.com.tr\/index.php\/wp-json\/wp\/v2\/media?parent=709311"}],"wp:term":[{"taxonomy":"product_brand","embeddable":true,"href":"https:\/\/roveyayinevi.com.tr\/index.php\/wp-json\/wp\/v2\/product_brand?post=709311"},{"taxonomy":"product_cat","embeddable":true,"href":"https:\/\/roveyayinevi.com.tr\/index.php\/wp-json\/wp\/v2\/product_cat?post=709311"},{"taxonomy":"product_tag","embeddable":true,"href":"https:\/\/roveyayinevi.com.tr\/index.php\/wp-json\/wp\/v2\/product_tag?post=709311"}],"curies":[{"name":"wp","href":"https:\/\/api.w.org\/{rel}","templated":true}]}}