{"id":709310,"date":"2025-08-27T16:23:48","date_gmt":"2025-08-27T13:23:48","guid":{"rendered":"https:\/\/roveyayinevi.com.tr\/index.php\/urun\/murdum\/"},"modified":"2026-04-16T02:18:01","modified_gmt":"2026-04-15T23:18:01","slug":"murdum","status":"publish","type":"product","link":"https:\/\/roveyayinevi.com.tr\/index.php\/urun\/murdum\/","title":{"rendered":"M\u00fcrd\u00fcm"},"content":{"rendered":"<p>Az kals\u0131n unutacakt\u0131m. Bir iste\u011fim daha var, yapar m\u0131s\u0131n\u0131z? Ne demek dedecim! Yeni yurdunuzun ad\u0131n\u0131 \u2018Ergenekon\u2019 koyun. O da benim hat\u0131ram olsun. Her \u015fey senin hat\u0131ran dede\u2026 \u015eunu da al evlad\u0131m. Can\u0131n \u00e7ektik\u00e7e yersin. Ne var o torbada? M\u00fcrd\u00fcm eri\u011fi. Gitti\u011finiz yerde yok\u2026Genel T\u00fcrk Tarihi ara\u015ft\u0131rmalar\u0131n\u0131n yetkin ismi Prof. Dr. Osman Karatay, akademisyen kimli\u011finden s\u0131yr\u0131larak, okuyucular\u0131 Ergenekon\u2019dan da \u00f6ncesine g\u00f6t\u00fcr\u00fcyor. Y\u0131llard\u0131r T\u00fcrk tarihinin temas edilmekten en fazla \u00e7ekinilen, en \u00e7etrefilli meseleleri hakk\u0131nda kalem oynatan ve yazd\u0131\u011f\u0131 eserler sadece tarih\u00e7iler ve ara\u015ft\u0131rmac\u0131lar taraf\u0131ndan de\u011fil, genel okuyucu kitlesince de be\u011fenilerek takip edilen Osman Karatay, edebiyat sahas\u0131nda da e\u015fine pek rastlanmayan bir \u00fcsl\u00fbp ve teknikle, sadece diyaloglardan olu\u015fan T\u00fcrk edebiyat\u0131n\u0131n en s\u0131ra d\u0131\u015f\u0131 romanlar\u0131ndan birine imza at\u0131yor. \u201cT\u00fcrkleri Ergenekon\u2019a \u00e7ekilmeye zorlayan \u015fey neydi? Ergenekon\u2019a ge\u00e7ilmeden \u00f6nce neler ya\u015fand\u0131? Ni\u00e7in Ergenekon?\u201d gibi sorulara, hayal d\u00fcnyam\u0131z\u0131n derinliklerine i\u015fleyecek bir kurguyla cevap veriyor Osman Karatay. <\/p>\n","protected":false},"excerpt":{"rendered":"<p>Az kals\u0131n unutacakt\u0131m. Bir iste\u011fim daha var, yapar m\u0131s\u0131n\u0131z? Ne demek dedecim! Yeni yurdunuzun ad\u0131n\u0131 \u2018Ergenekon\u2019 koyun. O da benim hat\u0131ram olsun. Her \u015fey senin hat\u0131ran<span class=\"excerpt-hellip\"> [\u2026]<\/span><\/p>\n","protected":false},"featured_media":0,"template":"","meta":{"_monsterinsights_skip_tracking":false,"_monsterinsights_sitenote_active":false,"_monsterinsights_sitenote_note":"","_monsterinsights_sitenote_category":0},"product_brand":[],"product_cat":[12291,12745],"product_tag":[],"class_list":{"0":"post-709310","1":"product","2":"type-product","3":"status-publish","5":"product_cat-edebiyat","6":"product_cat-tarihi-roman","7":"pa_cilt-ciltsiz","8":"pa_tur-kitap","9":"pa_yayinevi-otuken-nesriyat","10":"pa_yazar-osman-karatay","12":"first","13":"instock","14":"sale","15":"shipping-taxable","16":"purchasable","17":"product-type-simple"},"_links":{"self":[{"href":"https:\/\/roveyayinevi.com.tr\/index.php\/wp-json\/wp\/v2\/product\/709310","targetHints":{"allow":["GET"]}}],"collection":[{"href":"https:\/\/roveyayinevi.com.tr\/index.php\/wp-json\/wp\/v2\/product"}],"about":[{"href":"https:\/\/roveyayinevi.com.tr\/index.php\/wp-json\/wp\/v2\/types\/product"}],"wp:attachment":[{"href":"https:\/\/roveyayinevi.com.tr\/index.php\/wp-json\/wp\/v2\/media?parent=709310"}],"wp:term":[{"taxonomy":"product_brand","embeddable":true,"href":"https:\/\/roveyayinevi.com.tr\/index.php\/wp-json\/wp\/v2\/product_brand?post=709310"},{"taxonomy":"product_cat","embeddable":true,"href":"https:\/\/roveyayinevi.com.tr\/index.php\/wp-json\/wp\/v2\/product_cat?post=709310"},{"taxonomy":"product_tag","embeddable":true,"href":"https:\/\/roveyayinevi.com.tr\/index.php\/wp-json\/wp\/v2\/product_tag?post=709310"}],"curies":[{"name":"wp","href":"https:\/\/api.w.org\/{rel}","templated":true}]}}