{"id":709306,"date":"2025-08-27T16:23:46","date_gmt":"2025-08-27T13:23:46","guid":{"rendered":"https:\/\/roveyayinevi.com.tr\/index.php\/urun\/ayrilikci-kurtlerin-musalla-tasi-pkk\/"},"modified":"2026-04-16T02:18:01","modified_gmt":"2026-04-15T23:18:01","slug":"ayrilikci-kurtlerin-musalla-tasi-pkk","status":"publish","type":"product","link":"https:\/\/roveyayinevi.com.tr\/index.php\/urun\/ayrilikci-kurtlerin-musalla-tasi-pkk\/","title":{"rendered":"Ayr\u0131l\u0131k\u00e7\u0131 K\u00fcrtlerin Musalla Ta\u015f\u0131: PKK"},"content":{"rendered":"<p>Genelkurmay Ba\u015fkanl\u0131\u011f\u0131 ve K.K.K.l\u0131\u011f\u0131 Kararg\u00e2h\u0131nda ter\u00f6rle m\u00fccadele faaliyetlerinin planlanmas\u0131, koordinasyonu ve de\u011ferlendirilmesinde stratejik seviyede y\u0131llarca g\u00f6rev yapan, ter\u00f6rle m\u00fccadeleye bizzat kat\u0131lm\u0131\u015f ve Ter\u00f6rist ba\u015f\u0131 \u00d6*calan\u2019\u0131n \u0130mral\u0131 Adas\u0131\u2019ndaki muhafaza-koordinasyon faaliyetlerinin y\u00fcr\u00fct\u00fclmesi ve takibinde harek\u00e2t merkezi amirli\u011fi g\u00f6revinde bulunmu\u015f bir emekli subay olan \u00dcnal Atabay; \u201cAyr\u0131l\u0131k\u00e7\u0131 K\u00fcrtlerin Musalla Ta\u015f\u0131 P KK\u201d kitab\u0131nda; P KK ter\u00f6r\u00fcn\u00fc ba\u015f\u0131ndan gelinen noktaya kadar \u00e7ok de\u011fi\u015fik boyutlar\u0131yla inceleyerek ter\u00f6r\u00fcn sona erdirilmesine ili\u015fkin engin tecr\u00fcbelerini sizlerle payla\u015f\u0131yor. \u00dcnal Atabay, kitab\u0131nda bir\u00e7ok sorunun ve merak edilen konunun cevaplar\u0131n\u0131 veriyor, derinlemesine inceleme ve analizler yap\u0131yor, bu analizlerini verilerle ve belgelerle destekliyor. Devletin Ter\u00f6r Tan\u0131m\u0131 nedir? \u0130syan m\u0131? Ter\u00f6r m\u00fc? P KK\u2019n\u0131n S\u00f6zde Ate\u015fkes Oyunlar\u0131\u2026 Devlet-P KK G\u00f6r\u00fc\u015fmeleri ve bu g\u00f6r\u00fc\u015fmelerden ne \u00e7\u0131kar? P KK, G\u00f6r\u00fc\u015fmelerle Me\u015fruiyet Kazanmak \u0130stemi\u015ftir\u2026 Ter\u00f6rist Ba\u015f\u0131 \u00d6*calan\u2019\u0131n \u00c7al\u0131nt\u0131 \u201cDevletsiz Y\u00f6netim Modeli\u201d Kalk\u0131nma Ajanslar\u0131ndan Yerel \u0130darelere \/ \u00d6zerkli\u011fe\u2026 T\u00fcrk-K\u00fcrt Kavgas\u0131ndan Ermenistan Kazan\u00e7l\u0131 \u00c7\u0131kacak\u2026 P KK ile Kol Kola Rum-Pontus\u2026 \u00d6*calan Neden T\u00fcrkiye\u2019ye Teslim Edildi? \u00c7\u00f6z\u00fcme dair\u2026 Ve daha bir \u00e7ok merak edilen soru bu kitapta cevab\u0131n\u0131 buluyor\u2026 \u0130yi okumalar diliyoruz\u2026 <\/p>\n","protected":false},"excerpt":{"rendered":"<p>Genelkurmay Ba\u015fkanl\u0131\u011f\u0131 ve K.K.K.l\u0131\u011f\u0131 Kararg\u00e2h\u0131nda ter\u00f6rle m\u00fccadele faaliyetlerinin planlanmas\u0131, koordinasyonu ve de\u011ferlendirilmesinde stratejik seviyede y\u0131llarca g\u00f6rev yapan, ter\u00f6rle m\u00fccadeleye bizzat kat\u0131lm\u0131\u015f ve Ter\u00f6rist ba\u015f\u0131 \u00d6*calan\u2019\u0131n \u0130mral\u0131<span class=\"excerpt-hellip\"> [\u2026]<\/span><\/p>\n","protected":false},"featured_media":0,"template":"","meta":{"_monsterinsights_skip_tracking":false,"_monsterinsights_sitenote_active":false,"_monsterinsights_sitenote_note":"","_monsterinsights_sitenote_category":0},"product_brand":[],"product_cat":[12337,14543],"product_tag":[],"class_list":{"0":"post-709306","1":"product","2":"type-product","3":"status-publish","5":"product_cat-politika-siyaset","6":"product_cat-turkiye-siyaseti-ve-politikasi","7":"pa_cilt-ciltsiz","8":"pa_tur-kitap","9":"pa_yayinevi-alibi-yayincilik","10":"pa_yazar-unal-atabay","12":"first","13":"instock","14":"sale","15":"shipping-taxable","16":"purchasable","17":"product-type-simple"},"_links":{"self":[{"href":"https:\/\/roveyayinevi.com.tr\/index.php\/wp-json\/wp\/v2\/product\/709306","targetHints":{"allow":["GET"]}}],"collection":[{"href":"https:\/\/roveyayinevi.com.tr\/index.php\/wp-json\/wp\/v2\/product"}],"about":[{"href":"https:\/\/roveyayinevi.com.tr\/index.php\/wp-json\/wp\/v2\/types\/product"}],"wp:attachment":[{"href":"https:\/\/roveyayinevi.com.tr\/index.php\/wp-json\/wp\/v2\/media?parent=709306"}],"wp:term":[{"taxonomy":"product_brand","embeddable":true,"href":"https:\/\/roveyayinevi.com.tr\/index.php\/wp-json\/wp\/v2\/product_brand?post=709306"},{"taxonomy":"product_cat","embeddable":true,"href":"https:\/\/roveyayinevi.com.tr\/index.php\/wp-json\/wp\/v2\/product_cat?post=709306"},{"taxonomy":"product_tag","embeddable":true,"href":"https:\/\/roveyayinevi.com.tr\/index.php\/wp-json\/wp\/v2\/product_tag?post=709306"}],"curies":[{"name":"wp","href":"https:\/\/api.w.org\/{rel}","templated":true}]}}